{"id":56016,"date":"2023-08-20T07:42:52","date_gmt":"2023-08-20T07:42:52","guid":{"rendered":"https:\/\/hihc.de\/?page_id=56016"},"modified":"2023-08-20T08:36:01","modified_gmt":"2023-08-20T08:36:01","slug":"%e6%88%bf%e4%ba%a7%e9%81%97%e4%ba%a7%ef%bc%9a%e7%bb%99%e6%9c%aa%e6%9d%a5%e7%9a%84%e7%bb%a7%e6%89%bf%e8%80%85%e7%9a%84%e5%ae%9d%e8%b4%b5%e5%bb%ba%e8%ae%ae%e5%92%8c%e6%80%9d%e8%80%83","status":"publish","type":"page","link":"https:\/\/hihc.de\/zh-hant\/%e6%88%bf%e4%ba%a7%e9%81%97%e4%ba%a7%ef%bc%9a%e7%bb%99%e6%9c%aa%e6%9d%a5%e7%9a%84%e7%bb%a7%e6%89%bf%e8%80%85%e7%9a%84%e5%ae%9d%e8%b4%b5%e5%bb%ba%e8%ae%ae%e5%92%8c%e6%80%9d%e8%80%83\/","title":{"rendered":"\u623f\u5730\u4ea7\u9057\u4ea7"},"content":{"rendered":"<h1><strong>\u623f\u4ea7\u9057\u4ea7\uff1a\u7ed9\u672a\u6765\u7684\u7ee7\u627f\u8005\u7684\u5b9d\u8d35\u5efa\u8bae\u548c\u601d\u8003<\/strong><\/h1>\n<p>\u5f53\u6d89\u53ca\u5230\u623f\u5730\u4ea7\u7684\u7ee7\u627f\u65f6\uff0c\u8fd9\u662f\u4e00\u4e2a\u7279\u522b\u590d\u6742\u7684\u8fc7\u7a0b\uff0c\u4e0d\u4ec5\u6d89\u53ca\u60c5\u611f\uff0c\u8fd8\u6d89\u53ca\u6cd5\u5f8b\u548c\u7a0e\u52a1\u95ee\u9898\u3002\u501f\u52a9\u6211\u4eec\u591a\u5e74\u7684\u4e13\u4e1a\u77e5\u8bc6\uff0c\u6211\u4eec\u5e0c\u671b\u4e3a\u60a8\u63d0\u4f9b\u652f\u6301\uff0c\u5e76\u4e3a\u60a8\u63d0\u4f9b\u4e0d\u4ec5\u4ec5\u662f\u4e00\u4e9b\u5efa\u8bae\uff0c\u800c\u662f\u5927\u91cf\u91cd\u8981\u7684\u8003\u8651\u548c\u5efa\u8bae\u3002<\/p>\n<h2>\u623f\u4ea7\u9057\u4ea7\u7684\u91cd\u8981\u6b65\u9aa4\uff1a<\/h2>\n<p><strong>1. \u5c3d\u65e9\u8ba1\u5212\uff1a<\/strong>\u5efa\u8bae\u60a8\u5c3d\u65e9\u5f00\u59cb\u89c4\u5212\u60a8\u7684\u623f\u4ea7\u9057\u4ea7\u3002\u8fd9\u6837\uff0c\u60a8\u5c31\u6709\u8db3\u591f\u7684\u65f6\u95f4\u4ed4\u7ec6\u8003\u8651\u60a8\u7684\u613f\u671b\u548c\u987e\u8651\uff0c\u5e76\u91c7\u53d6\u5fc5\u8981\u7684\u9884\u9632\u63aa\u65bd\u3002<\/p>\n<p><strong>2. \u5f53\u524d\u5e02\u573a\u4ef7\u503c\uff1a<\/strong>\u5bf9\u623f\u4ea7\u7684\u51c6\u786e\u4f30\u503c\u662f\u5fc5\u4e0d\u53ef\u5c11\u7684\uff0c\u56e0\u4e3a\u5b83\u4e0d\u4ec5\u53cd\u6620\u4e86\u5f53\u524d\u7684\u5e02\u573a\u4ef7\u503c\uff0c\u800c\u4e14\u8fd8\u6709\u52a9\u4e8e\u4e3a\u7ee7\u627f\u8005\u63d0\u4f9b\u5173\u4e8e\u8d22\u4ea7\u7684\u6e05\u6670\u900f\u660e\u7684\u6982\u8ff0\u3002<\/p>\n<p><strong>3. \u6ce8\u610f\u7a0e\u52a1\u95ee\u9898\uff1a<\/strong>\u5173\u4e8e\u9057\u4ea7\u7a0e\u548c\u623f\u4ea7\u7684\u514d\u7a0e\u989d\u5ea6\u7684\u6cd5\u5f8b\u5728\u8fc7\u53bb\u7684\u51e0\u5e74\u91cc\u4e0d\u65ad\u53d8\u5316\u3002\u56e0\u6b64\uff0c\u60a8\u5e94\u8be5\u5bfb\u6c42\u6df1\u5165\u7684\u54a8\u8be2\uff0c\u4ee5\u9632\u6b62\u65e5\u540e\u51fa\u73b0\u7a0e\u52a1\u60ca\u559c\u3002<\/p>\n<p><strong>4. \u6f84\u6e05\u623f\u4ea7\u7684\u4f7f\u7528\uff1a<\/strong>\u8bf7\u4ed4\u7ec6\u8003\u8651\u7ee7\u627f\u8005\u662f\u5426\u5e94\u8be5\u81ea\u5df1\u4f7f\u7528\u8be5\u623f\u4ea7\uff0c\u8fd8\u662f\u51fa\u79df\u6216\u751a\u81f3\u51fa\u552e\u3002\u6839\u636e\u51b3\u7b56\uff0c\u4f1a\u4ea7\u751f\u4e0d\u540c\u7684\u7a0e\u52a1\u548c\u4e2a\u4eba\u540e\u679c\u3002<\/p>\n<p><strong>5. \u8003\u8651\u7ef4\u62a4\u548c\u8d39\u7528\uff1a<\/strong>\u8bf7\u8bb0\u4f4f\uff0c\u623f\u4ea7\u603b\u662f\u4f34\u968f\u7740\u6301\u7eed\u7684\u8d39\u7528\uff0c\u5982\u5730\u7a0e\u3001\u5404\u79cd\u4fdd\u9669\u548c\u53ef\u80fd\u7684\u7ef4\u4fee\u8d39\u3002\u6bcf\u4e2a\u7ee7\u627f\u8005\u90fd\u5e94\u8be5\u610f\u8bc6\u5230\u8fd9\u4e9b\u4e49\u52a1\u3002<\/p>\n<h2>\u9057\u5631\u548c\u89c4\u5b9a\uff1a<\/h2>\n<p><strong>6. \u9057\u5631\u89c4\u5b9a\uff1a<\/strong>\u660e\u786e\u800c\u6e05\u6670\u7684\u9057\u5631\u53ef\u4ee5\u9884\u9632\u7ee7\u627f\u8005\u4e4b\u95f4\u7684\u5f88\u591a\u7ea0\u7eb7\u3002\u53ef\u4ee5\u5236\u5b9a\u5173\u4e8e\u623f\u4ea7\u9057\u4ea7\u7684\u7279\u5b9a\u89c4\u5b9a\u3002<\/p>\n<h2>\u7ee7\u627f\u623f\u4ea7\u7684\u5229\u4e0e\u5f0a\uff1a<\/h2>\n<p><em>\u4f18\u70b9\uff1a<\/em><\/p>\n<ul>\n<li><strong>\u4ef7\u503c\u6295\u8d44\uff1a<\/strong>\u4e00\u822c\u6765\u8bf4\uff0c\u623f\u5730\u4ea7\u662f\u4e00\u4e2a\u7a33\u5b9a\u7684\u4ef7\u503c\u6295\u8d44\uff0c\u591a\u5e74\u6765\u5176\u4ef7\u503c\u751a\u81f3\u53ef\u80fd\u589e\u52a0\u3002<\/li>\n<li><strong>\u53ef\u80fd\u7684\u79df\u91d1\u6536\u5165\uff1a<\/strong>\u5982\u679c\u60a8\u51b3\u5b9a\u51fa\u79df\u623f\u5730\u4ea7\uff0c\u5b83\u53ef\u4ee5\u4ea7\u751f\u6301\u7eed\u7684\u6536\u5165\u3002<\/li>\n<li><strong>\u60c5\u611f\u4ef7\u503c\uff1a<\/strong>\u901a\u5e38\uff0c\u7ee7\u627f\u7684\u5bb6\u5ead\u623f\u4ea7\u8fd8\u5177\u6709\u65e0\u6cd5\u4f30\u91cf\u7684\u60c5\u611f\u4ef7\u503c\uff0c\u56e0\u4e3a\u5b83\u4fdd\u7559\u4e86\u8bb0\u5fc6\u3002<\/li>\n<\/ul>\n<p><em>\u7f3a\u70b9\uff1a<\/em><\/p>\n<ul>\n<li><strong>\u6301\u7eed\u8d39\u7528\uff1a<\/strong>\u5982\u524d\u6240\u8ff0\uff0c\u6301\u6709\u623f\u5730\u4ea7\u4f1a\u4ea7\u751f\u6301\u7eed\u7684\u8d39\u7528\u3002<\/li>\n<li><strong>\u9057\u4ea7\u7a0e\uff1a<\/strong>\u6839\u636e\u623f\u5730\u4ea7\u7684\u4ef7\u503c\u548c\u4e0e\u6b7b\u8005\u7684\u4eb2\u5c5e\u5173\u7cfb\uff0c\u53ef\u80fd\u9700\u8981\u652f\u4ed8\u91cd\u5927\u7684\u9057\u4ea7\u7a0e\u3002<\/li>\n<li><strong>\u53ef\u80fd\u7684\u51b2\u7a81\uff1a<\/strong>\u5982\u679c\u6ca1\u6709\u660e\u786e\u7684\u9884\u5148\u89c4\u5b9a\uff0c\u7ee7\u627f\u8005\u4e4b\u95f4\u5f88\u5bb9\u6613\u53d1\u751f\u4e89\u6267\uff0c\u7279\u522b\u662f\u5f53\u6d89\u53ca\u591a\u65b9\u65f6\u3002<\/li>\n<\/ul>\n<h2>\u54a8\u8be2\u548c\u652f\u6301\uff1a<\/h2>\n<p>\u5bf9\u4e8e\u8eab\u4e3a\u9057\u5631\u4eba\u6216\u7ee7\u627f\u8005\u7684\u4eba\u6765\u8bf4\uff0c\u8fdb\u884c\u5168\u9762\u7684\u4e86\u89e3\u548c\u4e13\u4e1a\u54a8\u8be2\u975e\u5e38\u91cd\u8981\u3002\u56e0\u6b64\uff0c\u6211\u4eec\u968f\u65f6\u613f\u610f\u4e3a\u60a8\u63d0\u4f9b\u6211\u4eec\u7684\u4e13\u4e1a\u77e5\u8bc6\u3002<\/p>\n<h3>\u8054\u7cfb\u548c\u66f4\u591a\u4fe1\u606f\uff1a<\/h3>\n<p><span style=\"color: #000000;\"><b>\u8bf7\u81f4\u7535\u6211\u4eec<\/b><\/span> <a href=\"tel:+493033099930\">+49 (0)30 33099930<\/a> \u6216\u8005\u901a\u8fc7&nbsp;<a href=\"https:\/\/wa.me\/493033099930\" target=\"_blank\" rel=\"noopener noreferrer\"><span style=\"font-weight: 600; color: #49e322;\">WhatsApp<\/span><\/a><b>\u8054\u7cfb\u6211\u4eec\uff0c\u6216\u4f7f\u7528\u6211\u4eec\u7684<\/b><a style=\"font-weight: bold;\" href=\"https:\/\/hihc.de\/kontakt\/\">\u8054\u7cfb\u8868\u683c<\/a><b><\/b><\/p>\n","protected":false},"excerpt":{"rendered":"<p>\u623f\u4ea7\u9057\u4ea7\uff1a\u7ed9\u672a\u6765\u7684\u7ee7\u627f\u8005\u7684\u5b9d\u8d35\u5efa\u8bae\u548c\u601d\u8003 \u5f53\u6d89\u53ca\u5230\u623f\u5730\u4ea7\u7684\u7ee7\u627f\u65f6\uff0c\u8fd9\u662f\u4e00\u4e2a\u7279\u522b\u590d\u6742\u7684\u8fc7\u7a0b\uff0c\u4e0d\u4ec5\u6d89\u53ca\u60c5\u611f\uff0c\u8fd8\u6d89\u53ca<\/p>\n","protected":false},"author":1,"featured_media":0,"parent":0,"menu_order":0,"comment_status":"closed","ping_status":"closed","template":"","meta":{"_acf_changed":false,"ngg_post_thumbnail":0,"footnotes":""},"class_list":["post-56016","page","type-page","status-publish","hentry"],"acf":[],"yoast_head":"<!-- This site is optimized with the Yoast SEO Premium plugin v22.7 (Yoast SEO v27.3) - https:\/\/yoast.com\/product\/yoast-seo-premium-wordpress\/ -->\n<title>\u623f\u4ea7\u9057\u4ea7\uff1a\u7ed9\u672a\u6765\u7684\u7ee7\u627f\u8005\u7684\u5b9d\u8d35\u5efa\u8bae\u548c\u601d\u8003<\/title>\n<meta name=\"description\" content=\"\u63a2\u8ba8\u623f\u4ea7\u9057\u4ea7\u7684\u8fc7\u7a0b\uff0c\u6d89\u53ca\u60c5\u611f\u3001\u6cd5\u5f8b\u548c\u7a0e\u52a1\u65b9\u9762\u7684\u590d\u6742\u95ee\u9898\u3002\u5728\u8fd9\u91cc\uff0c\u6211\u4eec\u4e3a\u60a8\u63d0\u4f9b\u591a\u5e74\u7684\u4e13\u4e1a\u77e5\u8bc6\u548c\u5173\u4e8e\u623f\u5730\u4ea7\u7ee7\u627f\u7684\u5b9d\u8d35\u5efa\u8bae\u548c\u8003\u8651\u3002\" \/>\n<meta name=\"robots\" content=\"index, follow, max-snippet:-1, max-image-preview:large, max-video-preview:-1\" \/>\n<link rel=\"canonical\" href=\"https:\/\/hihc.de\/zh-hant\/%e6%88%bf%e4%ba%a7%e9%81%97%e4%ba%a7%ef%bc%9a%e7%bb%99%e6%9c%aa%e6%9d%a5%e7%9a%84%e7%bb%a7%e6%89%bf%e8%80%85%e7%9a%84%e5%ae%9d%e8%b4%b5%e5%bb%ba%e8%ae%ae%e5%92%8c%e6%80%9d%e8%80%83\/\" \/>\n<meta property=\"og:locale\" content=\"zh_TW\" \/>\n<meta property=\"og:type\" content=\"article\" \/>\n<meta property=\"og:title\" content=\"\u623f\u5730\u4ea7\u9057\u4ea7\" \/>\n<meta property=\"og:description\" content=\"\u63a2\u8ba8\u623f\u4ea7\u9057\u4ea7\u7684\u8fc7\u7a0b\uff0c\u6d89\u53ca\u60c5\u611f\u3001\u6cd5\u5f8b\u548c\u7a0e\u52a1\u65b9\u9762\u7684\u590d\u6742\u95ee\u9898\u3002\u5728\u8fd9\u91cc\uff0c\u6211\u4eec\u4e3a\u60a8\u63d0\u4f9b\u591a\u5e74\u7684\u4e13\u4e1a\u77e5\u8bc6\u548c\u5173\u4e8e\u623f\u5730\u4ea7\u7ee7\u627f\u7684\u5b9d\u8d35\u5efa\u8bae\u548c\u8003\u8651\u3002\" \/>\n<meta property=\"og:url\" content=\"https:\/\/hihc.de\/zh-hant\/%e6%88%bf%e4%ba%a7%e9%81%97%e4%ba%a7%ef%bc%9a%e7%bb%99%e6%9c%aa%e6%9d%a5%e7%9a%84%e7%bb%a7%e6%89%bf%e8%80%85%e7%9a%84%e5%ae%9d%e8%b4%b5%e5%bb%ba%e8%ae%ae%e5%92%8c%e6%80%9d%e8%80%83\/\" \/>\n<meta property=\"og:site_name\" content=\"HIHC Immobilienmakler Berlin, Deutschland und Europa\" \/>\n<meta property=\"article:publisher\" content=\"https:\/\/www.facebook.com\/derimmobilienmaklerberlin\" \/>\n<meta property=\"article:modified_time\" content=\"2023-08-20T08:36:01+00:00\" \/>\n<meta property=\"og:image\" content=\"https:\/\/hihc.de\/wp-content\/uploads\/2023\/05\/Logo-HIHC.jpg\" \/>\n\t<meta property=\"og:image:width\" content=\"640\" \/>\n\t<meta property=\"og:image:height\" content=\"400\" \/>\n\t<meta property=\"og:image:type\" content=\"image\/jpeg\" \/>\n<meta name=\"twitter:card\" content=\"summary_large_image\" \/>\n<meta name=\"twitter:site\" content=\"@immobilieninfos\" \/>\n<meta name=\"twitter:label1\" content=\"\u9810\u4f30\u95b1\u8b80\u6642\u9593\" \/>\n\t<meta name=\"twitter:data1\" content=\"1 \u5206\u9418\" \/>\n<script type=\"application\/ld+json\" class=\"yoast-schema-graph\">{\"@context\":\"https:\\\/\\\/schema.org\",\"@graph\":[{\"@type\":\"WebPage\",\"@id\":\"https:\\\/\\\/hihc.de\\\/zh-hant\\\/%e6%88%bf%e4%ba%a7%e9%81%97%e4%ba%a7%ef%bc%9a%e7%bb%99%e6%9c%aa%e6%9d%a5%e7%9a%84%e7%bb%a7%e6%89%bf%e8%80%85%e7%9a%84%e5%ae%9d%e8%b4%b5%e5%bb%ba%e8%ae%ae%e5%92%8c%e6%80%9d%e8%80%83\\\/\",\"url\":\"https:\\\/\\\/hihc.de\\\/zh-hant\\\/%e6%88%bf%e4%ba%a7%e9%81%97%e4%ba%a7%ef%bc%9a%e7%bb%99%e6%9c%aa%e6%9d%a5%e7%9a%84%e7%bb%a7%e6%89%bf%e8%80%85%e7%9a%84%e5%ae%9d%e8%b4%b5%e5%bb%ba%e8%ae%ae%e5%92%8c%e6%80%9d%e8%80%83\\\/\",\"name\":\"\u623f\u4ea7\u9057\u4ea7\uff1a\u7ed9\u672a\u6765\u7684\u7ee7\u627f\u8005\u7684\u5b9d\u8d35\u5efa\u8bae\u548c\u601d\u8003\",\"isPartOf\":{\"@id\":\"https:\\\/\\\/hihc.de\\\/zh-hant\\\/#website\"},\"datePublished\":\"2023-08-20T07:42:52+00:00\",\"dateModified\":\"2023-08-20T08:36:01+00:00\",\"description\":\"\u63a2\u8ba8\u623f\u4ea7\u9057\u4ea7\u7684\u8fc7\u7a0b\uff0c\u6d89\u53ca\u60c5\u611f\u3001\u6cd5\u5f8b\u548c\u7a0e\u52a1\u65b9\u9762\u7684\u590d\u6742\u95ee\u9898\u3002\u5728\u8fd9\u91cc\uff0c\u6211\u4eec\u4e3a\u60a8\u63d0\u4f9b\u591a\u5e74\u7684\u4e13\u4e1a\u77e5\u8bc6\u548c\u5173\u4e8e\u623f\u5730\u4ea7\u7ee7\u627f\u7684\u5b9d\u8d35\u5efa\u8bae\u548c\u8003\u8651\u3002\",\"breadcrumb\":{\"@id\":\"https:\\\/\\\/hihc.de\\\/zh-hant\\\/%e6%88%bf%e4%ba%a7%e9%81%97%e4%ba%a7%ef%bc%9a%e7%bb%99%e6%9c%aa%e6%9d%a5%e7%9a%84%e7%bb%a7%e6%89%bf%e8%80%85%e7%9a%84%e5%ae%9d%e8%b4%b5%e5%bb%ba%e8%ae%ae%e5%92%8c%e6%80%9d%e8%80%83\\\/#breadcrumb\"},\"inLanguage\":\"zh-TW\",\"potentialAction\":[{\"@type\":\"ReadAction\",\"target\":[\"https:\\\/\\\/hihc.de\\\/zh-hant\\\/%e6%88%bf%e4%ba%a7%e9%81%97%e4%ba%a7%ef%bc%9a%e7%bb%99%e6%9c%aa%e6%9d%a5%e7%9a%84%e7%bb%a7%e6%89%bf%e8%80%85%e7%9a%84%e5%ae%9d%e8%b4%b5%e5%bb%ba%e8%ae%ae%e5%92%8c%e6%80%9d%e8%80%83\\\/\"]}]},{\"@type\":\"BreadcrumbList\",\"@id\":\"https:\\\/\\\/hihc.de\\\/zh-hant\\\/%e6%88%bf%e4%ba%a7%e9%81%97%e4%ba%a7%ef%bc%9a%e7%bb%99%e6%9c%aa%e6%9d%a5%e7%9a%84%e7%bb%a7%e6%89%bf%e8%80%85%e7%9a%84%e5%ae%9d%e8%b4%b5%e5%bb%ba%e8%ae%ae%e5%92%8c%e6%80%9d%e8%80%83\\\/#breadcrumb\",\"itemListElement\":[{\"@type\":\"ListItem\",\"position\":1,\"name\":\"Startseite\",\"item\":\"https:\\\/\\\/hihc.de\\\/zh-hant\\\/\"},{\"@type\":\"ListItem\",\"position\":2,\"name\":\"\u623f\u5730\u4ea7\u9057\u4ea7\"}]},{\"@type\":\"WebSite\",\"@id\":\"https:\\\/\\\/hihc.de\\\/zh-hant\\\/#website\",\"url\":\"https:\\\/\\\/hihc.de\\\/zh-hant\\\/\",\"name\":\"HIHC Immobilienmakler Berlin, Deutschland und Europa\",\"description\":\"Just another WordPress site\",\"publisher\":{\"@id\":\"https:\\\/\\\/hihc.de\\\/zh-hant\\\/#organization\"},\"alternateName\":\"HIHC\",\"potentialAction\":[{\"@type\":\"SearchAction\",\"target\":{\"@type\":\"EntryPoint\",\"urlTemplate\":\"https:\\\/\\\/hihc.de\\\/zh-hant\\\/?s={search_term_string}\"},\"query-input\":{\"@type\":\"PropertyValueSpecification\",\"valueRequired\":true,\"valueName\":\"search_term_string\"}}],\"inLanguage\":\"zh-TW\"},{\"@type\":\"Organization\",\"@id\":\"https:\\\/\\\/hihc.de\\\/zh-hant\\\/#organization\",\"name\":\"HIHC Horvat Real Estate GmbH\",\"alternateName\":\"HIHC\",\"url\":\"https:\\\/\\\/hihc.de\\\/zh-hant\\\/\",\"logo\":{\"@type\":\"ImageObject\",\"inLanguage\":\"zh-TW\",\"@id\":\"https:\\\/\\\/hihc.de\\\/zh-hant\\\/#\\\/schema\\\/logo\\\/image\\\/\",\"url\":\"https:\\\/\\\/hihc.de\\\/wp-content\\\/uploads\\\/2023\\\/05\\\/Logo-HIHC.jpg\",\"contentUrl\":\"https:\\\/\\\/hihc.de\\\/wp-content\\\/uploads\\\/2023\\\/05\\\/Logo-HIHC.jpg\",\"width\":640,\"height\":400,\"caption\":\"HIHC Horvat Real Estate GmbH\"},\"image\":{\"@id\":\"https:\\\/\\\/hihc.de\\\/zh-hant\\\/#\\\/schema\\\/logo\\\/image\\\/\"},\"sameAs\":[\"https:\\\/\\\/www.facebook.com\\\/derimmobilienmaklerberlin\",\"https:\\\/\\\/x.com\\\/immobilieninfos\",\"https:\\\/\\\/mastodon.social\\\/@hihc\",\"https:\\\/\\\/www.youtube.com\\\/user\\\/HIHCBERLIN\",\"https:\\\/\\\/www.tiktok.com\\\/@immobilienmaklerberlin?lang=en\",\"https:\\\/\\\/open.spotify.com\\\/show\\\/4XsnJYMYOHLg2SCshmV4Uj?si=oBla_h3VT5yLPBFIRJQofQ\",\"https:\\\/\\\/www.instagram.com\\\/immobilienmaklerberlin24\\\/\"],\"description\":\"Ihr erfahrener Immobilienmakler f\u00fcr Wohn- und Gewerbeimmobilien in Berlin, Deutschland und Europa mit \u00fcber 30 Jahren Expertise! Wir vermitteln On-Market & Off-Market: Einfamilienh\u00e4user, Mehrfamilienh\u00e4user, Eigentumswohnungen, Reihenh\u00e4user, Doppelh\u00e4user, Stadth\u00e4user, Villen, Penthouses, Lofts, m\u00f6blierte & unm\u00f6blierte Apartments, Studentenwohnheime, Seniorenwohnheime, Ferienh\u00e4user, Grundst\u00fccke, Wochenendh\u00e4user, Bauernh\u00e4user, Bungalows, Tiny Houses, Schwimmende H\u00e4user (Hausboote), Schl\u00f6sser, Burgen, Kl\u00f6ster, B\u00fcrogeb\u00e4ude, Einzelhandelsfl\u00e4chen, Einkaufszentren, Gewerbehallen, Lagerhallen, Industrieparks, Gewerbeparks, Hotels, Pensionen, Motels, Restaurants, Caf\u00e9s, Bars\\\/Nachtclubs, Fitnessstudios, Arztpraxen, Kliniken, Pflegeheime, Zahnarztpraxen, Apotheken, Banken, Superm\u00e4rkte, Baum\u00e4rkte, Tankstellen, Kinos, Theater, Sporthallen\\\/Stadien, Parkh\u00e4user, Lagerfl\u00e4chen, Logistikzentren, Produktionsst\u00e4tten, Landwirtschaftliche Betriebe (z. B. Bauernh\u00f6fe, Weing\u00fcter). Auch bekannt aus: TikTok, YouTube, Facebook, Spotify\",\"email\":\"info@hihc.de\",\"telephone\":\"+493033099930\",\"legalName\":\"HIHC Horvat Real Estate GmbH\",\"vatID\":\"DE 272236709\"}]}<\/script>\n<!-- \/ Yoast SEO Premium plugin. -->","yoast_head_json":{"title":"\u623f\u4ea7\u9057\u4ea7\uff1a\u7ed9\u672a\u6765\u7684\u7ee7\u627f\u8005\u7684\u5b9d\u8d35\u5efa\u8bae\u548c\u601d\u8003","description":"\u63a2\u8ba8\u623f\u4ea7\u9057\u4ea7\u7684\u8fc7\u7a0b\uff0c\u6d89\u53ca\u60c5\u611f\u3001\u6cd5\u5f8b\u548c\u7a0e\u52a1\u65b9\u9762\u7684\u590d\u6742\u95ee\u9898\u3002\u5728\u8fd9\u91cc\uff0c\u6211\u4eec\u4e3a\u60a8\u63d0\u4f9b\u591a\u5e74\u7684\u4e13\u4e1a\u77e5\u8bc6\u548c\u5173\u4e8e\u623f\u5730\u4ea7\u7ee7\u627f\u7684\u5b9d\u8d35\u5efa\u8bae\u548c\u8003\u8651\u3002","robots":{"index":"index","follow":"follow","max-snippet":"max-snippet:-1","max-image-preview":"max-image-preview:large","max-video-preview":"max-video-preview:-1"},"canonical":"https:\/\/hihc.de\/zh-hant\/%e6%88%bf%e4%ba%a7%e9%81%97%e4%ba%a7%ef%bc%9a%e7%bb%99%e6%9c%aa%e6%9d%a5%e7%9a%84%e7%bb%a7%e6%89%bf%e8%80%85%e7%9a%84%e5%ae%9d%e8%b4%b5%e5%bb%ba%e8%ae%ae%e5%92%8c%e6%80%9d%e8%80%83\/","og_locale":"zh_TW","og_type":"article","og_title":"\u623f\u5730\u4ea7\u9057\u4ea7","og_description":"\u63a2\u8ba8\u623f\u4ea7\u9057\u4ea7\u7684\u8fc7\u7a0b\uff0c\u6d89\u53ca\u60c5\u611f\u3001\u6cd5\u5f8b\u548c\u7a0e\u52a1\u65b9\u9762\u7684\u590d\u6742\u95ee\u9898\u3002\u5728\u8fd9\u91cc\uff0c\u6211\u4eec\u4e3a\u60a8\u63d0\u4f9b\u591a\u5e74\u7684\u4e13\u4e1a\u77e5\u8bc6\u548c\u5173\u4e8e\u623f\u5730\u4ea7\u7ee7\u627f\u7684\u5b9d\u8d35\u5efa\u8bae\u548c\u8003\u8651\u3002","og_url":"https:\/\/hihc.de\/zh-hant\/%e6%88%bf%e4%ba%a7%e9%81%97%e4%ba%a7%ef%bc%9a%e7%bb%99%e6%9c%aa%e6%9d%a5%e7%9a%84%e7%bb%a7%e6%89%bf%e8%80%85%e7%9a%84%e5%ae%9d%e8%b4%b5%e5%bb%ba%e8%ae%ae%e5%92%8c%e6%80%9d%e8%80%83\/","og_site_name":"HIHC Immobilienmakler Berlin, Deutschland und Europa","article_publisher":"https:\/\/www.facebook.com\/derimmobilienmaklerberlin","article_modified_time":"2023-08-20T08:36:01+00:00","og_image":[{"width":640,"height":400,"url":"https:\/\/hihc.de\/wp-content\/uploads\/2023\/05\/Logo-HIHC.jpg","type":"image\/jpeg"}],"twitter_card":"summary_large_image","twitter_site":"@immobilieninfos","twitter_misc":{"\u9810\u4f30\u95b1\u8b80\u6642\u9593":"1 \u5206\u9418"},"schema":{"@context":"https:\/\/schema.org","@graph":[{"@type":"WebPage","@id":"https:\/\/hihc.de\/zh-hant\/%e6%88%bf%e4%ba%a7%e9%81%97%e4%ba%a7%ef%bc%9a%e7%bb%99%e6%9c%aa%e6%9d%a5%e7%9a%84%e7%bb%a7%e6%89%bf%e8%80%85%e7%9a%84%e5%ae%9d%e8%b4%b5%e5%bb%ba%e8%ae%ae%e5%92%8c%e6%80%9d%e8%80%83\/","url":"https:\/\/hihc.de\/zh-hant\/%e6%88%bf%e4%ba%a7%e9%81%97%e4%ba%a7%ef%bc%9a%e7%bb%99%e6%9c%aa%e6%9d%a5%e7%9a%84%e7%bb%a7%e6%89%bf%e8%80%85%e7%9a%84%e5%ae%9d%e8%b4%b5%e5%bb%ba%e8%ae%ae%e5%92%8c%e6%80%9d%e8%80%83\/","name":"\u623f\u4ea7\u9057\u4ea7\uff1a\u7ed9\u672a\u6765\u7684\u7ee7\u627f\u8005\u7684\u5b9d\u8d35\u5efa\u8bae\u548c\u601d\u8003","isPartOf":{"@id":"https:\/\/hihc.de\/zh-hant\/#website"},"datePublished":"2023-08-20T07:42:52+00:00","dateModified":"2023-08-20T08:36:01+00:00","description":"\u63a2\u8ba8\u623f\u4ea7\u9057\u4ea7\u7684\u8fc7\u7a0b\uff0c\u6d89\u53ca\u60c5\u611f\u3001\u6cd5\u5f8b\u548c\u7a0e\u52a1\u65b9\u9762\u7684\u590d\u6742\u95ee\u9898\u3002\u5728\u8fd9\u91cc\uff0c\u6211\u4eec\u4e3a\u60a8\u63d0\u4f9b\u591a\u5e74\u7684\u4e13\u4e1a\u77e5\u8bc6\u548c\u5173\u4e8e\u623f\u5730\u4ea7\u7ee7\u627f\u7684\u5b9d\u8d35\u5efa\u8bae\u548c\u8003\u8651\u3002","breadcrumb":{"@id":"https:\/\/hihc.de\/zh-hant\/%e6%88%bf%e4%ba%a7%e9%81%97%e4%ba%a7%ef%bc%9a%e7%bb%99%e6%9c%aa%e6%9d%a5%e7%9a%84%e7%bb%a7%e6%89%bf%e8%80%85%e7%9a%84%e5%ae%9d%e8%b4%b5%e5%bb%ba%e8%ae%ae%e5%92%8c%e6%80%9d%e8%80%83\/#breadcrumb"},"inLanguage":"zh-TW","potentialAction":[{"@type":"ReadAction","target":["https:\/\/hihc.de\/zh-hant\/%e6%88%bf%e4%ba%a7%e9%81%97%e4%ba%a7%ef%bc%9a%e7%bb%99%e6%9c%aa%e6%9d%a5%e7%9a%84%e7%bb%a7%e6%89%bf%e8%80%85%e7%9a%84%e5%ae%9d%e8%b4%b5%e5%bb%ba%e8%ae%ae%e5%92%8c%e6%80%9d%e8%80%83\/"]}]},{"@type":"BreadcrumbList","@id":"https:\/\/hihc.de\/zh-hant\/%e6%88%bf%e4%ba%a7%e9%81%97%e4%ba%a7%ef%bc%9a%e7%bb%99%e6%9c%aa%e6%9d%a5%e7%9a%84%e7%bb%a7%e6%89%bf%e8%80%85%e7%9a%84%e5%ae%9d%e8%b4%b5%e5%bb%ba%e8%ae%ae%e5%92%8c%e6%80%9d%e8%80%83\/#breadcrumb","itemListElement":[{"@type":"ListItem","position":1,"name":"Startseite","item":"https:\/\/hihc.de\/zh-hant\/"},{"@type":"ListItem","position":2,"name":"\u623f\u5730\u4ea7\u9057\u4ea7"}]},{"@type":"WebSite","@id":"https:\/\/hihc.de\/zh-hant\/#website","url":"https:\/\/hihc.de\/zh-hant\/","name":"HIHC Immobilienmakler Berlin, Deutschland und Europa","description":"Just another WordPress site","publisher":{"@id":"https:\/\/hihc.de\/zh-hant\/#organization"},"alternateName":"HIHC","potentialAction":[{"@type":"SearchAction","target":{"@type":"EntryPoint","urlTemplate":"https:\/\/hihc.de\/zh-hant\/?s={search_term_string}"},"query-input":{"@type":"PropertyValueSpecification","valueRequired":true,"valueName":"search_term_string"}}],"inLanguage":"zh-TW"},{"@type":"Organization","@id":"https:\/\/hihc.de\/zh-hant\/#organization","name":"HIHC Horvat Real Estate GmbH","alternateName":"HIHC","url":"https:\/\/hihc.de\/zh-hant\/","logo":{"@type":"ImageObject","inLanguage":"zh-TW","@id":"https:\/\/hihc.de\/zh-hant\/#\/schema\/logo\/image\/","url":"https:\/\/hihc.de\/wp-content\/uploads\/2023\/05\/Logo-HIHC.jpg","contentUrl":"https:\/\/hihc.de\/wp-content\/uploads\/2023\/05\/Logo-HIHC.jpg","width":640,"height":400,"caption":"HIHC Horvat Real Estate GmbH"},"image":{"@id":"https:\/\/hihc.de\/zh-hant\/#\/schema\/logo\/image\/"},"sameAs":["https:\/\/www.facebook.com\/derimmobilienmaklerberlin","https:\/\/x.com\/immobilieninfos","https:\/\/mastodon.social\/@hihc","https:\/\/www.youtube.com\/user\/HIHCBERLIN","https:\/\/www.tiktok.com\/@immobilienmaklerberlin?lang=en","https:\/\/open.spotify.com\/show\/4XsnJYMYOHLg2SCshmV4Uj?si=oBla_h3VT5yLPBFIRJQofQ","https:\/\/www.instagram.com\/immobilienmaklerberlin24\/"],"description":"Ihr erfahrener Immobilienmakler f\u00fcr Wohn- und Gewerbeimmobilien in Berlin, Deutschland und Europa mit \u00fcber 30 Jahren Expertise! Wir vermitteln On-Market & Off-Market: Einfamilienh\u00e4user, Mehrfamilienh\u00e4user, Eigentumswohnungen, Reihenh\u00e4user, Doppelh\u00e4user, Stadth\u00e4user, Villen, Penthouses, Lofts, m\u00f6blierte & unm\u00f6blierte Apartments, Studentenwohnheime, Seniorenwohnheime, Ferienh\u00e4user, Grundst\u00fccke, Wochenendh\u00e4user, Bauernh\u00e4user, Bungalows, Tiny Houses, Schwimmende H\u00e4user (Hausboote), Schl\u00f6sser, Burgen, Kl\u00f6ster, B\u00fcrogeb\u00e4ude, Einzelhandelsfl\u00e4chen, Einkaufszentren, Gewerbehallen, Lagerhallen, Industrieparks, Gewerbeparks, Hotels, Pensionen, Motels, Restaurants, Caf\u00e9s, Bars\/Nachtclubs, Fitnessstudios, Arztpraxen, Kliniken, Pflegeheime, Zahnarztpraxen, Apotheken, Banken, Superm\u00e4rkte, Baum\u00e4rkte, Tankstellen, Kinos, Theater, Sporthallen\/Stadien, Parkh\u00e4user, Lagerfl\u00e4chen, Logistikzentren, Produktionsst\u00e4tten, Landwirtschaftliche Betriebe (z. B. Bauernh\u00f6fe, Weing\u00fcter). Auch bekannt aus: TikTok, YouTube, Facebook, Spotify","email":"info@hihc.de","telephone":"+493033099930","legalName":"HIHC Horvat Real Estate GmbH","vatID":"DE 272236709"}]}},"_links":{"self":[{"href":"https:\/\/hihc.de\/zh-hant\/wp-json\/wp\/v2\/pages\/56016","targetHints":{"allow":["GET"]}}],"collection":[{"href":"https:\/\/hihc.de\/zh-hant\/wp-json\/wp\/v2\/pages"}],"about":[{"href":"https:\/\/hihc.de\/zh-hant\/wp-json\/wp\/v2\/types\/page"}],"author":[{"embeddable":true,"href":"https:\/\/hihc.de\/zh-hant\/wp-json\/wp\/v2\/users\/1"}],"replies":[{"embeddable":true,"href":"https:\/\/hihc.de\/zh-hant\/wp-json\/wp\/v2\/comments?post=56016"}],"version-history":[{"count":8,"href":"https:\/\/hihc.de\/zh-hant\/wp-json\/wp\/v2\/pages\/56016\/revisions"}],"predecessor-version":[{"id":56024,"href":"https:\/\/hihc.de\/zh-hant\/wp-json\/wp\/v2\/pages\/56016\/revisions\/56024"}],"wp:attachment":[{"href":"https:\/\/hihc.de\/zh-hant\/wp-json\/wp\/v2\/media?parent=56016"}],"curies":[{"name":"wp","href":"https:\/\/api.w.org\/{rel}","templated":true}]}}