{"id":55912,"date":"2023-06-03T10:52:09","date_gmt":"2023-06-03T10:52:09","guid":{"rendered":"https:\/\/hihc.de\/?page_id=55912"},"modified":"2023-06-03T10:52:30","modified_gmt":"2023-06-03T10:52:30","slug":"%e5%85%b3%e4%ba%8e%e6%88%91%e4%bb%ac","status":"publish","type":"page","link":"https:\/\/hihc.de\/zh-hant\/%e5%85%b3%e4%ba%8e%e6%88%91%e4%bb%ac\/","title":{"rendered":"\u5173\u4e8e\u6211\u4eec"},"content":{"rendered":"<h1>\u6b22\u8fce\u6765\u5230HIHC Horvat\u623f\u5730\u4ea7\u6709\u9650\u516c\u53f8\u2014\u2014\u60a8\u5728\u67cf\u6797\u3001\u5fb7\u56fd\u548c\u6574\u4e2a\u6b27\u6d32\u7684\u4f4f\u5b85\u548c\u5546\u4e1a\u623f\u5730\u4ea7\u4e13\u5bb6\u3002<\/h1>\n<h3>\u51ed\u501f\u8d85\u8fc730\u5e74\u7684\u623f\u5730\u4ea7\u4e2d\u4ecb\u7ecf\u9a8c\u548c\u5b8c\u5168\u57fa\u4e8e\u53e3\u7891\u53d1\u5c55\u7684\u5ba2\u6237\u7fa4\uff0c\u6211\u4eec\u662f\u60a8\u5728\u6240\u6709\u623f\u5730\u4ea7\u4e8b\u52a1\u4e2d\u7684\u53ef\u9760\u5408\u4f5c\u4f19\u4f34\u3002<\/h3>\n<p>\u4f5c\u4e3a\u4e00\u5bb6\u5bb6\u65cf\u7ecf\u8425\u7684\u4f01\u4e1a\uff0c\u6211\u4eec\u975e\u5e38\u91cd\u89c6\u5bf9\u5ba2\u6237\u7684\u4e2a\u4eba\u54a8\u8be2\u548c\u652f\u6301\u3002\u6211\u4eec\u5145\u6ee1\u6d3b\u529b\u7684\u56e2\u961f\u7531\u7ecf\u9a8c\u4e30\u5bcc\u7684\u623f\u5730\u4ea7\u987e\u95ee\u548c\u4e13\u5bb6\u7ec4\u6210\uff0c\u968f\u65f6\u51c6\u5907\u6ee1\u8db3\u5ba2\u6237\u7684\u671f\u671b\u2014\u2014\u65e0\u8bba\u662f\u9500\u552e\u72ec\u680b\u522b\u5885\u8fd8\u662f\u534f\u52a9\u8fdb\u884c\u5927\u89c4\u6a21\u623f\u5730\u4ea7\u6295\u8d44\u4ea4\u6613\u3002<\/p>\n<h3>\u6211\u4eec\u7684\u623f\u5730\u4ea7\u9879\u76ee\u5305\u62ec\u5e7f\u6cdb\u7684\u7269\u4e1a\u7c7b\u578b\u3002<\/h3>\n<p>\u65e0\u8bba\u60a8\u662f\u8981\u51fa\u552e\u6216\u8d2d\u4e70\u72ec\u680b\u522b\u5885\u3001\u516c\u5bd3\u3001\u8fde\u6392\u522b\u5885\u3001\u53cc\u62fc\u522b\u5885\u3001\u57ce\u5e02\u4f4f\u5b85\u3001\u522b\u5885\u3001\u9876\u5c42\u516c\u5bd3\u3001\u9601\u697c\u3001\u5e26\u5bb6\u5177\u6216\u4e0d\u5e26\u5bb6\u5177\u7684\u516c\u5bd3\u3001\u5b66\u751f\u5bbf\u820d\u3001\u517b\u8001\u9662\u3001\u5ea6\u5047\u522b\u5885\u3001\u571f\u5730\u3001\u5468\u672b\u5ea6\u5047\u5c4b\u3001\u519c\u573a\u3001\u5e73\u623f\u3001\u5c0f\u578b\u4f4f\u5b85\u3001\u6f02\u6d6e\u623f\u5c4b\uff08\u6c34\u4e0a\u522b\u5885\uff09\u3001\u57ce\u5821\u3001\u53e4\u5821\u3001\u4fee\u9053\u9662\u3001\u529e\u516c\u697c\u3001\u96f6\u552e\u7a7a\u95f4\u3001\u8d2d\u7269\u4e2d\u5fc3\u3001\u5546\u4e1a\u5385\u3001\u4ed3\u5e93\u3001\u5de5\u4e1a\u56ed\u533a\u3001\u5546\u4e1a\u56ed\u533a\u3001\u9152\u5e97\u3001\u65c5\u9986\u3001\u6c7d\u8f66\u65c5\u9986\u3001\u9910\u5385\u3001\u5496\u5561\u9986\u3001\u9152\u5427\/\u591c\u603b\u4f1a\u3001\u5065\u8eab\u623f\u3001\u8bca\u6240\u3001\u533b\u9662\u3001\u517b\u8001\u9662\u3001\u7259\u533b\u8bca\u6240\u3001\u836f\u623f\u3001\u94f6\u884c\u3001\u8d85\u5e02\u3001\u5efa\u6750\u5e02\u573a\u3001\u52a0\u6cb9\u7ad9\u3001\u7535\u5f71\u9662\u3001\u5267\u9662\u3001\u4f53\u80b2\u9986\/\u4f53\u80b2\u573a\u3001\u505c\u8f66\u573a\u3001\u4ed3\u50a8\u7a7a\u95f4\u3001\u7269\u6d41\u4e2d\u5fc3\u3001\u751f\u4ea7\u8bbe\u65bd\u6216\u519c\u4e1a\u7ecf\u8425\u573a\u6240\uff08\u5982\u519c\u573a\u548c\u917f\u9152\u5e84\u56ed\uff09\uff0c\u6211\u4eec\u90fd\u80fd\u591f\u7ed9\u4e88\u4e13\u4e1a\u652f\u6301\u3002<\/p>\n<h2>\u4f5c\u4e3a\u6df7\u5408\u7ecf\u7eaa\u4eba\uff0c\u6211\u4eec\u63d0\u4f9b\u5e02\u573a\u4e0a\u548c\u5e02\u573a\u5916\u7684\u4ea4\u6613\u670d\u52a1\uff0c\u4ee5\u5411\u5ba2\u6237\u63d0\u4f9b\u5168\u9762\u7684\u9009\u62e9\u548c\u4e2a\u6027\u5316\u54a8\u8be2\u3002<\/h2>\n<p>\u6211\u4eec\u7684\u5168\u7403\u7f51\u7edc\u548c\u5728\u7ebf\u5a92\u4f53\u7684\u5f3a\u5927\u5b58\u5728\u4f7f\u6211\u4eec\u80fd\u591f\u89e6\u8fbe\u5e7f\u5927\u53d7\u4f17\uff0c\u5e76\u4e3a\u5404\u79cd\u7c7b\u578b\u7684\u623f\u5730\u4ea7\u7269\u4e1a\u627e\u5230\u5408\u9002\u7684\u4e70\u5bb6\u6216\u79df\u6237\u3002<\/p>\n<h3>\u4f46\u6211\u4eec\u4e0d\u4ec5\u4ec5\u662f\u4e00\u5bb6\u623f\u5730\u4ea7\u7ecf\u7eaa\u516c\u53f8\uff1a<\/h3>\n<p>\u6211\u4eec\u7684\u670d\u52a1\u8fdc\u8fdc\u8d85\u51fa\u4e86\u7eaf\u7cb9\u7684\u4e2d\u4ecb\u548c\u786e\u8ba4\u6d3b\u52a8\u3002\u6211\u4eec\u5c06\u4f1a\u5728\u6574\u4e2a\u8fc7\u7a0b\u4e2d\u966a\u4f34\u5ba2\u6237\uff0c\u4ece\u6700\u521d\u7684\u54a8\u8be2\u3001\u4ef7\u683c\u8c08\u5224\u5230\u8d2d\u4e70\u6216\u79df\u8d41\u5408\u540c\u7684\u7b7e\u8ba2\u3002\u6b64\u5916\uff0c\u6211\u4eec\u8fd8\u4e3a\u5ba2\u6237\u63d0\u4f9b\u4e86\u4e00\u4e2a\u4e13\u4e1a\u4eba\u58eb\u7f51\u7edc\u2014\u2014\u4ece\u516c\u8bc1\u4eba\u548c\u5f8b\u5e08\u5230\u7a0e\u52a1\u987e\u95ee\u548c\u53ef\u9760\u7684\u624b\u5de5\u827a\u4f01\u4e1a\u3002<br \/>\n\u5728HIHC Horvat\u623f\u5730\u4ea7\u6709\u9650\u516c\u53f8\uff0c\u6211\u4eec\u77e5\u9053\u623f\u5730\u4ea7\u5e02\u573a\u662f\u4e00\u4e2a\u4e0d\u65ad\u53d8\u5316\u7684\u52a8\u6001\u73af\u5883\u3002\u56e0\u6b64\uff0c\u6211\u4eec\u91c7\u7528\u4f20\u7edf\u548c\u73b0\u4ee3\u6570\u5b57\u8425\u9500\u6e20\u9053\u76f8\u7ed3\u5408\u7684\u65b9\u5f0f\uff0c\u5e76\u59cb\u7ec8\u6839\u636e\u5f53\u524d\u7684\u5e02\u573a\u60c5\u51b5\u8c03\u6574\u6211\u4eec\u7684\u7b56\u7565\u3002<\/p>\n<h3>\u6211\u4eec\u4e3a\u80fd\u591f\u4e3a\u73af\u5883\u4fdd\u62a4\u505a\u51fa\u8d21\u732e\u611f\u5230\u81ea\u8c6a\uff0c\u5e76\u52aa\u529b\u4f7f\u6211\u4eec\u7684\u6d41\u7a0b\u5c3d\u53ef\u80fd\u5177\u6709\u53ef\u6301\u7eed\u6027\u3002<\/h3>\n<p>\u6211\u4eec\u51fa\u8272\u7684\u8bc4\u4ef7\u548c\u5ba2\u6237\u7684\u6ee1\u610f\u5ea6\u662f\u6211\u4eec\u5de5\u4f5c\u8d28\u91cf\u7684\u6700\u4f73\u8bc1\u660e\u3002<br \/>\n\u5982\u679c\u60a8\u6b63\u5728\u5bfb\u627e\u53ef\u9760\u7684\u623f\u5730\u4ea7\u5408\u4f5c\u4f19\u4f34\uff0c\u90a3\u4e48\u60a8\u6765\u5bf9\u5730\u65b9\u4e86\u3002<\/p>\n<p>\u8bf7\u81f4\u7535+49 (0)30 33099930\uff0c\u6216\u901a\u8fc7<a href=\"https:\/\/wa.me\/493033099930\" target=\"_blank\" rel=\"noopener noreferrer\">WhatsApp<\/a>\u4e0e\u6211\u4eec24\/7\u8054\u7cfb\uff0c\u6216\u901a\u8fc7\u6211\u4eec\u7684<a href=\"https:\/\/hihc.de\/kontakt\/\">\u8054\u7cfb\u8868\u683c<\/a>\u4e0e\u6211\u4eec\u53d6\u5f97\u8054\u7cfb\u3002<\/p>\n<p>\u6211\u4eec\u671f\u5f85\u4e0e\u60a8\u76f8\u8bc6\uff0c\u5e76\u5171\u540c\u627e\u5230\u60a8\u623f\u5730\u4ea7\u9700\u6c42\u7684\u6700\u4f73\u89e3\u51b3\u65b9\u6848\u3002<\/p>\n","protected":false},"excerpt":{"rendered":"<p>\u6b22\u8fce\u6765\u5230HIHC Horvat\u623f\u5730\u4ea7\u6709\u9650\u516c\u53f8\u2014\u2014\u60a8\u5728\u67cf\u6797\u3001\u5fb7\u56fd\u548c\u6574\u4e2a\u6b27\u6d32\u7684\u4f4f\u5b85\u548c\u5546\u4e1a\u623f\u5730\u4ea7\u4e13\u5bb6\u3002 \u51ed\u501f\u8d85\u8fc730<\/p>\n","protected":false},"author":1,"featured_media":0,"parent":0,"menu_order":0,"comment_status":"open","ping_status":"open","template":"","meta":{"_acf_changed":false,"ngg_post_thumbnail":0,"footnotes":""},"class_list":["post-55912","page","type-page","status-publish","hentry"],"acf":[],"yoast_head":"<!-- This site is optimized with the Yoast SEO Premium plugin v22.7 (Yoast SEO v27.4) - https:\/\/yoast.com\/product\/yoast-seo-premium-wordpress\/ -->\n<title>\u5173\u4e8e\u6211\u4eec - HIHC Immobilienmakler Berlin, Deutschland und Europa<\/title>\n<meta name=\"robots\" content=\"index, follow, max-snippet:-1, max-image-preview:large, max-video-preview:-1\" \/>\n<link rel=\"canonical\" href=\"https:\/\/hihc.de\/zh-hant\/%e5%85%b3%e4%ba%8e%e6%88%91%e4%bb%ac\/\" \/>\n<meta property=\"og:locale\" content=\"zh_TW\" \/>\n<meta property=\"og:type\" content=\"article\" \/>\n<meta property=\"og:title\" content=\"\u5173\u4e8e\u6211\u4eec\" \/>\n<meta property=\"og:description\" content=\"\u6b22\u8fce\u6765\u5230HIHC Horvat\u623f\u5730\u4ea7\u6709\u9650\u516c\u53f8\u2014\u2014\u60a8\u5728\u67cf\u6797\u3001\u5fb7\u56fd\u548c\u6574\u4e2a\u6b27\u6d32\u7684\u4f4f\u5b85\u548c\u5546\u4e1a\u623f\u5730\u4ea7\u4e13\u5bb6\u3002 \u51ed\u501f\u8d85\u8fc730\" \/>\n<meta property=\"og:url\" content=\"https:\/\/hihc.de\/zh-hant\/%e5%85%b3%e4%ba%8e%e6%88%91%e4%bb%ac\/\" \/>\n<meta property=\"og:site_name\" content=\"HIHC Immobilienmakler Berlin, Deutschland und Europa\" \/>\n<meta property=\"article:publisher\" content=\"https:\/\/www.facebook.com\/derimmobilienmaklerberlin\" \/>\n<meta property=\"article:modified_time\" content=\"2023-06-03T10:52:30+00:00\" \/>\n<meta property=\"og:image\" content=\"https:\/\/hihc.de\/wp-content\/uploads\/2023\/05\/Logo-HIHC.jpg\" \/>\n\t<meta property=\"og:image:width\" content=\"640\" \/>\n\t<meta property=\"og:image:height\" content=\"400\" \/>\n\t<meta property=\"og:image:type\" content=\"image\/jpeg\" \/>\n<meta name=\"twitter:card\" content=\"summary_large_image\" \/>\n<meta name=\"twitter:site\" content=\"@immobilieninfos\" \/>\n<meta name=\"twitter:label1\" content=\"\u9810\u4f30\u95b1\u8b80\u6642\u9593\" \/>\n\t<meta name=\"twitter:data1\" content=\"1 \u5206\u9418\" \/>\n<script type=\"application\/ld+json\" class=\"yoast-schema-graph\">{\"@context\":\"https:\\\/\\\/schema.org\",\"@graph\":[{\"@type\":\"WebPage\",\"@id\":\"https:\\\/\\\/hihc.de\\\/zh-hant\\\/%e5%85%b3%e4%ba%8e%e6%88%91%e4%bb%ac\\\/\",\"url\":\"https:\\\/\\\/hihc.de\\\/zh-hant\\\/%e5%85%b3%e4%ba%8e%e6%88%91%e4%bb%ac\\\/\",\"name\":\"\u5173\u4e8e\u6211\u4eec - HIHC Immobilienmakler Berlin, Deutschland und Europa\",\"isPartOf\":{\"@id\":\"https:\\\/\\\/hihc.de\\\/zh-hant\\\/#website\"},\"datePublished\":\"2023-06-03T10:52:09+00:00\",\"dateModified\":\"2023-06-03T10:52:30+00:00\",\"breadcrumb\":{\"@id\":\"https:\\\/\\\/hihc.de\\\/zh-hant\\\/%e5%85%b3%e4%ba%8e%e6%88%91%e4%bb%ac\\\/#breadcrumb\"},\"inLanguage\":\"zh-TW\",\"potentialAction\":[{\"@type\":\"ReadAction\",\"target\":[\"https:\\\/\\\/hihc.de\\\/zh-hant\\\/%e5%85%b3%e4%ba%8e%e6%88%91%e4%bb%ac\\\/\"]}]},{\"@type\":\"BreadcrumbList\",\"@id\":\"https:\\\/\\\/hihc.de\\\/zh-hant\\\/%e5%85%b3%e4%ba%8e%e6%88%91%e4%bb%ac\\\/#breadcrumb\",\"itemListElement\":[{\"@type\":\"ListItem\",\"position\":1,\"name\":\"Startseite\",\"item\":\"https:\\\/\\\/hihc.de\\\/zh-hant\\\/\"},{\"@type\":\"ListItem\",\"position\":2,\"name\":\"\u5173\u4e8e\u6211\u4eec\"}]},{\"@type\":\"WebSite\",\"@id\":\"https:\\\/\\\/hihc.de\\\/zh-hant\\\/#website\",\"url\":\"https:\\\/\\\/hihc.de\\\/zh-hant\\\/\",\"name\":\"HIHC Immobilienmakler Berlin, Deutschland und Europa\",\"description\":\"Just another WordPress site\",\"publisher\":{\"@id\":\"https:\\\/\\\/hihc.de\\\/zh-hant\\\/#organization\"},\"alternateName\":\"HIHC\",\"potentialAction\":[{\"@type\":\"SearchAction\",\"target\":{\"@type\":\"EntryPoint\",\"urlTemplate\":\"https:\\\/\\\/hihc.de\\\/zh-hant\\\/?s={search_term_string}\"},\"query-input\":{\"@type\":\"PropertyValueSpecification\",\"valueRequired\":true,\"valueName\":\"search_term_string\"}}],\"inLanguage\":\"zh-TW\"},{\"@type\":\"Organization\",\"@id\":\"https:\\\/\\\/hihc.de\\\/zh-hant\\\/#organization\",\"name\":\"HIHC Horvat Real Estate GmbH\",\"alternateName\":\"HIHC\",\"url\":\"https:\\\/\\\/hihc.de\\\/zh-hant\\\/\",\"logo\":{\"@type\":\"ImageObject\",\"inLanguage\":\"zh-TW\",\"@id\":\"https:\\\/\\\/hihc.de\\\/zh-hant\\\/#\\\/schema\\\/logo\\\/image\\\/\",\"url\":\"https:\\\/\\\/hihc.de\\\/wp-content\\\/uploads\\\/2023\\\/05\\\/Logo-HIHC.jpg\",\"contentUrl\":\"https:\\\/\\\/hihc.de\\\/wp-content\\\/uploads\\\/2023\\\/05\\\/Logo-HIHC.jpg\",\"width\":640,\"height\":400,\"caption\":\"HIHC Horvat Real Estate GmbH\"},\"image\":{\"@id\":\"https:\\\/\\\/hihc.de\\\/zh-hant\\\/#\\\/schema\\\/logo\\\/image\\\/\"},\"sameAs\":[\"https:\\\/\\\/www.facebook.com\\\/derimmobilienmaklerberlin\",\"https:\\\/\\\/x.com\\\/immobilieninfos\",\"https:\\\/\\\/mastodon.social\\\/@hihc\",\"https:\\\/\\\/www.youtube.com\\\/user\\\/HIHCBERLIN\",\"https:\\\/\\\/www.tiktok.com\\\/@immobilienmaklerberlin?lang=en\",\"https:\\\/\\\/open.spotify.com\\\/show\\\/4XsnJYMYOHLg2SCshmV4Uj?si=oBla_h3VT5yLPBFIRJQofQ\",\"https:\\\/\\\/www.instagram.com\\\/immobilienmaklerberlin24\\\/\"],\"description\":\"Ihr erfahrener Immobilienmakler f\u00fcr Wohn- und Gewerbeimmobilien in Berlin, Deutschland und Europa mit \u00fcber 30 Jahren Expertise! Wir vermitteln On-Market & Off-Market: Einfamilienh\u00e4user, Mehrfamilienh\u00e4user, Eigentumswohnungen, Reihenh\u00e4user, Doppelh\u00e4user, Stadth\u00e4user, Villen, Penthouses, Lofts, m\u00f6blierte & unm\u00f6blierte Apartments, Studentenwohnheime, Seniorenwohnheime, Ferienh\u00e4user, Grundst\u00fccke, Wochenendh\u00e4user, Bauernh\u00e4user, Bungalows, Tiny Houses, Schwimmende H\u00e4user (Hausboote), Schl\u00f6sser, Burgen, Kl\u00f6ster, B\u00fcrogeb\u00e4ude, Einzelhandelsfl\u00e4chen, Einkaufszentren, Gewerbehallen, Lagerhallen, Industrieparks, Gewerbeparks, Hotels, Pensionen, Motels, Restaurants, Caf\u00e9s, Bars\\\/Nachtclubs, Fitnessstudios, Arztpraxen, Kliniken, Pflegeheime, Zahnarztpraxen, Apotheken, Banken, Superm\u00e4rkte, Baum\u00e4rkte, Tankstellen, Kinos, Theater, Sporthallen\\\/Stadien, Parkh\u00e4user, Lagerfl\u00e4chen, Logistikzentren, Produktionsst\u00e4tten, Landwirtschaftliche Betriebe (z. B. Bauernh\u00f6fe, Weing\u00fcter). Auch bekannt aus: TikTok, YouTube, Facebook, Spotify\",\"email\":\"info@hihc.de\",\"telephone\":\"+493033099930\",\"legalName\":\"HIHC Horvat Real Estate GmbH\",\"vatID\":\"DE 272236709\"}]}<\/script>\n<!-- \/ Yoast SEO Premium plugin. -->","yoast_head_json":{"title":"\u5173\u4e8e\u6211\u4eec - HIHC Immobilienmakler Berlin, Deutschland und Europa","robots":{"index":"index","follow":"follow","max-snippet":"max-snippet:-1","max-image-preview":"max-image-preview:large","max-video-preview":"max-video-preview:-1"},"canonical":"https:\/\/hihc.de\/zh-hant\/%e5%85%b3%e4%ba%8e%e6%88%91%e4%bb%ac\/","og_locale":"zh_TW","og_type":"article","og_title":"\u5173\u4e8e\u6211\u4eec","og_description":"\u6b22\u8fce\u6765\u5230HIHC Horvat\u623f\u5730\u4ea7\u6709\u9650\u516c\u53f8\u2014\u2014\u60a8\u5728\u67cf\u6797\u3001\u5fb7\u56fd\u548c\u6574\u4e2a\u6b27\u6d32\u7684\u4f4f\u5b85\u548c\u5546\u4e1a\u623f\u5730\u4ea7\u4e13\u5bb6\u3002 \u51ed\u501f\u8d85\u8fc730","og_url":"https:\/\/hihc.de\/zh-hant\/%e5%85%b3%e4%ba%8e%e6%88%91%e4%bb%ac\/","og_site_name":"HIHC Immobilienmakler Berlin, Deutschland und Europa","article_publisher":"https:\/\/www.facebook.com\/derimmobilienmaklerberlin","article_modified_time":"2023-06-03T10:52:30+00:00","og_image":[{"width":640,"height":400,"url":"https:\/\/hihc.de\/wp-content\/uploads\/2023\/05\/Logo-HIHC.jpg","type":"image\/jpeg"}],"twitter_card":"summary_large_image","twitter_site":"@immobilieninfos","twitter_misc":{"\u9810\u4f30\u95b1\u8b80\u6642\u9593":"1 \u5206\u9418"},"schema":{"@context":"https:\/\/schema.org","@graph":[{"@type":"WebPage","@id":"https:\/\/hihc.de\/zh-hant\/%e5%85%b3%e4%ba%8e%e6%88%91%e4%bb%ac\/","url":"https:\/\/hihc.de\/zh-hant\/%e5%85%b3%e4%ba%8e%e6%88%91%e4%bb%ac\/","name":"\u5173\u4e8e\u6211\u4eec - HIHC Immobilienmakler Berlin, Deutschland und Europa","isPartOf":{"@id":"https:\/\/hihc.de\/zh-hant\/#website"},"datePublished":"2023-06-03T10:52:09+00:00","dateModified":"2023-06-03T10:52:30+00:00","breadcrumb":{"@id":"https:\/\/hihc.de\/zh-hant\/%e5%85%b3%e4%ba%8e%e6%88%91%e4%bb%ac\/#breadcrumb"},"inLanguage":"zh-TW","potentialAction":[{"@type":"ReadAction","target":["https:\/\/hihc.de\/zh-hant\/%e5%85%b3%e4%ba%8e%e6%88%91%e4%bb%ac\/"]}]},{"@type":"BreadcrumbList","@id":"https:\/\/hihc.de\/zh-hant\/%e5%85%b3%e4%ba%8e%e6%88%91%e4%bb%ac\/#breadcrumb","itemListElement":[{"@type":"ListItem","position":1,"name":"Startseite","item":"https:\/\/hihc.de\/zh-hant\/"},{"@type":"ListItem","position":2,"name":"\u5173\u4e8e\u6211\u4eec"}]},{"@type":"WebSite","@id":"https:\/\/hihc.de\/zh-hant\/#website","url":"https:\/\/hihc.de\/zh-hant\/","name":"HIHC Immobilienmakler Berlin, Deutschland und Europa","description":"Just another WordPress site","publisher":{"@id":"https:\/\/hihc.de\/zh-hant\/#organization"},"alternateName":"HIHC","potentialAction":[{"@type":"SearchAction","target":{"@type":"EntryPoint","urlTemplate":"https:\/\/hihc.de\/zh-hant\/?s={search_term_string}"},"query-input":{"@type":"PropertyValueSpecification","valueRequired":true,"valueName":"search_term_string"}}],"inLanguage":"zh-TW"},{"@type":"Organization","@id":"https:\/\/hihc.de\/zh-hant\/#organization","name":"HIHC Horvat Real Estate GmbH","alternateName":"HIHC","url":"https:\/\/hihc.de\/zh-hant\/","logo":{"@type":"ImageObject","inLanguage":"zh-TW","@id":"https:\/\/hihc.de\/zh-hant\/#\/schema\/logo\/image\/","url":"https:\/\/hihc.de\/wp-content\/uploads\/2023\/05\/Logo-HIHC.jpg","contentUrl":"https:\/\/hihc.de\/wp-content\/uploads\/2023\/05\/Logo-HIHC.jpg","width":640,"height":400,"caption":"HIHC Horvat Real Estate GmbH"},"image":{"@id":"https:\/\/hihc.de\/zh-hant\/#\/schema\/logo\/image\/"},"sameAs":["https:\/\/www.facebook.com\/derimmobilienmaklerberlin","https:\/\/x.com\/immobilieninfos","https:\/\/mastodon.social\/@hihc","https:\/\/www.youtube.com\/user\/HIHCBERLIN","https:\/\/www.tiktok.com\/@immobilienmaklerberlin?lang=en","https:\/\/open.spotify.com\/show\/4XsnJYMYOHLg2SCshmV4Uj?si=oBla_h3VT5yLPBFIRJQofQ","https:\/\/www.instagram.com\/immobilienmaklerberlin24\/"],"description":"Ihr erfahrener Immobilienmakler f\u00fcr Wohn- und Gewerbeimmobilien in Berlin, Deutschland und Europa mit \u00fcber 30 Jahren Expertise! Wir vermitteln On-Market & Off-Market: Einfamilienh\u00e4user, Mehrfamilienh\u00e4user, Eigentumswohnungen, Reihenh\u00e4user, Doppelh\u00e4user, Stadth\u00e4user, Villen, Penthouses, Lofts, m\u00f6blierte & unm\u00f6blierte Apartments, Studentenwohnheime, Seniorenwohnheime, Ferienh\u00e4user, Grundst\u00fccke, Wochenendh\u00e4user, Bauernh\u00e4user, Bungalows, Tiny Houses, Schwimmende H\u00e4user (Hausboote), Schl\u00f6sser, Burgen, Kl\u00f6ster, B\u00fcrogeb\u00e4ude, Einzelhandelsfl\u00e4chen, Einkaufszentren, Gewerbehallen, Lagerhallen, Industrieparks, Gewerbeparks, Hotels, Pensionen, Motels, Restaurants, Caf\u00e9s, Bars\/Nachtclubs, Fitnessstudios, Arztpraxen, Kliniken, Pflegeheime, Zahnarztpraxen, Apotheken, Banken, Superm\u00e4rkte, Baum\u00e4rkte, Tankstellen, Kinos, Theater, Sporthallen\/Stadien, Parkh\u00e4user, Lagerfl\u00e4chen, Logistikzentren, Produktionsst\u00e4tten, Landwirtschaftliche Betriebe (z. B. Bauernh\u00f6fe, Weing\u00fcter). Auch bekannt aus: TikTok, YouTube, Facebook, Spotify","email":"info@hihc.de","telephone":"+493033099930","legalName":"HIHC Horvat Real Estate GmbH","vatID":"DE 272236709"}]}},"_links":{"self":[{"href":"https:\/\/hihc.de\/zh-hant\/wp-json\/wp\/v2\/pages\/55912","targetHints":{"allow":["GET"]}}],"collection":[{"href":"https:\/\/hihc.de\/zh-hant\/wp-json\/wp\/v2\/pages"}],"about":[{"href":"https:\/\/hihc.de\/zh-hant\/wp-json\/wp\/v2\/types\/page"}],"author":[{"embeddable":true,"href":"https:\/\/hihc.de\/zh-hant\/wp-json\/wp\/v2\/users\/1"}],"replies":[{"embeddable":true,"href":"https:\/\/hihc.de\/zh-hant\/wp-json\/wp\/v2\/comments?post=55912"}],"version-history":[{"count":2,"href":"https:\/\/hihc.de\/zh-hant\/wp-json\/wp\/v2\/pages\/55912\/revisions"}],"predecessor-version":[{"id":55914,"href":"https:\/\/hihc.de\/zh-hant\/wp-json\/wp\/v2\/pages\/55912\/revisions\/55914"}],"wp:attachment":[{"href":"https:\/\/hihc.de\/zh-hant\/wp-json\/wp\/v2\/media?parent=55912"}],"curies":[{"name":"wp","href":"https:\/\/api.w.org\/{rel}","templated":true}]}}