{"id":181,"date":"2015-08-05T11:09:09","date_gmt":"2015-08-05T11:09:09","guid":{"rendered":"http:\/\/new.hihc.de\/en\/?page_id=181"},"modified":"2022-10-20T12:37:29","modified_gmt":"2022-10-20T12:37:29","slug":"%d0%ba%d0%be%d0%bd%d1%82%d0%b0%d0%ba%d1%82","status":"publish","type":"page","link":"https:\/\/hihc.de\/ru\/%d0%ba%d0%be%d0%bd%d1%82%d0%b0%d0%ba%d1%82\/","title":{"rendered":"\u043a\u043e\u043d\u0442\u0430\u043a\u0442"},"content":{"rendered":"<h1>\u041a\u043e\u043d\u0442\u0430\u043a\u0442<\/h1>\n<h2>\u041a\u0430\u043a \u0432\u043b\u0430\u0434\u0435\u043b\u044c\u0446\u0430\u043c \u043d\u0435\u0434\u0432\u0438\u0436\u0438\u043c\u043e\u0441\u0442\u0438, \u0442\u0430\u043a \u0438 \u043b\u044e\u0434\u044f\u043c, \u0437\u0430\u043d\u0438\u043c\u0430\u044e\u0449\u0438\u043c\u0441\u044f \u043f\u043e\u0438\u0441\u043a\u043e\u043c \u043f\u043e\u0434\u0445\u043e\u0434\u044f\u0449\u0435\u0433\u043e \u043e\u0431\u044a\u0435\u043a\u0442\u0430, \u043c\u044b \u043e\u0445\u043e\u0442\u043d\u043e \u043f\u043e\u043c\u043e\u0433\u0430\u0435\u043c \u0440\u0435\u0430\u043b\u0438\u0437\u043e\u0432\u0430\u0442\u044c \u0432 \u043f\u043e\u043b\u043d\u043e\u043c \u043e\u0431\u044a\u0435\u043c\u0435 \u0438\u0445 \u0438\u043d\u0442\u0435\u0440\u0435\u0441\u044b. \u0415\u0441\u043b\u0438 \u0432\u0430\u043c \u043d\u0443\u0436\u043d\u0430 \u0438\u043d\u0444\u043e\u0440\u043c\u0430\u0446\u0438\u044f, \u043a\u043e\u043d\u0441\u0443\u043b\u044c\u0442\u0430\u0446\u0438\u044f, \u0441\u043e\u043f\u0440\u043e\u0432\u043e\u0436\u0434\u0435\u043d\u0438\u0435, \u0441\u0442\u0440\u0430\u0442\u0435\u0433\u0438\u044f \u0443\u0441\u043f\u0435\u0445\u0430 \u0438\u043b\u0438 \u0431\u0435\u0441\u043f\u043b\u0430\u0442\u043d\u0430\u044f \u043e\u0446\u0435\u043d\u043a\u0430 \u0440\u044b\u043d\u043e\u0447\u043d\u043e\u0439 \u0441\u0442\u043e\u0438\u043c\u043e\u0441\u0442\u0438 \u043e\u0431\u044a\u0435\u043a\u0442\u0430, \u0441\u0432\u044f\u0436\u0438\u0442\u0435\u0441\u044c \u0441 \u043d\u0430\u043c\u0438 \u043d\u0430\u043f\u0440\u044f\u043c\u0443\u044e!<\/h2>\n<div class=\"one_half\">\nHIHC Horvat Real Estate GmbH<\/p>\n<p>Agents, Surveyors &amp; Valuers<\/p>\n<p>Hauptstra\u00dfe 132<br \/>\n10827 Berlin \u2013 Sch\u00f6neberg<\/p>\n<p><strong>\u0422\u0435\u043b.: +49 30 220-568-00<\/strong><br \/>\n<strong> \u0424\u0430\u043a\u0441: +49 30 330-999-33<\/strong><br \/>\n<strong> \u042d\u043b. \u043f\u043e\u0447\u0442\u0430: info@hihc.de<\/strong><\/p>\n<p><strong>\u0421 \u0417\u0410\u041f\u0420\u041e\u0421\u0410\u041c\u0418 \u041f\u041e \u0410\u0420\u0415\u041d\u0414\u0415 \u043f\u0440\u043e\u0441\u044c\u0431\u0430 \u043e\u0431\u0440\u0430\u0449\u0430\u0442\u044c\u0441\u044f \u0422\u041e\u041b\u042c\u041a\u041e \u041f\u041e \u042d\u041b\u0415\u041a\u0422\u0420\u041e\u041d\u041d\u041e\u0419 \u041f\u041e\u0427\u0422\u0415<\/strong><\/p>\n<p>\u041a\u043e\u043d\u0442\u0430\u043a\u0442\u043d\u0430\u044f \u0444\u043e\u0440\u043c\u0430<\/p><\/div>\n<div class=\"one_half last\"><a href=\"https:\/\/www.google.com\/maps?ll=52.504547,13.317053&amp;z=15&amp;t=m&amp;hl=de&amp;gl=DE&amp;mapclient=embed&amp;cid=3589919552726403513\" target=\"_blank\" rel=\"noopener\"><img fetchpriority=\"high\" decoding=\"async\" class=\"alignnone wp-image-54313 size-full\" src=\"https:\/\/hihc.de\/wp-content\/uploads\/2022\/10\/gmap.jpg\" alt=\"\" width=\"429\" height=\"255\" srcset=\"https:\/\/hihc.de\/wp-content\/uploads\/2022\/10\/gmap.jpg 429w, https:\/\/hihc.de\/wp-content\/uploads\/2022\/10\/gmap-300x178.jpg 300w\" sizes=\"(max-width: 429px) 100vw, 429px\" \/><\/a><\/div>\n<div class=\"clear\"><\/div>\n<h2>\u0424\u043e\u0440\u043c\u0430 \u041e\u0431\u0440\u0430\u0442\u043d\u043e\u0439 \u0421\u0432\u044f\u0437\u0438<\/h2>\n<div class=\"wpcf7 no-js\" id=\"wpcf7-f223-o1\" lang=\"\" dir=\"ltr\" data-wpcf7-id=\"223\">\n<div class=\"screen-reader-response\">\n<p role=\"status\" aria-live=\"polite\" aria-atomic=\"true\">\n<ul><\/ul>\n<\/div>\n<form action=\"\/ru\/wp-json\/wp\/v2\/pages\/181#wpcf7-f223-o1\" method=\"post\" class=\"wpcf7-form init\" aria-label=\"\u041a\u043e\u043d\u0442\u0430\u043a\u0442\u043d\u0430\u044f \u0444\u043e\u0440\u043c\u0430\" novalidate=\"novalidate\" data-status=\"init\">\n<fieldset class=\"hidden-fields-container\"><input type=\"hidden\" name=\"_wpcf7\" value=\"223\" \/><input type=\"hidden\" name=\"_wpcf7_version\" value=\"6.1.5\" \/><input type=\"hidden\" name=\"_wpcf7_locale\" value=\"\" \/><input type=\"hidden\" name=\"_wpcf7_unit_tag\" value=\"wpcf7-f223-o1\" \/><input type=\"hidden\" name=\"_wpcf7_container_post\" value=\"0\" \/><input type=\"hidden\" name=\"_wpcf7_posted_data_hash\" value=\"\" \/><input type=\"hidden\" name=\"_wpcf7_recaptcha_response\" value=\"\" \/><br \/>\n<\/fieldset>\n<div class=\"form_bg\">\n<div class=\"one_half\">\n<p><span class=\"wpcf7-form-control-wrap\" data-name=\"your-name\"><input size=\"40\" maxlength=\"400\" class=\"wpcf7-form-control wpcf7-text wpcf7-validates-as-required\" aria-required=\"true\" aria-invalid=\"false\" placeholder=\"Name *\" value=\"\" type=\"text\" name=\"your-name\" \/><\/span>\n\t\t<\/p>\n<p><span class=\"wpcf7-form-control-wrap\" data-name=\"your-email\"><input size=\"40\" maxlength=\"400\" class=\"wpcf7-form-control wpcf7-email wpcf7-validates-as-required wpcf7-text wpcf7-validates-as-email\" aria-required=\"true\" aria-invalid=\"false\" placeholder=\"E-Mail-Adresse *\" value=\"\" type=\"email\" name=\"your-email\" \/><\/span>\n\t\t<\/p>\n<p><span class=\"wpcf7-form-control-wrap\" data-name=\"tel\"><input size=\"40\" maxlength=\"400\" class=\"wpcf7-form-control wpcf7-text\" aria-invalid=\"false\" placeholder=\"Telefon\" value=\"\" type=\"text\" name=\"tel\" \/><\/span>\n\t\t<\/p>\n<p><span class=\"wpcf7-form-control-wrap\" data-name=\"your-subject\"><input size=\"40\" maxlength=\"400\" class=\"wpcf7-form-control wpcf7-text\" aria-invalid=\"false\" placeholder=\"Betreff\" value=\"\" type=\"text\" name=\"your-subject\" \/><\/span>\n\t\t<\/p>\n<\/p><\/div>\n<div class=\"one_half last\">\n<p><span class=\"wpcf7-form-control-wrap\" data-name=\"your-message\"><textarea cols=\"40\" rows=\"10\" maxlength=\"2000\" class=\"wpcf7-form-control wpcf7-textarea\" aria-invalid=\"false\" placeholder=\"Ihre Nachricht *\" name=\"your-message\"><\/textarea><\/span>\n\t\t<\/p>\n<\/p><\/div>\n<div class=\"clear\">\n\t<\/div>\n<\/div>\n<p><input class=\"wpcf7-form-control wpcf7-submit has-spinner\" type=\"submit\" value=\"Senden\" \/>\n<\/p>\n<div class=\"wpcf7-response-output\" aria-hidden=\"true\"><\/div>\n<\/form>\n<\/div>\n","protected":false},"excerpt":{"rendered":"<p>\u041a\u043e\u043d\u0442\u0430\u043a\u0442 \u041a\u0430\u043a \u0432\u043b\u0430\u0434\u0435\u043b\u044c\u0446\u0430\u043c \u043d\u0435\u0434\u0432\u0438\u0436\u0438\u043c\u043e\u0441\u0442\u0438, \u0442\u0430\u043a \u0438 \u043b\u044e\u0434\u044f\u043c, \u0437\u0430\u043d\u0438\u043c\u0430\u044e\u0449\u0438\u043c\u0441\u044f \u043f\u043e\u0438\u0441\u043a\u043e\u043c \u043f\u043e\u0434\u0445\u043e\u0434\u044f\u0449\u0435\u0433\u043e \u043e\u0431\u044a\u0435\u043a\u0442\u0430, \u043c\u044b \u043e\u0445\u043e\u0442\u043d\u043e \u043f\u043e\u043c\u043e\u0433\u0430\u0435\u043c \u0440\u0435\u0430\u043b\u0438\u0437\u043e\u0432\u0430\u0442\u044c \u0432 \u043f\u043e\u043b\u043d\u043e\u043c \u043e\u0431\u044a\u0435\u043c\u0435 \u0438\u0445 \u0438\u043d\u0442\u0435\u0440\u0435\u0441\u044b. \u0415\u0441\u043b\u0438 \u0432\u0430\u043c \u043d\u0443\u0436\u043d\u0430 \u0438\u043d\u0444\u043e\u0440\u043c\u0430\u0446\u0438\u044f, \u043a\u043e\u043d\u0441\u0443\u043b\u044c\u0442\u0430\u0446\u0438\u044f, \u0441\u043e\u043f\u0440\u043e\u0432\u043e\u0436\u0434\u0435\u043d\u0438\u0435, \u0441\u0442\u0440\u0430\u0442\u0435\u0433\u0438\u044f \u0443\u0441\u043f\u0435\u0445\u0430 \u0438\u043b\u0438 \u0431\u0435\u0441\u043f\u043b\u0430\u0442\u043d\u0430\u044f \u043e\u0446\u0435\u043d\u043a\u0430 \u0440\u044b\u043d\u043e\u0447\u043d\u043e\u0439 \u0441\u0442\u043e\u0438\u043c\u043e\u0441\u0442\u0438 \u043e\u0431\u044a\u0435\u043a\u0442\u0430, \u0441\u0432\u044f\u0436\u0438\u0442\u0435\u0441\u044c \u0441 \u043d\u0430\u043c\u0438 \u043d\u0430\u043f\u0440\u044f\u043c\u0443\u044e! HIHC Horvat Real Estate GmbH Agents, Surveyors &amp; Valuers Hauptstra\u00dfe 132 10827 Berlin \u2013 Sch\u00f6neberg \u0422\u0435\u043b.: +49<\/p>\n","protected":false},"author":1,"featured_media":0,"parent":0,"menu_order":0,"comment_status":"open","ping_status":"closed","template":"","meta":{"_acf_changed":false,"ngg_post_thumbnail":0,"footnotes":""},"class_list":["post-181","page","type-page","status-publish","hentry"],"acf":[],"yoast_head":"<!-- This site is optimized with the Yoast SEO Premium plugin v22.7 (Yoast SEO v27.5) - https:\/\/yoast.com\/product\/yoast-seo-premium-wordpress\/ -->\n<title>\u043a\u043e\u043d\u0442\u0430\u043a\u0442 - HIHC Immobilienmakler Berlin, Deutschland und Europa<\/title>\n<meta name=\"robots\" content=\"index, follow, max-snippet:-1, max-image-preview:large, max-video-preview:-1\" \/>\n<link rel=\"canonical\" href=\"https:\/\/hihc.de\/ru\/%d0%ba%d0%be%d0%bd%d1%82%d0%b0%d0%ba%d1%82\/\" \/>\n<meta property=\"og:locale\" content=\"ru_RU\" \/>\n<meta property=\"og:type\" content=\"article\" \/>\n<meta property=\"og:title\" content=\"\u043a\u043e\u043d\u0442\u0430\u043a\u0442\" \/>\n<meta property=\"og:description\" content=\"\u041a\u043e\u043d\u0442\u0430\u043a\u0442 \u041a\u0430\u043a \u0432\u043b\u0430\u0434\u0435\u043b\u044c\u0446\u0430\u043c \u043d\u0435\u0434\u0432\u0438\u0436\u0438\u043c\u043e\u0441\u0442\u0438, \u0442\u0430\u043a \u0438 \u043b\u044e\u0434\u044f\u043c, \u0437\u0430\u043d\u0438\u043c\u0430\u044e\u0449\u0438\u043c\u0441\u044f \u043f\u043e\u0438\u0441\u043a\u043e\u043c \u043f\u043e\u0434\u0445\u043e\u0434\u044f\u0449\u0435\u0433\u043e \u043e\u0431\u044a\u0435\u043a\u0442\u0430, \u043c\u044b \u043e\u0445\u043e\u0442\u043d\u043e \u043f\u043e\u043c\u043e\u0433\u0430\u0435\u043c \u0440\u0435\u0430\u043b\u0438\u0437\u043e\u0432\u0430\u0442\u044c \u0432 \u043f\u043e\u043b\u043d\u043e\u043c \u043e\u0431\u044a\u0435\u043c\u0435 \u0438\u0445 \u0438\u043d\u0442\u0435\u0440\u0435\u0441\u044b. \u0415\u0441\u043b\u0438 \u0432\u0430\u043c \u043d\u0443\u0436\u043d\u0430 \u0438\u043d\u0444\u043e\u0440\u043c\u0430\u0446\u0438\u044f, \u043a\u043e\u043d\u0441\u0443\u043b\u044c\u0442\u0430\u0446\u0438\u044f, \u0441\u043e\u043f\u0440\u043e\u0432\u043e\u0436\u0434\u0435\u043d\u0438\u0435, \u0441\u0442\u0440\u0430\u0442\u0435\u0433\u0438\u044f \u0443\u0441\u043f\u0435\u0445\u0430 \u0438\u043b\u0438 \u0431\u0435\u0441\u043f\u043b\u0430\u0442\u043d\u0430\u044f \u043e\u0446\u0435\u043d\u043a\u0430 \u0440\u044b\u043d\u043e\u0447\u043d\u043e\u0439 \u0441\u0442\u043e\u0438\u043c\u043e\u0441\u0442\u0438 \u043e\u0431\u044a\u0435\u043a\u0442\u0430, \u0441\u0432\u044f\u0436\u0438\u0442\u0435\u0441\u044c \u0441 \u043d\u0430\u043c\u0438 \u043d\u0430\u043f\u0440\u044f\u043c\u0443\u044e! HIHC Horvat Real Estate GmbH Agents, Surveyors &amp; Valuers Hauptstra\u00dfe 132 10827 Berlin \u2013 Sch\u00f6neberg \u0422\u0435\u043b.: +49\" \/>\n<meta property=\"og:url\" content=\"https:\/\/hihc.de\/ru\/%d0%ba%d0%be%d0%bd%d1%82%d0%b0%d0%ba%d1%82\/\" \/>\n<meta property=\"og:site_name\" content=\"HIHC Immobilienmakler Berlin, Deutschland und Europa\" \/>\n<meta property=\"article:publisher\" content=\"https:\/\/www.facebook.com\/derimmobilienmaklerberlin\" \/>\n<meta property=\"article:modified_time\" content=\"2022-10-20T12:37:29+00:00\" \/>\n<meta property=\"og:image\" content=\"https:\/\/hihc.de\/wp-content\/uploads\/2022\/10\/gmap.jpg\" \/>\n<meta name=\"twitter:card\" content=\"summary_large_image\" \/>\n<meta name=\"twitter:site\" content=\"@immobilieninfos\" \/>\n<meta name=\"twitter:label1\" content=\"\u041f\u0440\u0438\u043c\u0435\u0440\u043d\u043e\u0435 \u0432\u0440\u0435\u043c\u044f \u0434\u043b\u044f \u0447\u0442\u0435\u043d\u0438\u044f\" \/>\n\t<meta name=\"twitter:data1\" content=\"1 \u043c\u0438\u043d\u0443\u0442\u0430\" \/>\n<script type=\"application\/ld+json\" class=\"yoast-schema-graph\">{\"@context\":\"https:\\\/\\\/schema.org\",\"@graph\":[{\"@type\":\"WebPage\",\"@id\":\"https:\\\/\\\/hihc.de\\\/ru\\\/%d0%ba%d0%be%d0%bd%d1%82%d0%b0%d0%ba%d1%82\\\/\",\"url\":\"https:\\\/\\\/hihc.de\\\/ru\\\/%d0%ba%d0%be%d0%bd%d1%82%d0%b0%d0%ba%d1%82\\\/\",\"name\":\"\u043a\u043e\u043d\u0442\u0430\u043a\u0442 - HIHC Immobilienmakler Berlin, Deutschland und Europa\",\"isPartOf\":{\"@id\":\"https:\\\/\\\/hihc.de\\\/ru\\\/#website\"},\"primaryImageOfPage\":{\"@id\":\"https:\\\/\\\/hihc.de\\\/ru\\\/%d0%ba%d0%be%d0%bd%d1%82%d0%b0%d0%ba%d1%82\\\/#primaryimage\"},\"image\":{\"@id\":\"https:\\\/\\\/hihc.de\\\/ru\\\/%d0%ba%d0%be%d0%bd%d1%82%d0%b0%d0%ba%d1%82\\\/#primaryimage\"},\"thumbnailUrl\":\"https:\\\/\\\/hihc.de\\\/wp-content\\\/uploads\\\/2022\\\/10\\\/gmap.jpg\",\"datePublished\":\"2015-08-05T11:09:09+00:00\",\"dateModified\":\"2022-10-20T12:37:29+00:00\",\"breadcrumb\":{\"@id\":\"https:\\\/\\\/hihc.de\\\/ru\\\/%d0%ba%d0%be%d0%bd%d1%82%d0%b0%d0%ba%d1%82\\\/#breadcrumb\"},\"inLanguage\":\"ru-RU\",\"potentialAction\":[{\"@type\":\"ReadAction\",\"target\":[\"https:\\\/\\\/hihc.de\\\/ru\\\/%d0%ba%d0%be%d0%bd%d1%82%d0%b0%d0%ba%d1%82\\\/\"]}]},{\"@type\":\"ImageObject\",\"inLanguage\":\"ru-RU\",\"@id\":\"https:\\\/\\\/hihc.de\\\/ru\\\/%d0%ba%d0%be%d0%bd%d1%82%d0%b0%d0%ba%d1%82\\\/#primaryimage\",\"url\":\"https:\\\/\\\/hihc.de\\\/wp-content\\\/uploads\\\/2022\\\/10\\\/gmap.jpg\",\"contentUrl\":\"https:\\\/\\\/hihc.de\\\/wp-content\\\/uploads\\\/2022\\\/10\\\/gmap.jpg\"},{\"@type\":\"BreadcrumbList\",\"@id\":\"https:\\\/\\\/hihc.de\\\/ru\\\/%d0%ba%d0%be%d0%bd%d1%82%d0%b0%d0%ba%d1%82\\\/#breadcrumb\",\"itemListElement\":[{\"@type\":\"ListItem\",\"position\":1,\"name\":\"Startseite\",\"item\":\"https:\\\/\\\/hihc.de\\\/ru\\\/\"},{\"@type\":\"ListItem\",\"position\":2,\"name\":\"\u043a\u043e\u043d\u0442\u0430\u043a\u0442\"}]},{\"@type\":\"WebSite\",\"@id\":\"https:\\\/\\\/hihc.de\\\/ru\\\/#website\",\"url\":\"https:\\\/\\\/hihc.de\\\/ru\\\/\",\"name\":\"HIHC Immobilienmakler Berlin, Deutschland und Europa\",\"description\":\"Immobilienmakler Berlin | real estate agent berlin\",\"publisher\":{\"@id\":\"https:\\\/\\\/hihc.de\\\/ru\\\/#organization\"},\"alternateName\":\"HIHC\",\"potentialAction\":[{\"@type\":\"SearchAction\",\"target\":{\"@type\":\"EntryPoint\",\"urlTemplate\":\"https:\\\/\\\/hihc.de\\\/ru\\\/?s={search_term_string}\"},\"query-input\":{\"@type\":\"PropertyValueSpecification\",\"valueRequired\":true,\"valueName\":\"search_term_string\"}}],\"inLanguage\":\"ru-RU\"},{\"@type\":\"Organization\",\"@id\":\"https:\\\/\\\/hihc.de\\\/ru\\\/#organization\",\"name\":\"HIHC Horvat Real Estate GmbH\",\"alternateName\":\"HIHC\",\"url\":\"https:\\\/\\\/hihc.de\\\/ru\\\/\",\"logo\":{\"@type\":\"ImageObject\",\"inLanguage\":\"ru-RU\",\"@id\":\"https:\\\/\\\/hihc.de\\\/ru\\\/#\\\/schema\\\/logo\\\/image\\\/\",\"url\":\"https:\\\/\\\/hihc.de\\\/wp-content\\\/uploads\\\/2023\\\/05\\\/Logo-HIHC.jpg\",\"contentUrl\":\"https:\\\/\\\/hihc.de\\\/wp-content\\\/uploads\\\/2023\\\/05\\\/Logo-HIHC.jpg\",\"width\":640,\"height\":400,\"caption\":\"HIHC Horvat Real Estate GmbH\"},\"image\":{\"@id\":\"https:\\\/\\\/hihc.de\\\/ru\\\/#\\\/schema\\\/logo\\\/image\\\/\"},\"sameAs\":[\"https:\\\/\\\/www.facebook.com\\\/derimmobilienmaklerberlin\",\"https:\\\/\\\/x.com\\\/immobilieninfos\",\"https:\\\/\\\/mastodon.social\\\/@hihc\",\"https:\\\/\\\/www.youtube.com\\\/user\\\/HIHCBERLIN\",\"https:\\\/\\\/www.tiktok.com\\\/@immobilienmaklerberlin?lang=en\",\"https:\\\/\\\/open.spotify.com\\\/show\\\/4XsnJYMYOHLg2SCshmV4Uj?si=oBla_h3VT5yLPBFIRJQofQ\",\"https:\\\/\\\/www.instagram.com\\\/immobilienmaklerberlin24\\\/\"],\"description\":\"Ihr erfahrener Immobilienmakler f\u00fcr Wohn- und Gewerbeimmobilien in Berlin, Deutschland und Europa mit \u00fcber 30 Jahren Expertise! Wir vermitteln On-Market & Off-Market: Einfamilienh\u00e4user, Mehrfamilienh\u00e4user, Eigentumswohnungen, Reihenh\u00e4user, Doppelh\u00e4user, Stadth\u00e4user, Villen, Penthouses, Lofts, m\u00f6blierte & unm\u00f6blierte Apartments, Studentenwohnheime, Seniorenwohnheime, Ferienh\u00e4user, Grundst\u00fccke, Wochenendh\u00e4user, Bauernh\u00e4user, Bungalows, Tiny Houses, Schwimmende H\u00e4user (Hausboote), Schl\u00f6sser, Burgen, Kl\u00f6ster, B\u00fcrogeb\u00e4ude, Einzelhandelsfl\u00e4chen, Einkaufszentren, Gewerbehallen, Lagerhallen, Industrieparks, Gewerbeparks, Hotels, Pensionen, Motels, Restaurants, Caf\u00e9s, Bars\\\/Nachtclubs, Fitnessstudios, Arztpraxen, Kliniken, Pflegeheime, Zahnarztpraxen, Apotheken, Banken, Superm\u00e4rkte, Baum\u00e4rkte, Tankstellen, Kinos, Theater, Sporthallen\\\/Stadien, Parkh\u00e4user, Lagerfl\u00e4chen, Logistikzentren, Produktionsst\u00e4tten, Landwirtschaftliche Betriebe (z. B. Bauernh\u00f6fe, Weing\u00fcter). Auch bekannt aus: TikTok, YouTube, Facebook, Spotify\",\"email\":\"info@hihc.de\",\"telephone\":\"+493033099930\",\"legalName\":\"HIHC Horvat Real Estate GmbH\",\"vatID\":\"DE 272236709\"}]}<\/script>\n<!-- \/ Yoast SEO Premium plugin. -->","yoast_head_json":{"title":"\u043a\u043e\u043d\u0442\u0430\u043a\u0442 - HIHC Immobilienmakler Berlin, Deutschland und Europa","robots":{"index":"index","follow":"follow","max-snippet":"max-snippet:-1","max-image-preview":"max-image-preview:large","max-video-preview":"max-video-preview:-1"},"canonical":"https:\/\/hihc.de\/ru\/%d0%ba%d0%be%d0%bd%d1%82%d0%b0%d0%ba%d1%82\/","og_locale":"ru_RU","og_type":"article","og_title":"\u043a\u043e\u043d\u0442\u0430\u043a\u0442","og_description":"\u041a\u043e\u043d\u0442\u0430\u043a\u0442 \u041a\u0430\u043a \u0432\u043b\u0430\u0434\u0435\u043b\u044c\u0446\u0430\u043c \u043d\u0435\u0434\u0432\u0438\u0436\u0438\u043c\u043e\u0441\u0442\u0438, \u0442\u0430\u043a \u0438 \u043b\u044e\u0434\u044f\u043c, \u0437\u0430\u043d\u0438\u043c\u0430\u044e\u0449\u0438\u043c\u0441\u044f \u043f\u043e\u0438\u0441\u043a\u043e\u043c \u043f\u043e\u0434\u0445\u043e\u0434\u044f\u0449\u0435\u0433\u043e \u043e\u0431\u044a\u0435\u043a\u0442\u0430, \u043c\u044b \u043e\u0445\u043e\u0442\u043d\u043e \u043f\u043e\u043c\u043e\u0433\u0430\u0435\u043c \u0440\u0435\u0430\u043b\u0438\u0437\u043e\u0432\u0430\u0442\u044c \u0432 \u043f\u043e\u043b\u043d\u043e\u043c \u043e\u0431\u044a\u0435\u043c\u0435 \u0438\u0445 \u0438\u043d\u0442\u0435\u0440\u0435\u0441\u044b. \u0415\u0441\u043b\u0438 \u0432\u0430\u043c \u043d\u0443\u0436\u043d\u0430 \u0438\u043d\u0444\u043e\u0440\u043c\u0430\u0446\u0438\u044f, \u043a\u043e\u043d\u0441\u0443\u043b\u044c\u0442\u0430\u0446\u0438\u044f, \u0441\u043e\u043f\u0440\u043e\u0432\u043e\u0436\u0434\u0435\u043d\u0438\u0435, \u0441\u0442\u0440\u0430\u0442\u0435\u0433\u0438\u044f \u0443\u0441\u043f\u0435\u0445\u0430 \u0438\u043b\u0438 \u0431\u0435\u0441\u043f\u043b\u0430\u0442\u043d\u0430\u044f \u043e\u0446\u0435\u043d\u043a\u0430 \u0440\u044b\u043d\u043e\u0447\u043d\u043e\u0439 \u0441\u0442\u043e\u0438\u043c\u043e\u0441\u0442\u0438 \u043e\u0431\u044a\u0435\u043a\u0442\u0430, \u0441\u0432\u044f\u0436\u0438\u0442\u0435\u0441\u044c \u0441 \u043d\u0430\u043c\u0438 \u043d\u0430\u043f\u0440\u044f\u043c\u0443\u044e! HIHC Horvat Real Estate GmbH Agents, Surveyors &amp; Valuers Hauptstra\u00dfe 132 10827 Berlin \u2013 Sch\u00f6neberg \u0422\u0435\u043b.: +49","og_url":"https:\/\/hihc.de\/ru\/%d0%ba%d0%be%d0%bd%d1%82%d0%b0%d0%ba%d1%82\/","og_site_name":"HIHC Immobilienmakler Berlin, Deutschland und Europa","article_publisher":"https:\/\/www.facebook.com\/derimmobilienmaklerberlin","article_modified_time":"2022-10-20T12:37:29+00:00","og_image":[{"url":"https:\/\/hihc.de\/wp-content\/uploads\/2022\/10\/gmap.jpg","type":"","width":"","height":""}],"twitter_card":"summary_large_image","twitter_site":"@immobilieninfos","twitter_misc":{"\u041f\u0440\u0438\u043c\u0435\u0440\u043d\u043e\u0435 \u0432\u0440\u0435\u043c\u044f \u0434\u043b\u044f \u0447\u0442\u0435\u043d\u0438\u044f":"1 \u043c\u0438\u043d\u0443\u0442\u0430"},"schema":{"@context":"https:\/\/schema.org","@graph":[{"@type":"WebPage","@id":"https:\/\/hihc.de\/ru\/%d0%ba%d0%be%d0%bd%d1%82%d0%b0%d0%ba%d1%82\/","url":"https:\/\/hihc.de\/ru\/%d0%ba%d0%be%d0%bd%d1%82%d0%b0%d0%ba%d1%82\/","name":"\u043a\u043e\u043d\u0442\u0430\u043a\u0442 - HIHC Immobilienmakler Berlin, Deutschland und Europa","isPartOf":{"@id":"https:\/\/hihc.de\/ru\/#website"},"primaryImageOfPage":{"@id":"https:\/\/hihc.de\/ru\/%d0%ba%d0%be%d0%bd%d1%82%d0%b0%d0%ba%d1%82\/#primaryimage"},"image":{"@id":"https:\/\/hihc.de\/ru\/%d0%ba%d0%be%d0%bd%d1%82%d0%b0%d0%ba%d1%82\/#primaryimage"},"thumbnailUrl":"https:\/\/hihc.de\/wp-content\/uploads\/2022\/10\/gmap.jpg","datePublished":"2015-08-05T11:09:09+00:00","dateModified":"2022-10-20T12:37:29+00:00","breadcrumb":{"@id":"https:\/\/hihc.de\/ru\/%d0%ba%d0%be%d0%bd%d1%82%d0%b0%d0%ba%d1%82\/#breadcrumb"},"inLanguage":"ru-RU","potentialAction":[{"@type":"ReadAction","target":["https:\/\/hihc.de\/ru\/%d0%ba%d0%be%d0%bd%d1%82%d0%b0%d0%ba%d1%82\/"]}]},{"@type":"ImageObject","inLanguage":"ru-RU","@id":"https:\/\/hihc.de\/ru\/%d0%ba%d0%be%d0%bd%d1%82%d0%b0%d0%ba%d1%82\/#primaryimage","url":"https:\/\/hihc.de\/wp-content\/uploads\/2022\/10\/gmap.jpg","contentUrl":"https:\/\/hihc.de\/wp-content\/uploads\/2022\/10\/gmap.jpg"},{"@type":"BreadcrumbList","@id":"https:\/\/hihc.de\/ru\/%d0%ba%d0%be%d0%bd%d1%82%d0%b0%d0%ba%d1%82\/#breadcrumb","itemListElement":[{"@type":"ListItem","position":1,"name":"Startseite","item":"https:\/\/hihc.de\/ru\/"},{"@type":"ListItem","position":2,"name":"\u043a\u043e\u043d\u0442\u0430\u043a\u0442"}]},{"@type":"WebSite","@id":"https:\/\/hihc.de\/ru\/#website","url":"https:\/\/hihc.de\/ru\/","name":"HIHC Immobilienmakler Berlin, Deutschland und Europa","description":"Immobilienmakler Berlin | real estate agent berlin","publisher":{"@id":"https:\/\/hihc.de\/ru\/#organization"},"alternateName":"HIHC","potentialAction":[{"@type":"SearchAction","target":{"@type":"EntryPoint","urlTemplate":"https:\/\/hihc.de\/ru\/?s={search_term_string}"},"query-input":{"@type":"PropertyValueSpecification","valueRequired":true,"valueName":"search_term_string"}}],"inLanguage":"ru-RU"},{"@type":"Organization","@id":"https:\/\/hihc.de\/ru\/#organization","name":"HIHC Horvat Real Estate GmbH","alternateName":"HIHC","url":"https:\/\/hihc.de\/ru\/","logo":{"@type":"ImageObject","inLanguage":"ru-RU","@id":"https:\/\/hihc.de\/ru\/#\/schema\/logo\/image\/","url":"https:\/\/hihc.de\/wp-content\/uploads\/2023\/05\/Logo-HIHC.jpg","contentUrl":"https:\/\/hihc.de\/wp-content\/uploads\/2023\/05\/Logo-HIHC.jpg","width":640,"height":400,"caption":"HIHC Horvat Real Estate GmbH"},"image":{"@id":"https:\/\/hihc.de\/ru\/#\/schema\/logo\/image\/"},"sameAs":["https:\/\/www.facebook.com\/derimmobilienmaklerberlin","https:\/\/x.com\/immobilieninfos","https:\/\/mastodon.social\/@hihc","https:\/\/www.youtube.com\/user\/HIHCBERLIN","https:\/\/www.tiktok.com\/@immobilienmaklerberlin?lang=en","https:\/\/open.spotify.com\/show\/4XsnJYMYOHLg2SCshmV4Uj?si=oBla_h3VT5yLPBFIRJQofQ","https:\/\/www.instagram.com\/immobilienmaklerberlin24\/"],"description":"Ihr erfahrener Immobilienmakler f\u00fcr Wohn- und Gewerbeimmobilien in Berlin, Deutschland und Europa mit \u00fcber 30 Jahren Expertise! Wir vermitteln On-Market & Off-Market: Einfamilienh\u00e4user, Mehrfamilienh\u00e4user, Eigentumswohnungen, Reihenh\u00e4user, Doppelh\u00e4user, Stadth\u00e4user, Villen, Penthouses, Lofts, m\u00f6blierte & unm\u00f6blierte Apartments, Studentenwohnheime, Seniorenwohnheime, Ferienh\u00e4user, Grundst\u00fccke, Wochenendh\u00e4user, Bauernh\u00e4user, Bungalows, Tiny Houses, Schwimmende H\u00e4user (Hausboote), Schl\u00f6sser, Burgen, Kl\u00f6ster, B\u00fcrogeb\u00e4ude, Einzelhandelsfl\u00e4chen, Einkaufszentren, Gewerbehallen, Lagerhallen, Industrieparks, Gewerbeparks, Hotels, Pensionen, Motels, Restaurants, Caf\u00e9s, Bars\/Nachtclubs, Fitnessstudios, Arztpraxen, Kliniken, Pflegeheime, Zahnarztpraxen, Apotheken, Banken, Superm\u00e4rkte, Baum\u00e4rkte, Tankstellen, Kinos, Theater, Sporthallen\/Stadien, Parkh\u00e4user, Lagerfl\u00e4chen, Logistikzentren, Produktionsst\u00e4tten, Landwirtschaftliche Betriebe (z. B. Bauernh\u00f6fe, Weing\u00fcter). Auch bekannt aus: TikTok, YouTube, Facebook, Spotify","email":"info@hihc.de","telephone":"+493033099930","legalName":"HIHC Horvat Real Estate GmbH","vatID":"DE 272236709"}]}},"_links":{"self":[{"href":"https:\/\/hihc.de\/ru\/wp-json\/wp\/v2\/pages\/181","targetHints":{"allow":["GET"]}}],"collection":[{"href":"https:\/\/hihc.de\/ru\/wp-json\/wp\/v2\/pages"}],"about":[{"href":"https:\/\/hihc.de\/ru\/wp-json\/wp\/v2\/types\/page"}],"author":[{"embeddable":true,"href":"https:\/\/hihc.de\/ru\/wp-json\/wp\/v2\/users\/1"}],"replies":[{"embeddable":true,"href":"https:\/\/hihc.de\/ru\/wp-json\/wp\/v2\/comments?post=181"}],"version-history":[{"count":13,"href":"https:\/\/hihc.de\/ru\/wp-json\/wp\/v2\/pages\/181\/revisions"}],"predecessor-version":[{"id":210,"href":"https:\/\/hihc.de\/ru\/wp-json\/wp\/v2\/pages\/181\/revisions\/210"}],"wp:attachment":[{"href":"https:\/\/hihc.de\/ru\/wp-json\/wp\/v2\/media?parent=181"}],"curies":[{"name":"wp","href":"https:\/\/api.w.org\/{rel}","templated":true}]}}