{"id":1062,"date":"2015-08-26T11:15:38","date_gmt":"2015-08-26T11:15:38","guid":{"rendered":"http:\/\/new.hihc.de\/ru\/?page_id=1062"},"modified":"2016-06-18T23:07:34","modified_gmt":"2016-06-18T23:07:34","slug":"%d0%bd%d0%b5%d0%b4%d0%b2%d0%b8%d0%b6%d0%b8%d0%bc%d0%be%d1%81%d1%82%d1%8c-%d0%b2%d0%b5%d0%bd%d0%b0","status":"publish","type":"page","link":"https:\/\/hihc.de\/ru\/%d0%bd%d0%b5%d0%b4%d0%b2%d0%b8%d0%b6%d0%b8%d0%bc%d0%be%d1%81%d1%82%d1%8c-%d0%b2%d0%b5%d0%bd%d0%b0\/","title":{"rendered":"\u041d\u0435\u0434\u0432\u0438\u0436\u0438\u043c\u043e\u0441\u0442\u044c \u2013 \u0412\u0435\u043d\u0430"},"content":{"rendered":"<h1>\u00ab\u0418\u043d\u0432\u0435\u0441\u0442\u0438\u0440\u0443\u0439\u0442\u0435 \u0432 \u0438\u0441\u0442\u043e\u0440\u0438\u044e \u0438 \u0431\u0443\u0434\u0443\u0449\u0435\u0435 \u043f\u043e\u0434\u0430\u0440\u0438\u0442 \u0432\u0430\u043c \u043f\u0440\u0438\u0431\u044b\u043b\u044c\u00bb \u2013 \u0414\u043e\u0431\u0440\u043e \u043f\u043e\u0436\u0430\u043b\u043e\u0432\u0430\u0442\u044c \u0432 \u0412\u0435\u043d\u0443<\/h1>\n<p><a href=\"https:\/\/hihc.de\/wp-content\/uploads\/2015\/08\/Immobilienmakler-Wien.jpg\"><img fetchpriority=\"high\" decoding=\"async\" class=\"aligncenter size-full wp-image-792\" src=\"https:\/\/hihc.de\/wp-content\/uploads\/2015\/08\/Immobilienmakler-Wien.jpg\" alt=\"Immobilien Wien\" width=\"659\" height=\"182\" srcset=\"https:\/\/hihc.de\/wp-content\/uploads\/2015\/08\/Immobilienmakler-Wien.jpg 659w, https:\/\/hihc.de\/wp-content\/uploads\/2015\/08\/Immobilienmakler-Wien-600x166.jpg 600w, https:\/\/hihc.de\/wp-content\/uploads\/2015\/08\/Immobilienmakler-Wien-300x83.jpg 300w\" sizes=\"(max-width: 659px) 100vw, 659px\" \/><\/a><\/p>\n<p>\u041d\u0430\u0441\u0442\u043e\u044f\u0449\u0438\u0435 \u0437\u043d\u0430\u0442\u043e\u043a\u0438 \u043d\u0435\u0434\u0432\u0438\u0436\u0438\u043c\u043e\u0441\u0442\u0438 \u043b\u044e\u0431\u044f\u0442 \u044d\u0442\u043e\u0442 \u0433\u043e\u0440\u043e\u0434. \u0412\u0435\u043d\u0430 \u2013 \u0433\u043e\u0440\u043e\u0434 \u0434\u043b\u044f \u0438\u043d\u0432\u0435\u0441\u0442\u0438\u0440\u043e\u0432\u0430\u043d\u0438\u044f, \u043f\u0440\u0438\u0437\u043d\u0430\u043d\u043d\u044b\u0439 \u043d\u0430 \u043c\u0435\u0436\u0434\u0443\u043d\u0430\u0440\u043e\u0434\u043d\u043e\u043c \u0443\u0440\u043e\u0432\u043d\u0435. \u0417\u0434\u0435\u0441\u044c \u0432\u0441\u0442\u0440\u0435\u0447\u0430\u044e\u0442\u0441\u044f \u0438\u043d\u0432\u0435\u0441\u0442\u043e\u0440\u044b \u0432 \u043d\u0435\u0434\u0432\u0438\u0436\u0438\u043c\u043e\u0441\u0442\u044c \u0441\u043e \u0432\u0441\u0435\u0433\u043e \u043c\u0438\u0440\u0430. \u041e\u043d\u0438 \u0432\u044b\u0441\u043e\u043a\u043e \u0446\u0435\u043d\u044f\u0442 \u043d\u0435 \u0442\u043e\u043b\u044c\u043a\u043e \u044d\u0442\u043e \u043c\u0435\u0441\u0442\u043e, \u043d\u043e \u0438 \u0434\u043e\u0441\u0442\u0443\u043f\u043d\u044b\u0435 \u043d\u0430\u043b\u043e\u0433\u043e\u0432\u044b\u0435 \u043c\u043e\u0434\u0435\u043b\u0438.<\/p>\n<p>\u0412\u0435\u043d\u0430, \u043a\u043e\u043d\u0435\u0447\u043d\u043e, \u043d\u0435 \u044f\u0432\u043b\u044f\u0435\u0442\u0441\u044f \u043d\u0430\u0441\u0442\u043e\u044f\u0449\u0438\u043c \u00ab\u043d\u0430\u043b\u043e\u0433\u043e\u0432\u044b\u043c \u043e\u0430\u0437\u0438\u0441\u043e\u043c\u00bb. \u041d\u043e \u043e\u043d\u0430 \u043d\u0435\u0441\u043e\u043c\u043d\u0435\u043d\u043d\u043e \u044f\u0432\u043b\u044f\u0435\u0442\u0441\u044f \u043e\u0434\u043d\u0438\u043c \u0438\u0437 \u0441\u0430\u043c\u044b\u0445 \u043e\u0447\u0430\u0440\u043e\u0432\u0430\u0442\u0435\u043b\u044c\u043d\u044b\u0445 \u043c\u0435\u0441\u0442 \u0434\u043b\u044f \u0438\u043d\u0432\u0435\u0441\u0442\u0438\u0440\u043e\u0432\u0430\u043d\u0438\u044f \u0432 \u0415\u0432\u0440\u043e\u043f\u0435. \u0420\u043e\u0441\u0442 \u0443\u0440\u043e\u0432\u043d\u044f \u0430\u0440\u0435\u043d\u0434\u043d\u043e\u0439 \u043f\u043b\u0430\u0442\u044b \u0437\u0434\u0435\u0441\u044c \u043d\u0435 \u0441\u0434\u0435\u0440\u0436\u0438\u0432\u0430\u0435\u0442\u0441\u044f \u0438\u0441\u043a\u0443\u0441\u0441\u0442\u0432\u0435\u043d\u043d\u043e. \u041f\u043e\u0441\u043b\u0435\u0434\u043d\u044f\u044f \u043d\u0430\u0445\u043e\u0434\u0438\u0442\u0441\u044f \u043d\u0430 \u0443\u0440\u043e\u0432\u043d\u0435 \u0437\u0434\u043e\u0440\u043e\u0432\u043e\u0433\u043e \u0441\u043e\u0447\u0435\u0442\u0430\u043d\u0438\u044f \u0441\u043f\u0440\u043e\u0441\u0430 \u0438 \u043f\u0440\u0435\u0434\u043b\u043e\u0436\u0435\u043d\u0438\u044f.<\/p>\n<p>\u0417\u0434\u0435\u0441\u044c \u0432\u044b \u043c\u043e\u0436\u0435\u0442\u0435 \u0441\u043c\u0435\u043b\u043e \u0438\u043d\u0432\u0435\u0441\u0442\u0438\u0440\u043e\u0432\u0430\u0442\u044c \u0431\u0435\u0437 \u0440\u0438\u0441\u043a\u0430, \u0447\u0442\u043e \u043e\u0434\u043d\u0430\u0436\u0434\u044b \u043a\u0442\u043e-\u0442\u043e \u0431\u0443\u0434\u0435\u0442 \u0434\u0438\u043a\u0442\u043e\u0432\u0430\u0442\u044c \u0432\u0430\u043c \u0432\u0435\u043b\u0438\u0447\u0438\u043d\u0443 \u0432\u0437\u0438\u043c\u0430\u0435\u043c\u043e\u0439 \u0432\u0430\u043c\u0438 \u043f\u043b\u0430\u0442\u044b \u0437\u0430 \u0430\u0440\u0435\u043d\u0434\u0443. \u041f\u0440\u043e\u0441\u0442\u043e \u0441\u0432\u044f\u0436\u0438\u0442\u0435\u0441\u044c \u0441\u043e \u0437\u043d\u0430\u0442\u043e\u043a\u043e\u043c \u0440\u044b\u043d\u043a\u0430 \u0432\u0435\u043d\u0441\u043a\u043e\u0439 \u043d\u0435\u0434\u0432\u0438\u0436\u0438\u043c\u043e\u0441\u0442\u0438. \u0422\u0430\u043a\u043e\u0439 \u0440\u0438\u0435\u043b\u0442\u043e\u0440 \u0434\u043e\u043b\u0436\u0435\u043d \u043e\u0431\u043b\u0430\u0434\u0430\u0442\u044c \u043c\u0430\u043a\u0441\u0438\u043c\u0430\u043b\u044c\u043d\u044b\u043c \u043e\u043f\u044b\u0442\u043e\u043c. \u041c\u044b \u0440\u0430\u0434\u044b \u0431\u0443\u0434\u0435\u043c \u0441\u043e\u043f\u0440\u043e\u0432\u043e\u0436\u0434\u0430\u0442\u044c \u0432\u0430\u0441 \u043f\u0440\u0438 \u043f\u043b\u0430\u043d\u0438\u0440\u043e\u0432\u0430\u043d\u0438\u0438 \u0438 \u0440\u0435\u0430\u043b\u0438\u0437\u0430\u0446\u0438\u0438 \u0441\u0434\u0435\u043b\u043e\u043a \u0441 \u043d\u0435\u0434\u0432\u0438\u0436\u0438\u043c\u043e\u0441\u0442\u044c\u044e \u0432 \u0412\u0435\u043d\u0435.<\/p>\n<h2>\u0421\u0432\u044f\u0436\u0438\u0442\u0435\u0441\u044c \u0441 \u043d\u0430\u043c\u0438 \u043f\u0440\u044f\u043c\u043e \u0441\u0435\u0433\u043e\u0434\u043d\u044f! \u041f\u043e\u0437\u0432\u043e\u043d\u0438\u0442\u0435 \u043f\u043e \u043d\u043e\u043c\u0435\u0440\u0443 +49 30 330 999 30. \u041c\u044b \u0440\u0430\u0434\u044b \u043e\u0431\u0449\u0435\u043d\u0438\u044e \u0441 \u0432\u0430\u043c\u0438. \u041d\u0435\u0434\u0432\u0438\u0436\u0438\u043c\u043e\u0441\u0442\u044c \u2013 \u0412\u0435\u043d\u0430 \u2013 HIHC Immobilien<\/h2>\n<p>&nbsp;<\/p>\n","protected":false},"excerpt":{"rendered":"<p>\u00ab\u0418\u043d\u0432\u0435\u0441\u0442\u0438\u0440\u0443\u0439\u0442\u0435 \u0432 \u0438\u0441\u0442\u043e\u0440\u0438\u044e \u0438 \u0431\u0443\u0434\u0443\u0449\u0435\u0435 \u043f\u043e\u0434\u0430\u0440\u0438\u0442 \u0432\u0430\u043c \u043f\u0440\u0438\u0431\u044b\u043b\u044c\u00bb \u2013 \u0414\u043e\u0431\u0440\u043e \u043f\u043e\u0436\u0430\u043b\u043e\u0432\u0430\u0442\u044c \u0432 \u0412\u0435\u043d\u0443 \u041d\u0430\u0441\u0442\u043e\u044f\u0449\u0438\u0435 \u0437\u043d\u0430\u0442\u043e\u043a\u0438 \u043d\u0435\u0434\u0432\u0438\u0436\u0438\u043c\u043e\u0441\u0442\u0438 \u043b\u044e\u0431\u044f\u0442 \u044d\u0442\u043e\u0442 \u0433\u043e\u0440\u043e\u0434. \u0412\u0435\u043d\u0430 \u2013 \u0433\u043e\u0440\u043e\u0434 \u0434\u043b\u044f \u0438\u043d\u0432\u0435\u0441\u0442\u0438\u0440\u043e\u0432\u0430\u043d\u0438\u044f, \u043f\u0440\u0438\u0437\u043d\u0430\u043d\u043d\u044b\u0439 \u043d\u0430 \u043c\u0435\u0436\u0434\u0443\u043d\u0430\u0440\u043e\u0434\u043d\u043e\u043c \u0443\u0440\u043e\u0432\u043d\u0435. \u0417\u0434\u0435\u0441\u044c \u0432\u0441\u0442\u0440\u0435\u0447\u0430\u044e\u0442\u0441\u044f \u0438\u043d\u0432\u0435\u0441\u0442\u043e\u0440\u044b \u0432 \u043d\u0435\u0434\u0432\u0438\u0436\u0438\u043c\u043e\u0441\u0442\u044c \u0441\u043e \u0432\u0441\u0435\u0433\u043e \u043c\u0438\u0440\u0430. \u041e\u043d\u0438 \u0432\u044b\u0441\u043e\u043a\u043e \u0446\u0435\u043d\u044f\u0442 \u043d\u0435 \u0442\u043e\u043b\u044c\u043a\u043e \u044d\u0442\u043e \u043c\u0435\u0441\u0442\u043e, \u043d\u043e \u0438 \u0434\u043e\u0441\u0442\u0443\u043f\u043d\u044b\u0435 \u043d\u0430\u043b\u043e\u0433\u043e\u0432\u044b\u0435 \u043c\u043e\u0434\u0435\u043b\u0438. \u0412\u0435\u043d\u0430, \u043a\u043e\u043d\u0435\u0447\u043d\u043e, \u043d\u0435 \u044f\u0432\u043b\u044f\u0435\u0442\u0441\u044f \u043d\u0430\u0441\u0442\u043e\u044f\u0449\u0438\u043c \u00ab\u043d\u0430\u043b\u043e\u0433\u043e\u0432\u044b\u043c \u043e\u0430\u0437\u0438\u0441\u043e\u043c\u00bb.<\/p>\n","protected":false},"author":1,"featured_media":0,"parent":0,"menu_order":0,"comment_status":"closed","ping_status":"closed","template":"temp-immobilien.php","meta":{"_acf_changed":false,"ngg_post_thumbnail":0,"footnotes":""},"class_list":["post-1062","page","type-page","status-publish","hentry"],"acf":[],"yoast_head":"<!-- This site is optimized with the Yoast SEO Premium plugin v22.7 (Yoast SEO v27.3) - https:\/\/yoast.com\/product\/yoast-seo-premium-wordpress\/ -->\n<title>\u041d\u0435\u0434\u0432\u0438\u0436\u0438\u043c\u043e\u0441\u0442\u044c \u0412\u0435\u043d\u0430 | HIHC \u043d\u0435\u0434\u0432\u0438\u0436\u0438\u043c\u043e\u0441\u0442\u044c<\/title>\n<meta name=\"description\" content=\"\u041d\u0435\u0434\u0432\u0438\u0436\u0438\u043c\u043e\u0441\u0442\u044c \u0412\u0435\u043d\u0430, \u0432\u0430\u0448 \u0430\u0433\u0435\u043d\u0442 \u043f\u043e \u043d\u0435\u0434\u0432\u0438\u0436\u0438\u043c\u043e\u0441\u0442\u0438 \u0432 \u0410\u0432\u0441\u0442\u0440\u0438\u0438! \u0414\u043e\u043c, \u043a\u0432\u0430\u0440\u0442\u0438\u0440\u0430, \u0437\u0435\u043c\u0435\u043b\u044c\u043d\u044b\u0439 \u0443\u0447\u0430\u0441\u0442\u043e\u043a \u043f\u0440\u043e\u0434\u0430\u0436\u0430 +49 30 33099930 \u041f\u043e\u0437\u0432\u043e\u043d\u0438\u0442\u0435 \u043d\u0430\u043c!\" \/>\n<meta name=\"robots\" content=\"index, follow, max-snippet:-1, max-image-preview:large, max-video-preview:-1\" \/>\n<link rel=\"canonical\" href=\"https:\/\/hihc.de\/ru\/%d0%bd%d0%b5%d0%b4%d0%b2%d0%b8%d0%b6%d0%b8%d0%bc%d0%be%d1%81%d1%82%d1%8c-%d0%b2%d0%b5%d0%bd%d0%b0\/\" \/>\n<meta property=\"og:locale\" content=\"ru_RU\" \/>\n<meta property=\"og:type\" content=\"article\" \/>\n<meta property=\"og:title\" content=\"\u041d\u0435\u0434\u0432\u0438\u0436\u0438\u043c\u043e\u0441\u0442\u044c \u2013 \u0412\u0435\u043d\u0430\" \/>\n<meta property=\"og:description\" content=\"\u041d\u0435\u0434\u0432\u0438\u0436\u0438\u043c\u043e\u0441\u0442\u044c \u0412\u0435\u043d\u0430, \u0432\u0430\u0448 \u0430\u0433\u0435\u043d\u0442 \u043f\u043e \u043d\u0435\u0434\u0432\u0438\u0436\u0438\u043c\u043e\u0441\u0442\u0438 \u0432 \u0410\u0432\u0441\u0442\u0440\u0438\u0438! \u0414\u043e\u043c, \u043a\u0432\u0430\u0440\u0442\u0438\u0440\u0430, \u0437\u0435\u043c\u0435\u043b\u044c\u043d\u044b\u0439 \u0443\u0447\u0430\u0441\u0442\u043e\u043a \u043f\u0440\u043e\u0434\u0430\u0436\u0430 +49 30 33099930 \u041f\u043e\u0437\u0432\u043e\u043d\u0438\u0442\u0435 \u043d\u0430\u043c!\" \/>\n<meta property=\"og:url\" content=\"https:\/\/hihc.de\/ru\/%d0%bd%d0%b5%d0%b4%d0%b2%d0%b8%d0%b6%d0%b8%d0%bc%d0%be%d1%81%d1%82%d1%8c-%d0%b2%d0%b5%d0%bd%d0%b0\/\" \/>\n<meta property=\"og:site_name\" content=\"HIHC Immobilienmakler Berlin, Deutschland und Europa\" \/>\n<meta property=\"article:publisher\" content=\"https:\/\/www.facebook.com\/derimmobilienmaklerberlin\" \/>\n<meta property=\"article:modified_time\" content=\"2016-06-18T23:07:34+00:00\" \/>\n<meta property=\"og:image\" content=\"https:\/\/hihc.de\/wp-content\/uploads\/2015\/08\/Immobilienmakler-Wien.jpg\" \/>\n<meta name=\"twitter:card\" content=\"summary_large_image\" \/>\n<meta name=\"twitter:site\" content=\"@immobilieninfos\" \/>\n<script type=\"application\/ld+json\" class=\"yoast-schema-graph\">{\"@context\":\"https:\\\/\\\/schema.org\",\"@graph\":[{\"@type\":\"WebPage\",\"@id\":\"https:\\\/\\\/hihc.de\\\/ru\\\/%d0%bd%d0%b5%d0%b4%d0%b2%d0%b8%d0%b6%d0%b8%d0%bc%d0%be%d1%81%d1%82%d1%8c-%d0%b2%d0%b5%d0%bd%d0%b0\\\/\",\"url\":\"https:\\\/\\\/hihc.de\\\/ru\\\/%d0%bd%d0%b5%d0%b4%d0%b2%d0%b8%d0%b6%d0%b8%d0%bc%d0%be%d1%81%d1%82%d1%8c-%d0%b2%d0%b5%d0%bd%d0%b0\\\/\",\"name\":\"\u041d\u0435\u0434\u0432\u0438\u0436\u0438\u043c\u043e\u0441\u0442\u044c \u0412\u0435\u043d\u0430 | HIHC \u043d\u0435\u0434\u0432\u0438\u0436\u0438\u043c\u043e\u0441\u0442\u044c\",\"isPartOf\":{\"@id\":\"https:\\\/\\\/hihc.de\\\/ru\\\/#website\"},\"primaryImageOfPage\":{\"@id\":\"https:\\\/\\\/hihc.de\\\/ru\\\/%d0%bd%d0%b5%d0%b4%d0%b2%d0%b8%d0%b6%d0%b8%d0%bc%d0%be%d1%81%d1%82%d1%8c-%d0%b2%d0%b5%d0%bd%d0%b0\\\/#primaryimage\"},\"image\":{\"@id\":\"https:\\\/\\\/hihc.de\\\/ru\\\/%d0%bd%d0%b5%d0%b4%d0%b2%d0%b8%d0%b6%d0%b8%d0%bc%d0%be%d1%81%d1%82%d1%8c-%d0%b2%d0%b5%d0%bd%d0%b0\\\/#primaryimage\"},\"thumbnailUrl\":\"https:\\\/\\\/hihc.de\\\/wp-content\\\/uploads\\\/2015\\\/08\\\/Immobilienmakler-Wien.jpg\",\"datePublished\":\"2015-08-26T11:15:38+00:00\",\"dateModified\":\"2016-06-18T23:07:34+00:00\",\"description\":\"\u041d\u0435\u0434\u0432\u0438\u0436\u0438\u043c\u043e\u0441\u0442\u044c \u0412\u0435\u043d\u0430, \u0432\u0430\u0448 \u0430\u0433\u0435\u043d\u0442 \u043f\u043e \u043d\u0435\u0434\u0432\u0438\u0436\u0438\u043c\u043e\u0441\u0442\u0438 \u0432 \u0410\u0432\u0441\u0442\u0440\u0438\u0438! \u0414\u043e\u043c, \u043a\u0432\u0430\u0440\u0442\u0438\u0440\u0430, \u0437\u0435\u043c\u0435\u043b\u044c\u043d\u044b\u0439 \u0443\u0447\u0430\u0441\u0442\u043e\u043a \u043f\u0440\u043e\u0434\u0430\u0436\u0430 +49 30 33099930 \u041f\u043e\u0437\u0432\u043e\u043d\u0438\u0442\u0435 \u043d\u0430\u043c!\",\"breadcrumb\":{\"@id\":\"https:\\\/\\\/hihc.de\\\/ru\\\/%d0%bd%d0%b5%d0%b4%d0%b2%d0%b8%d0%b6%d0%b8%d0%bc%d0%be%d1%81%d1%82%d1%8c-%d0%b2%d0%b5%d0%bd%d0%b0\\\/#breadcrumb\"},\"inLanguage\":\"ru-RU\",\"potentialAction\":[{\"@type\":\"ReadAction\",\"target\":[\"https:\\\/\\\/hihc.de\\\/ru\\\/%d0%bd%d0%b5%d0%b4%d0%b2%d0%b8%d0%b6%d0%b8%d0%bc%d0%be%d1%81%d1%82%d1%8c-%d0%b2%d0%b5%d0%bd%d0%b0\\\/\"]}]},{\"@type\":\"ImageObject\",\"inLanguage\":\"ru-RU\",\"@id\":\"https:\\\/\\\/hihc.de\\\/ru\\\/%d0%bd%d0%b5%d0%b4%d0%b2%d0%b8%d0%b6%d0%b8%d0%bc%d0%be%d1%81%d1%82%d1%8c-%d0%b2%d0%b5%d0%bd%d0%b0\\\/#primaryimage\",\"url\":\"https:\\\/\\\/hihc.de\\\/wp-content\\\/uploads\\\/2015\\\/08\\\/Immobilienmakler-Wien.jpg\",\"contentUrl\":\"https:\\\/\\\/hihc.de\\\/wp-content\\\/uploads\\\/2015\\\/08\\\/Immobilienmakler-Wien.jpg\"},{\"@type\":\"BreadcrumbList\",\"@id\":\"https:\\\/\\\/hihc.de\\\/ru\\\/%d0%bd%d0%b5%d0%b4%d0%b2%d0%b8%d0%b6%d0%b8%d0%bc%d0%be%d1%81%d1%82%d1%8c-%d0%b2%d0%b5%d0%bd%d0%b0\\\/#breadcrumb\",\"itemListElement\":[{\"@type\":\"ListItem\",\"position\":1,\"name\":\"Startseite\",\"item\":\"https:\\\/\\\/hihc.de\\\/ru\\\/\"},{\"@type\":\"ListItem\",\"position\":2,\"name\":\"\u041d\u0435\u0434\u0432\u0438\u0436\u0438\u043c\u043e\u0441\u0442\u044c \u2013 \u0412\u0435\u043d\u0430\"}]},{\"@type\":\"WebSite\",\"@id\":\"https:\\\/\\\/hihc.de\\\/ru\\\/#website\",\"url\":\"https:\\\/\\\/hihc.de\\\/ru\\\/\",\"name\":\"HIHC Immobilienmakler Berlin, Deutschland und Europa\",\"description\":\"Immobilienmakler Berlin | real estate agent berlin\",\"publisher\":{\"@id\":\"https:\\\/\\\/hihc.de\\\/ru\\\/#organization\"},\"alternateName\":\"HIHC\",\"potentialAction\":[{\"@type\":\"SearchAction\",\"target\":{\"@type\":\"EntryPoint\",\"urlTemplate\":\"https:\\\/\\\/hihc.de\\\/ru\\\/?s={search_term_string}\"},\"query-input\":{\"@type\":\"PropertyValueSpecification\",\"valueRequired\":true,\"valueName\":\"search_term_string\"}}],\"inLanguage\":\"ru-RU\"},{\"@type\":\"Organization\",\"@id\":\"https:\\\/\\\/hihc.de\\\/ru\\\/#organization\",\"name\":\"HIHC Horvat Real Estate GmbH\",\"alternateName\":\"HIHC\",\"url\":\"https:\\\/\\\/hihc.de\\\/ru\\\/\",\"logo\":{\"@type\":\"ImageObject\",\"inLanguage\":\"ru-RU\",\"@id\":\"https:\\\/\\\/hihc.de\\\/ru\\\/#\\\/schema\\\/logo\\\/image\\\/\",\"url\":\"https:\\\/\\\/hihc.de\\\/wp-content\\\/uploads\\\/2023\\\/05\\\/Logo-HIHC.jpg\",\"contentUrl\":\"https:\\\/\\\/hihc.de\\\/wp-content\\\/uploads\\\/2023\\\/05\\\/Logo-HIHC.jpg\",\"width\":640,\"height\":400,\"caption\":\"HIHC Horvat Real Estate GmbH\"},\"image\":{\"@id\":\"https:\\\/\\\/hihc.de\\\/ru\\\/#\\\/schema\\\/logo\\\/image\\\/\"},\"sameAs\":[\"https:\\\/\\\/www.facebook.com\\\/derimmobilienmaklerberlin\",\"https:\\\/\\\/x.com\\\/immobilieninfos\",\"https:\\\/\\\/mastodon.social\\\/@hihc\",\"https:\\\/\\\/www.youtube.com\\\/user\\\/HIHCBERLIN\",\"https:\\\/\\\/www.tiktok.com\\\/@immobilienmaklerberlin?lang=en\",\"https:\\\/\\\/open.spotify.com\\\/show\\\/4XsnJYMYOHLg2SCshmV4Uj?si=oBla_h3VT5yLPBFIRJQofQ\",\"https:\\\/\\\/www.instagram.com\\\/immobilienmaklerberlin24\\\/\"],\"description\":\"Ihr erfahrener Immobilienmakler f\u00fcr Wohn- und Gewerbeimmobilien in Berlin, Deutschland und Europa mit \u00fcber 30 Jahren Expertise! Wir vermitteln On-Market & Off-Market: Einfamilienh\u00e4user, Mehrfamilienh\u00e4user, Eigentumswohnungen, Reihenh\u00e4user, Doppelh\u00e4user, Stadth\u00e4user, Villen, Penthouses, Lofts, m\u00f6blierte & unm\u00f6blierte Apartments, Studentenwohnheime, Seniorenwohnheime, Ferienh\u00e4user, Grundst\u00fccke, Wochenendh\u00e4user, Bauernh\u00e4user, Bungalows, Tiny Houses, Schwimmende H\u00e4user (Hausboote), Schl\u00f6sser, Burgen, Kl\u00f6ster, B\u00fcrogeb\u00e4ude, Einzelhandelsfl\u00e4chen, Einkaufszentren, Gewerbehallen, Lagerhallen, Industrieparks, Gewerbeparks, Hotels, Pensionen, Motels, Restaurants, Caf\u00e9s, Bars\\\/Nachtclubs, Fitnessstudios, Arztpraxen, Kliniken, Pflegeheime, Zahnarztpraxen, Apotheken, Banken, Superm\u00e4rkte, Baum\u00e4rkte, Tankstellen, Kinos, Theater, Sporthallen\\\/Stadien, Parkh\u00e4user, Lagerfl\u00e4chen, Logistikzentren, Produktionsst\u00e4tten, Landwirtschaftliche Betriebe (z. B. Bauernh\u00f6fe, Weing\u00fcter). Auch bekannt aus: TikTok, YouTube, Facebook, Spotify\",\"email\":\"info@hihc.de\",\"telephone\":\"+493033099930\",\"legalName\":\"HIHC Horvat Real Estate GmbH\",\"vatID\":\"DE 272236709\"}]}<\/script>\n<!-- \/ Yoast SEO Premium plugin. -->","yoast_head_json":{"title":"\u041d\u0435\u0434\u0432\u0438\u0436\u0438\u043c\u043e\u0441\u0442\u044c \u0412\u0435\u043d\u0430 | HIHC \u043d\u0435\u0434\u0432\u0438\u0436\u0438\u043c\u043e\u0441\u0442\u044c","description":"\u041d\u0435\u0434\u0432\u0438\u0436\u0438\u043c\u043e\u0441\u0442\u044c \u0412\u0435\u043d\u0430, \u0432\u0430\u0448 \u0430\u0433\u0435\u043d\u0442 \u043f\u043e \u043d\u0435\u0434\u0432\u0438\u0436\u0438\u043c\u043e\u0441\u0442\u0438 \u0432 \u0410\u0432\u0441\u0442\u0440\u0438\u0438! \u0414\u043e\u043c, \u043a\u0432\u0430\u0440\u0442\u0438\u0440\u0430, \u0437\u0435\u043c\u0435\u043b\u044c\u043d\u044b\u0439 \u0443\u0447\u0430\u0441\u0442\u043e\u043a \u043f\u0440\u043e\u0434\u0430\u0436\u0430 +49 30 33099930 \u041f\u043e\u0437\u0432\u043e\u043d\u0438\u0442\u0435 \u043d\u0430\u043c!","robots":{"index":"index","follow":"follow","max-snippet":"max-snippet:-1","max-image-preview":"max-image-preview:large","max-video-preview":"max-video-preview:-1"},"canonical":"https:\/\/hihc.de\/ru\/%d0%bd%d0%b5%d0%b4%d0%b2%d0%b8%d0%b6%d0%b8%d0%bc%d0%be%d1%81%d1%82%d1%8c-%d0%b2%d0%b5%d0%bd%d0%b0\/","og_locale":"ru_RU","og_type":"article","og_title":"\u041d\u0435\u0434\u0432\u0438\u0436\u0438\u043c\u043e\u0441\u0442\u044c \u2013 \u0412\u0435\u043d\u0430","og_description":"\u041d\u0435\u0434\u0432\u0438\u0436\u0438\u043c\u043e\u0441\u0442\u044c \u0412\u0435\u043d\u0430, \u0432\u0430\u0448 \u0430\u0433\u0435\u043d\u0442 \u043f\u043e \u043d\u0435\u0434\u0432\u0438\u0436\u0438\u043c\u043e\u0441\u0442\u0438 \u0432 \u0410\u0432\u0441\u0442\u0440\u0438\u0438! \u0414\u043e\u043c, \u043a\u0432\u0430\u0440\u0442\u0438\u0440\u0430, \u0437\u0435\u043c\u0435\u043b\u044c\u043d\u044b\u0439 \u0443\u0447\u0430\u0441\u0442\u043e\u043a \u043f\u0440\u043e\u0434\u0430\u0436\u0430 +49 30 33099930 \u041f\u043e\u0437\u0432\u043e\u043d\u0438\u0442\u0435 \u043d\u0430\u043c!","og_url":"https:\/\/hihc.de\/ru\/%d0%bd%d0%b5%d0%b4%d0%b2%d0%b8%d0%b6%d0%b8%d0%bc%d0%be%d1%81%d1%82%d1%8c-%d0%b2%d0%b5%d0%bd%d0%b0\/","og_site_name":"HIHC Immobilienmakler Berlin, Deutschland und Europa","article_publisher":"https:\/\/www.facebook.com\/derimmobilienmaklerberlin","article_modified_time":"2016-06-18T23:07:34+00:00","og_image":[{"url":"https:\/\/hihc.de\/wp-content\/uploads\/2015\/08\/Immobilienmakler-Wien.jpg","type":"","width":"","height":""}],"twitter_card":"summary_large_image","twitter_site":"@immobilieninfos","schema":{"@context":"https:\/\/schema.org","@graph":[{"@type":"WebPage","@id":"https:\/\/hihc.de\/ru\/%d0%bd%d0%b5%d0%b4%d0%b2%d0%b8%d0%b6%d0%b8%d0%bc%d0%be%d1%81%d1%82%d1%8c-%d0%b2%d0%b5%d0%bd%d0%b0\/","url":"https:\/\/hihc.de\/ru\/%d0%bd%d0%b5%d0%b4%d0%b2%d0%b8%d0%b6%d0%b8%d0%bc%d0%be%d1%81%d1%82%d1%8c-%d0%b2%d0%b5%d0%bd%d0%b0\/","name":"\u041d\u0435\u0434\u0432\u0438\u0436\u0438\u043c\u043e\u0441\u0442\u044c \u0412\u0435\u043d\u0430 | HIHC \u043d\u0435\u0434\u0432\u0438\u0436\u0438\u043c\u043e\u0441\u0442\u044c","isPartOf":{"@id":"https:\/\/hihc.de\/ru\/#website"},"primaryImageOfPage":{"@id":"https:\/\/hihc.de\/ru\/%d0%bd%d0%b5%d0%b4%d0%b2%d0%b8%d0%b6%d0%b8%d0%bc%d0%be%d1%81%d1%82%d1%8c-%d0%b2%d0%b5%d0%bd%d0%b0\/#primaryimage"},"image":{"@id":"https:\/\/hihc.de\/ru\/%d0%bd%d0%b5%d0%b4%d0%b2%d0%b8%d0%b6%d0%b8%d0%bc%d0%be%d1%81%d1%82%d1%8c-%d0%b2%d0%b5%d0%bd%d0%b0\/#primaryimage"},"thumbnailUrl":"https:\/\/hihc.de\/wp-content\/uploads\/2015\/08\/Immobilienmakler-Wien.jpg","datePublished":"2015-08-26T11:15:38+00:00","dateModified":"2016-06-18T23:07:34+00:00","description":"\u041d\u0435\u0434\u0432\u0438\u0436\u0438\u043c\u043e\u0441\u0442\u044c \u0412\u0435\u043d\u0430, \u0432\u0430\u0448 \u0430\u0433\u0435\u043d\u0442 \u043f\u043e \u043d\u0435\u0434\u0432\u0438\u0436\u0438\u043c\u043e\u0441\u0442\u0438 \u0432 \u0410\u0432\u0441\u0442\u0440\u0438\u0438! \u0414\u043e\u043c, \u043a\u0432\u0430\u0440\u0442\u0438\u0440\u0430, \u0437\u0435\u043c\u0435\u043b\u044c\u043d\u044b\u0439 \u0443\u0447\u0430\u0441\u0442\u043e\u043a \u043f\u0440\u043e\u0434\u0430\u0436\u0430 +49 30 33099930 \u041f\u043e\u0437\u0432\u043e\u043d\u0438\u0442\u0435 \u043d\u0430\u043c!","breadcrumb":{"@id":"https:\/\/hihc.de\/ru\/%d0%bd%d0%b5%d0%b4%d0%b2%d0%b8%d0%b6%d0%b8%d0%bc%d0%be%d1%81%d1%82%d1%8c-%d0%b2%d0%b5%d0%bd%d0%b0\/#breadcrumb"},"inLanguage":"ru-RU","potentialAction":[{"@type":"ReadAction","target":["https:\/\/hihc.de\/ru\/%d0%bd%d0%b5%d0%b4%d0%b2%d0%b8%d0%b6%d0%b8%d0%bc%d0%be%d1%81%d1%82%d1%8c-%d0%b2%d0%b5%d0%bd%d0%b0\/"]}]},{"@type":"ImageObject","inLanguage":"ru-RU","@id":"https:\/\/hihc.de\/ru\/%d0%bd%d0%b5%d0%b4%d0%b2%d0%b8%d0%b6%d0%b8%d0%bc%d0%be%d1%81%d1%82%d1%8c-%d0%b2%d0%b5%d0%bd%d0%b0\/#primaryimage","url":"https:\/\/hihc.de\/wp-content\/uploads\/2015\/08\/Immobilienmakler-Wien.jpg","contentUrl":"https:\/\/hihc.de\/wp-content\/uploads\/2015\/08\/Immobilienmakler-Wien.jpg"},{"@type":"BreadcrumbList","@id":"https:\/\/hihc.de\/ru\/%d0%bd%d0%b5%d0%b4%d0%b2%d0%b8%d0%b6%d0%b8%d0%bc%d0%be%d1%81%d1%82%d1%8c-%d0%b2%d0%b5%d0%bd%d0%b0\/#breadcrumb","itemListElement":[{"@type":"ListItem","position":1,"name":"Startseite","item":"https:\/\/hihc.de\/ru\/"},{"@type":"ListItem","position":2,"name":"\u041d\u0435\u0434\u0432\u0438\u0436\u0438\u043c\u043e\u0441\u0442\u044c \u2013 \u0412\u0435\u043d\u0430"}]},{"@type":"WebSite","@id":"https:\/\/hihc.de\/ru\/#website","url":"https:\/\/hihc.de\/ru\/","name":"HIHC Immobilienmakler Berlin, Deutschland und Europa","description":"Immobilienmakler Berlin | real estate agent berlin","publisher":{"@id":"https:\/\/hihc.de\/ru\/#organization"},"alternateName":"HIHC","potentialAction":[{"@type":"SearchAction","target":{"@type":"EntryPoint","urlTemplate":"https:\/\/hihc.de\/ru\/?s={search_term_string}"},"query-input":{"@type":"PropertyValueSpecification","valueRequired":true,"valueName":"search_term_string"}}],"inLanguage":"ru-RU"},{"@type":"Organization","@id":"https:\/\/hihc.de\/ru\/#organization","name":"HIHC Horvat Real Estate GmbH","alternateName":"HIHC","url":"https:\/\/hihc.de\/ru\/","logo":{"@type":"ImageObject","inLanguage":"ru-RU","@id":"https:\/\/hihc.de\/ru\/#\/schema\/logo\/image\/","url":"https:\/\/hihc.de\/wp-content\/uploads\/2023\/05\/Logo-HIHC.jpg","contentUrl":"https:\/\/hihc.de\/wp-content\/uploads\/2023\/05\/Logo-HIHC.jpg","width":640,"height":400,"caption":"HIHC Horvat Real Estate GmbH"},"image":{"@id":"https:\/\/hihc.de\/ru\/#\/schema\/logo\/image\/"},"sameAs":["https:\/\/www.facebook.com\/derimmobilienmaklerberlin","https:\/\/x.com\/immobilieninfos","https:\/\/mastodon.social\/@hihc","https:\/\/www.youtube.com\/user\/HIHCBERLIN","https:\/\/www.tiktok.com\/@immobilienmaklerberlin?lang=en","https:\/\/open.spotify.com\/show\/4XsnJYMYOHLg2SCshmV4Uj?si=oBla_h3VT5yLPBFIRJQofQ","https:\/\/www.instagram.com\/immobilienmaklerberlin24\/"],"description":"Ihr erfahrener Immobilienmakler f\u00fcr Wohn- und Gewerbeimmobilien in Berlin, Deutschland und Europa mit \u00fcber 30 Jahren Expertise! Wir vermitteln On-Market & Off-Market: Einfamilienh\u00e4user, Mehrfamilienh\u00e4user, Eigentumswohnungen, Reihenh\u00e4user, Doppelh\u00e4user, Stadth\u00e4user, Villen, Penthouses, Lofts, m\u00f6blierte & unm\u00f6blierte Apartments, Studentenwohnheime, Seniorenwohnheime, Ferienh\u00e4user, Grundst\u00fccke, Wochenendh\u00e4user, Bauernh\u00e4user, Bungalows, Tiny Houses, Schwimmende H\u00e4user (Hausboote), Schl\u00f6sser, Burgen, Kl\u00f6ster, B\u00fcrogeb\u00e4ude, Einzelhandelsfl\u00e4chen, Einkaufszentren, Gewerbehallen, Lagerhallen, Industrieparks, Gewerbeparks, Hotels, Pensionen, Motels, Restaurants, Caf\u00e9s, Bars\/Nachtclubs, Fitnessstudios, Arztpraxen, Kliniken, Pflegeheime, Zahnarztpraxen, Apotheken, Banken, Superm\u00e4rkte, Baum\u00e4rkte, Tankstellen, Kinos, Theater, Sporthallen\/Stadien, Parkh\u00e4user, Lagerfl\u00e4chen, Logistikzentren, Produktionsst\u00e4tten, Landwirtschaftliche Betriebe (z. B. Bauernh\u00f6fe, Weing\u00fcter). Auch bekannt aus: TikTok, YouTube, Facebook, Spotify","email":"info@hihc.de","telephone":"+493033099930","legalName":"HIHC Horvat Real Estate GmbH","vatID":"DE 272236709"}]}},"_links":{"self":[{"href":"https:\/\/hihc.de\/ru\/wp-json\/wp\/v2\/pages\/1062","targetHints":{"allow":["GET"]}}],"collection":[{"href":"https:\/\/hihc.de\/ru\/wp-json\/wp\/v2\/pages"}],"about":[{"href":"https:\/\/hihc.de\/ru\/wp-json\/wp\/v2\/types\/page"}],"author":[{"embeddable":true,"href":"https:\/\/hihc.de\/ru\/wp-json\/wp\/v2\/users\/1"}],"replies":[{"embeddable":true,"href":"https:\/\/hihc.de\/ru\/wp-json\/wp\/v2\/comments?post=1062"}],"version-history":[{"count":4,"href":"https:\/\/hihc.de\/ru\/wp-json\/wp\/v2\/pages\/1062\/revisions"}],"predecessor-version":[{"id":1495,"href":"https:\/\/hihc.de\/ru\/wp-json\/wp\/v2\/pages\/1062\/revisions\/1495"}],"wp:attachment":[{"href":"https:\/\/hihc.de\/ru\/wp-json\/wp\/v2\/media?parent=1062"}],"curies":[{"name":"wp","href":"https:\/\/api.w.org\/{rel}","templated":true}]}}