{"id":55905,"date":"2023-06-03T10:45:16","date_gmt":"2023-06-03T10:45:16","guid":{"rendered":"https:\/\/hihc.de\/?page_id=55905"},"modified":"2023-06-03T10:45:16","modified_gmt":"2023-06-03T10:45:16","slug":"%e7%a7%81%e3%81%9f%e3%81%a1%e3%81%ab%e3%81%a4%e3%81%84%e3%81%a6","status":"publish","type":"page","link":"https:\/\/hihc.de\/ja\/%e7%a7%81%e3%81%9f%e3%81%a1%e3%81%ab%e3%81%a4%e3%81%84%e3%81%a6\/","title":{"rendered":"\u79c1\u305f\u3061\u306b\u3064\u3044\u3066"},"content":{"rendered":"<h2>HIHC Horvat Real Estate GmbH\u3078\u3088\u3046\u3053\u305d &#8211; \u30d9\u30eb\u30ea\u30f3\u3001\u30c9\u30a4\u30c4\u3001\u305d\u3057\u3066\u30e8\u30fc\u30ed\u30c3\u30d1\u5168\u57df\u3067\u306e\u4f4f\u5b85\u3068\u5546\u696d\u4e0d\u52d5\u7523\u306e\u30a8\u30ad\u30b9\u30d1\u30fc\u30c8\u3067\u3059\u3002<\/h2>\n<h3>\u4e0d\u52d5\u7523\u306e\u4ef2\u4ecb\u306b\u304a\u3051\u308b30\u5e74\u4ee5\u4e0a\u306e\u7d4c\u9a13\u3068\u3001\u7d14\u7c8b\u306a\u63a8\u5968\u306b\u57fa\u3065\u3044\u3066\u6210\u9577\u3057\u3066\u304d\u305f\u9867\u5ba2\u57fa\u76e4\u3092\u6301\u3061\u3001\u79c1\u305f\u3061\u306f\u3042\u306a\u305f\u306e\u5168\u3066\u306e\u4e0d\u52d5\u7523\u306b\u95a2\u3059\u308b\u554f\u984c\u3067\u4fe1\u983c\u3067\u304d\u308b\u30d1\u30fc\u30c8\u30ca\u30fc\u3067\u3059\u3002<\/h3>\n<p>\u30aa\u30fc\u30ca\u30fc\u304c\u904b\u55b6\u3059\u308b\u5bb6\u65cf\u7d4c\u55b6\u306e\u4f1a\u793e\u3068\u3057\u3066\u3001\u79c1\u305f\u3061\u306f\u9867\u5ba2\u306e\u500b\u3005\u306e\u76f8\u8ac7\u3068\u30b5\u30dd\u30fc\u30c8\u306b\u7279\u306b\u4fa1\u5024\u3092\u7f6e\u3044\u3066\u3044\u307e\u3059\u3002\u7d4c\u9a13\u8c4a\u5bcc\u306a\u4e0d\u52d5\u7523\u30b3\u30f3\u30b5\u30eb\u30bf\u30f3\u30c8\u3068\u5c02\u9580\u5bb6\u3067\u69cb\u6210\u3055\u308c\u308b\u79c1\u305f\u3061\u306e\u30c0\u30a4\u30ca\u30df\u30c3\u30af\u306a\u30c1\u30fc\u30e0\u306f\u3001\u4e00\u6238\u5efa\u3066\u4f4f\u5b85\u306e\u8ca9\u58f2\u304b\u3089\u5927\u898f\u6a21\u306a\u4e0d\u52d5\u7523\u6295\u8cc7\u306e\u4ef2\u4ecb\u306b\u81f3\u308b\u307e\u3067\u3001\u9867\u5ba2\u306e\u671f\u5f85\u306b\u5e38\u306b\u5fdc\u3048\u308b\u6e96\u5099\u304c\u3067\u304d\u3066\u3044\u307e\u3059\u3002<\/p>\n<h3>\u79c1\u305f\u3061\u306e\u30dd\u30fc\u30c8\u30d5\u30a9\u30ea\u30aa\u306f\u5e45\u5e83\u3044\u7a2e\u985e\u306e\u4e0d\u52d5\u7523\u3092\u53d6\u308a\u63c3\u3048\u3066\u3044\u307e\u3059\u3002<\/h3>\n<p>\u4e00\u6238\u5efa\u3066\u4f4f\u5b85\u3001\u30de\u30f3\u30b7\u30e7\u30f3\u3001\u30bf\u30a6\u30f3\u30cf\u30a6\u30b9\u3001\u4e8c\u4e16\u5e2f\u4f4f\u5b85\u3001\u90fd\u5e02\u578b\u4f4f\u5b85\u3001\u30f4\u30a3\u30e9\u3001\u30da\u30f3\u30c8\u30cf\u30a6\u30b9\u3001\u30ed\u30d5\u30c8\u3001\u5bb6\u5177\u4ed8\u304d\u307e\u305f\u306f\u7121\u5bb6\u5177\u306e\u30a2\u30d1\u30fc\u30c8\u3001\u5b66\u751f\u5bee\u3001\u8001\u4eba\u30db\u30fc\u30e0\u3001\u4f11\u6687\u7528\u4f4f\u5b85\u3001\u571f\u5730\u3001\u9031\u672b\u306e\u5bb6\u3001\u8fb2\u5bb6\u3001\u30d0\u30f3\u30ac\u30ed\u30fc\u3001Tiny Houses\uff08\u30bf\u30a4\u30cb\u30fc\u30cf\u30a6\u30b9\uff09\u3001\u6c34\u4e0a\u4f4f\u5b85\uff08\u30cf\u30a6\u30b9\u30dc\u30fc\u30c8\uff09\u3001\u57ce\u3001\u8981\u585e\u3001\u4fee\u9053\u9662\u3001\u30aa\u30d5\u30a3\u30b9\u30d3\u30eb\u3001\u5c0f\u58f2\u308a\u30b9\u30da\u30fc\u30b9\u3001\u30b7\u30e7\u30c3\u30d4\u30f3\u30b0\u30e2\u30fc\u30eb\u3001\u5546\u696d\u65bd\u8a2d\u3001\u5009\u5eab\u3001\u5de5\u696d\u56e3\u5730\u3001\u30d3\u30b8\u30cd\u30b9\u30d1\u30fc\u30af\u3001\u30db\u30c6\u30eb\u3001\u30b2\u30b9\u30c8\u30cf\u30a6\u30b9\u3001\u30e2\u30fc\u30c6\u30eb\u3001\u30ec\u30b9\u30c8\u30e9\u30f3\u3001\u30ab\u30d5\u30a7\u3001\u30d0\u30fc\/\u30ca\u30a4\u30c8\u30af\u30e9\u30d6\u3001\u30d5\u30a3\u30c3\u30c8\u30cd\u30b9\u30b9\u30bf\u30b8\u30aa\u3001\u533b\u7642\u65bd\u8a2d\u3001\u75c5\u9662\u3001\u4ecb\u8b77\u65bd\u8a2d\u3001\u6b6f\u79d1\u533b\u9662\u3001\u85ac\u5c40\u3001\u9280\u884c\u3001\u30b9\u30fc\u30d1\u30fc\u30de\u30fc\u30b1\u30c3\u30c8\u3001\u30db\u30fc\u30e0\u30bb\u30f3\u30bf\u30fc\u3001\u30ac\u30bd\u30ea\u30f3\u30b9\u30bf\u30f3\u30c9\u3001\u6620\u753b\u9928\u3001\u5287\u5834\u3001\u4f53\u80b2\u9928\/\u30b9\u30bf\u30b8\u30a2\u30e0\u3001\u30d1\u30fc\u30ad\u30f3\u30b0\u30ac\u30ec\u30fc\u30b8\u3001\u5009\u5eab\u30b9\u30da\u30fc\u30b9\u3001\u7269\u6d41\u30bb\u30f3\u30bf\u30fc\u3001\u751f\u7523\u65bd\u8a2d\u3001\u8fb2\u5834\u3001\u9152\u8535\u306a\u3069\u3001\u8ca9\u58f2\u307e\u305f\u306f\u8cfc\u5165\u3092\u8003\u3048\u3066\u3044\u308b\u7269\u4ef6\u306e\u7a2e\u985e\u306b\u304b\u304b\u308f\u3089\u305a\u3001\u79c1\u305f\u3061\u306f\u3042\u306a\u305f\u306b\u5c02\u9580\u7684\u306a\u652f\u63f4\u3092\u63d0\u4f9b\u3057\u307e\u3059\u3002<\/p>\n<h2>\u30cf\u30a4\u30d6\u30ea\u30c3\u30c9\u30d6\u30ed\u30fc\u30ab\u30fc\u3068\u3057\u3066\u306e\u79c1\u305f\u3061\u306e\u6d3b\u52d5\u3067\u306f\u3001On-Market\uff08\u516c\u958b\u5e02\u5834\uff09\u3068Off-Market\uff08\u975e\u516c\u958b\u5e02\u5834\uff09\u306e\u4ef2\u4ecb\u3092\u63d0\u4f9b\u3057\u3001\u9867\u5ba2\u306b\u5305\u62ec\u7684\u306a\u30aa\u30d5\u30a1\u30fc\u3068\u500b\u3005\u306e\u76f8\u8ac7\u3092\u4fdd\u8a3c\u3057\u307e\u3059\u3002<\/h2>\n<p>\u79c1\u305f\u3061\u306f\u5e83\u7bc4\u306a\u30b0\u30ed\u30fc\u30d0\u30eb\u30cd\u30c3\u30c8\u30ef\u30fc\u30af\u3068\u30c7\u30b8\u30bf\u30eb\u30e1\u30c7\u30a3\u30a2\u3067\u306e\u5f37\u3044\u30d7\u30ec\u30bc\u30f3\u30b9\u3092\u6d3b\u7528\u3057\u3001\u3042\u3089\u3086\u308b\u7a2e\u985e\u306e\u4e0d\u52d5\u7523\u306b\u5bfe\u3059\u308b\u9069\u5207\u306a\u8cfc\u5165\u8005\u3084\u8cc3\u501f\u4eba\u3092\u898b\u3064\u3051\u308b\u305f\u3081\u306b\u5e83\u3044\u5c64\u306e\u8996\u8074\u8005\u306b\u30a2\u30af\u30bb\u30b9\u3057\u307e\u3059\u3002<\/p>\n<h3>\u3057\u304b\u3057\u3001\u79c1\u305f\u3061\u306f\u5358\u306a\u308b\u4e0d\u52d5\u7523\u4ef2\u4ecb\u696d\u8005\u4ee5\u4e0a\u306e\u5b58\u5728\u3067\u3059:<\/h3>\n<p>\u79c1\u305f\u3061\u306e\u30b5\u30fc\u30d3\u30b9\u306f\u7d14\u7c8b\u306a\u4ef2\u4ecb\u3068\u8a3c\u660e\u6d3b\u52d5\u3092\u8d85\u3048\u3066\u3044\u307e\u3059\u3002\u79c1\u305f\u3061\u306f\u9867\u5ba2\u3092\u521d\u3081\u3066\u306e\u76f8\u8ac7\u304b\u3089\u4fa1\u683c\u4ea4\u6e09\u3001\u305d\u3057\u3066\u8cfc\u5165\u307e\u305f\u306f\u8cc3\u8cb8\u5951\u7d04\u306e\u7de0\u7d50\u307e\u3067\u306e\u5168\u904e\u7a0b\u3067\u30b5\u30dd\u30fc\u30c8\u3057\u307e\u3059\u3002\u307e\u305f\u3001\u79c1\u305f\u3061\u306f\u9867\u5ba2\u306b\u516c\u8a3c\u4eba\u3001\u5f01\u8b77\u58eb\u3001\u7a0e\u7406\u58eb\u304b\u3089\u4fe1\u983c\u3067\u304d\u308b\u8077\u4eba\u307e\u3067\u306e\u5c02\u9580\u5bb6\u30cd\u30c3\u30c8\u30ef\u30fc\u30af\u3078\u306e\u30a2\u30af\u30bb\u30b9\u3092\u63d0\u4f9b\u3057\u307e\u3059\u3002<br \/>\nHIHC Horvat Real Estate GmbH\u3067\u306f\u3001\u4e0d\u52d5\u7523\u5e02\u5834\u304c\u5e38\u306b\u5909\u5316\u3059\u308b\u30c0\u30a4\u30ca\u30df\u30c3\u30af\u306a\u74b0\u5883\u3067\u3042\u308b\u3053\u3068\u3092\u7406\u89e3\u3057\u3066\u3044\u307e\u3059\u3002\u305d\u306e\u305f\u3081\u3001\u79c1\u305f\u3061\u306f\u4f1d\u7d71\u7684\u306a\u30c1\u30e3\u30cd\u30eb\u3068\u30e2\u30c0\u30f3\u306a\u30c7\u30b8\u30bf\u30eb\u8ca9\u58f2\u30c1\u30e3\u30cd\u30eb\u306e\u7d44\u307f\u5408\u308f\u305b\u3092\u4f7f\u7528\u3057\u3001\u5e38\u306b\u6700\u65b0\u306e\u5e02\u5834\u6761\u4ef6\u306b\u6226\u7565\u3092\u9069\u5fdc\u3055\u305b\u307e\u3059\u3002<\/p>\n<h3>\u79c1\u305f\u3061\u306f\u74b0\u5883\u4fdd\u8b77\u306b\u8ca2\u732e\u3059\u308b\u3053\u3068\u3092\u8a87\u308a\u306b\u601d\u3063\u3066\u3044\u307e\u3059\u3057\u3001\u79c1\u305f\u3061\u306e\u30d7\u30ed\u30bb\u30b9\u3092\u3067\u304d\u308b\u3060\u3051\u6301\u7d9a\u53ef\u80fd\u306b\u3059\u308b\u3053\u3068\u306b\u6ce8\u610f\u3092\u6255\u3063\u3066\u3044\u307e\u3059\u3002<\/h3>\n<p>\u79c1\u305f\u3061\u306e\u512a\u308c\u305f\u8a55\u4fa1\u3068\u9867\u5ba2\u306e\u6e80\u8db3\u5ea6\u306f\u3001\u79c1\u305f\u3061\u306e\u4ed5\u4e8b\u306e\u54c1\u8cea\u306e\u6700\u9ad8\u306e\u8a3c\u660e\u3067\u3059\u3002<br \/>\n\u3082\u3057\u3001\u3042\u306a\u305f\u304c\u4fe1\u983c\u3067\u304d\u308b\u4e0d\u52d5\u7523\u4e8b\u696d\u306e\u30d1\u30fc\u30c8\u30ca\u30fc\u3092\u63a2\u3057\u3066\u3044\u308b\u306a\u3089\u3001\u79c1\u305f\u3061\u304c\u305d\u306e\u4eba\u3067\u3059\u3002<\/p>\n<p><span style=\"color: #000000;\"><b>\u79c1\u305f\u3061\u306f\u96fb\u8a71<\/b><\/span> <a href=\"tel:+493033099930\">+49 (0)30 33099930<\/a> \u307e\u305f\u306f24\u6642\u9593365\u65e5\u5bfe\u5fdc\u306e <a href=\"https:\/\/wa.me\/493033099930\" target=\"_blank\" rel=\"noopener noreferrer\"><span style=\"font-weight: 600; color: #49e322;\">WhatsApp<\/span><\/a><b>\u307e\u305f\u306f\u79c1\u305f\u3061\u306e<\/b><a style=\"font-weight: bold;\" href=\"https:\/\/hihc.de\/kontakt\/\">\u304a\u554f\u3044\u5408\u308f\u305b\u30d5\u30a9\u30fc\u30e0<\/a><b>\u3092\u901a\u3058\u3066\u9023\u7d61\u3092\u53d6\u308b\u3053\u3068\u304c\u3067\u304d\u307e\u3059\u3002<\/b><\/p>\n<p>\u3042\u306a\u305f\u3068\u304a\u4f1a\u3044\u3067\u304d\u308b\u306e\u3092\u697d\u3057\u307f\u306b\u3057\u3066\u304a\u308a\u3001\u3042\u306a\u305f\u306e\u4e0d\u52d5\u7523\u306e\u554f\u984c\u306b\u5bfe\u3057\u3066\u6700\u5584\u306e\u89e3\u6c7a\u7b56\u3092\u898b\u3064\u3051\u308b\u305f\u3081\u306b\u5354\u529b\u3059\u308b\u3053\u3068\u3092\u671f\u5f85\u3057\u3066\u3044\u307e\u3059\u3002<\/p>\n","protected":false},"excerpt":{"rendered":"<p>HIHC Horvat Real Estate GmbH\u3078\u3088\u3046\u3053\u305d &#8211; \u30d9\u30eb\u30ea\u30f3\u3001\u30c9\u30a4\u30c4\u3001\u305d\u3057\u3066\u30e8\u30fc\u30ed\u30c3\u30d1\u5168\u57df\u3067\u306e\u4f4f\u5b85\u3068\u5546\u696d\u4e0d\u52d5\u7523\u306e\u30a8\u30ad\u30b9\u30d1\u30fc\u30c8\u3067\u3059\u3002 \u4e0d\u52d5\u7523\u306e\u4ef2\u4ecb\u306b\u304a\u3051\u308b30\u5e74\u4ee5\u4e0a\u306e\u7d4c\u9a13\u3068\u3001\u7d14\u7c8b\u306a\u63a8\u5968\u306b\u57fa\u3065<\/p>\n","protected":false},"author":1,"featured_media":0,"parent":0,"menu_order":0,"comment_status":"open","ping_status":"open","template":"","meta":{"_acf_changed":false,"ngg_post_thumbnail":0,"footnotes":""},"class_list":["post-55905","page","type-page","status-publish","hentry"],"acf":[],"yoast_head":"<!-- This site is optimized with the Yoast SEO Premium plugin v22.7 (Yoast SEO v27.4) - https:\/\/yoast.com\/product\/yoast-seo-premium-wordpress\/ -->\n<title>\u79c1\u305f\u3061\u306b\u3064\u3044\u3066 - HIHC Immobilienmakler Berlin, Deutschland und Europa<\/title>\n<meta name=\"robots\" content=\"index, follow, max-snippet:-1, max-image-preview:large, max-video-preview:-1\" \/>\n<link rel=\"canonical\" href=\"https:\/\/hihc.de\/ja\/%e7%a7%81%e3%81%9f%e3%81%a1%e3%81%ab%e3%81%a4%e3%81%84%e3%81%a6\/\" \/>\n<meta property=\"og:locale\" content=\"ja_JP\" \/>\n<meta property=\"og:type\" content=\"article\" \/>\n<meta property=\"og:title\" content=\"\u79c1\u305f\u3061\u306b\u3064\u3044\u3066\" \/>\n<meta property=\"og:description\" content=\"HIHC Horvat Real Estate GmbH\u3078\u3088\u3046\u3053\u305d &#8211; \u30d9\u30eb\u30ea\u30f3\u3001\u30c9\u30a4\u30c4\u3001\u305d\u3057\u3066\u30e8\u30fc\u30ed\u30c3\u30d1\u5168\u57df\u3067\u306e\u4f4f\u5b85\u3068\u5546\u696d\u4e0d\u52d5\u7523\u306e\u30a8\u30ad\u30b9\u30d1\u30fc\u30c8\u3067\u3059\u3002 \u4e0d\u52d5\u7523\u306e\u4ef2\u4ecb\u306b\u304a\u3051\u308b30\u5e74\u4ee5\u4e0a\u306e\u7d4c\u9a13\u3068\u3001\u7d14\u7c8b\u306a\u63a8\u5968\u306b\u57fa\u3065\" \/>\n<meta property=\"og:url\" content=\"https:\/\/hihc.de\/ja\/%e7%a7%81%e3%81%9f%e3%81%a1%e3%81%ab%e3%81%a4%e3%81%84%e3%81%a6\/\" \/>\n<meta property=\"og:site_name\" content=\"HIHC Immobilienmakler Berlin, Deutschland und Europa\" \/>\n<meta property=\"article:publisher\" content=\"https:\/\/www.facebook.com\/derimmobilienmaklerberlin\" \/>\n<meta property=\"og:image\" content=\"https:\/\/hihc.de\/wp-content\/uploads\/2023\/05\/Logo-HIHC.jpg\" \/>\n\t<meta property=\"og:image:width\" content=\"640\" \/>\n\t<meta property=\"og:image:height\" content=\"400\" \/>\n\t<meta property=\"og:image:type\" content=\"image\/jpeg\" \/>\n<meta name=\"twitter:card\" content=\"summary_large_image\" \/>\n<meta name=\"twitter:site\" content=\"@immobilieninfos\" \/>\n<script type=\"application\/ld+json\" class=\"yoast-schema-graph\">{\"@context\":\"https:\\\/\\\/schema.org\",\"@graph\":[{\"@type\":\"WebPage\",\"@id\":\"https:\\\/\\\/hihc.de\\\/ja\\\/%e7%a7%81%e3%81%9f%e3%81%a1%e3%81%ab%e3%81%a4%e3%81%84%e3%81%a6\\\/\",\"url\":\"https:\\\/\\\/hihc.de\\\/ja\\\/%e7%a7%81%e3%81%9f%e3%81%a1%e3%81%ab%e3%81%a4%e3%81%84%e3%81%a6\\\/\",\"name\":\"\u79c1\u305f\u3061\u306b\u3064\u3044\u3066 - HIHC Immobilienmakler Berlin, Deutschland und Europa\",\"isPartOf\":{\"@id\":\"https:\\\/\\\/hihc.de\\\/ja\\\/#website\"},\"datePublished\":\"2023-06-03T10:45:16+00:00\",\"breadcrumb\":{\"@id\":\"https:\\\/\\\/hihc.de\\\/ja\\\/%e7%a7%81%e3%81%9f%e3%81%a1%e3%81%ab%e3%81%a4%e3%81%84%e3%81%a6\\\/#breadcrumb\"},\"inLanguage\":\"ja\",\"potentialAction\":[{\"@type\":\"ReadAction\",\"target\":[\"https:\\\/\\\/hihc.de\\\/ja\\\/%e7%a7%81%e3%81%9f%e3%81%a1%e3%81%ab%e3%81%a4%e3%81%84%e3%81%a6\\\/\"]}]},{\"@type\":\"BreadcrumbList\",\"@id\":\"https:\\\/\\\/hihc.de\\\/ja\\\/%e7%a7%81%e3%81%9f%e3%81%a1%e3%81%ab%e3%81%a4%e3%81%84%e3%81%a6\\\/#breadcrumb\",\"itemListElement\":[{\"@type\":\"ListItem\",\"position\":1,\"name\":\"Startseite\",\"item\":\"https:\\\/\\\/hihc.de\\\/ja\\\/\"},{\"@type\":\"ListItem\",\"position\":2,\"name\":\"\u79c1\u305f\u3061\u306b\u3064\u3044\u3066\"}]},{\"@type\":\"WebSite\",\"@id\":\"https:\\\/\\\/hihc.de\\\/ja\\\/#website\",\"url\":\"https:\\\/\\\/hihc.de\\\/ja\\\/\",\"name\":\"HIHC Immobilienmakler Berlin, Deutschland und Europa\",\"description\":\"Just another WordPress site\",\"publisher\":{\"@id\":\"https:\\\/\\\/hihc.de\\\/ja\\\/#organization\"},\"alternateName\":\"HIHC\",\"potentialAction\":[{\"@type\":\"SearchAction\",\"target\":{\"@type\":\"EntryPoint\",\"urlTemplate\":\"https:\\\/\\\/hihc.de\\\/ja\\\/?s={search_term_string}\"},\"query-input\":{\"@type\":\"PropertyValueSpecification\",\"valueRequired\":true,\"valueName\":\"search_term_string\"}}],\"inLanguage\":\"ja\"},{\"@type\":\"Organization\",\"@id\":\"https:\\\/\\\/hihc.de\\\/ja\\\/#organization\",\"name\":\"HIHC Horvat Real Estate GmbH\",\"alternateName\":\"HIHC\",\"url\":\"https:\\\/\\\/hihc.de\\\/ja\\\/\",\"logo\":{\"@type\":\"ImageObject\",\"inLanguage\":\"ja\",\"@id\":\"https:\\\/\\\/hihc.de\\\/ja\\\/#\\\/schema\\\/logo\\\/image\\\/\",\"url\":\"https:\\\/\\\/hihc.de\\\/wp-content\\\/uploads\\\/2023\\\/05\\\/Logo-HIHC.jpg\",\"contentUrl\":\"https:\\\/\\\/hihc.de\\\/wp-content\\\/uploads\\\/2023\\\/05\\\/Logo-HIHC.jpg\",\"width\":640,\"height\":400,\"caption\":\"HIHC Horvat Real Estate GmbH\"},\"image\":{\"@id\":\"https:\\\/\\\/hihc.de\\\/ja\\\/#\\\/schema\\\/logo\\\/image\\\/\"},\"sameAs\":[\"https:\\\/\\\/www.facebook.com\\\/derimmobilienmaklerberlin\",\"https:\\\/\\\/x.com\\\/immobilieninfos\",\"https:\\\/\\\/mastodon.social\\\/@hihc\",\"https:\\\/\\\/www.youtube.com\\\/user\\\/HIHCBERLIN\",\"https:\\\/\\\/www.tiktok.com\\\/@immobilienmaklerberlin?lang=en\",\"https:\\\/\\\/open.spotify.com\\\/show\\\/4XsnJYMYOHLg2SCshmV4Uj?si=oBla_h3VT5yLPBFIRJQofQ\",\"https:\\\/\\\/www.instagram.com\\\/immobilienmaklerberlin24\\\/\"],\"description\":\"Ihr erfahrener Immobilienmakler f\u00fcr Wohn- und Gewerbeimmobilien in Berlin, Deutschland und Europa mit \u00fcber 30 Jahren Expertise! Wir vermitteln On-Market & Off-Market: Einfamilienh\u00e4user, Mehrfamilienh\u00e4user, Eigentumswohnungen, Reihenh\u00e4user, Doppelh\u00e4user, Stadth\u00e4user, Villen, Penthouses, Lofts, m\u00f6blierte & unm\u00f6blierte Apartments, Studentenwohnheime, Seniorenwohnheime, Ferienh\u00e4user, Grundst\u00fccke, Wochenendh\u00e4user, Bauernh\u00e4user, Bungalows, Tiny Houses, Schwimmende H\u00e4user (Hausboote), Schl\u00f6sser, Burgen, Kl\u00f6ster, B\u00fcrogeb\u00e4ude, Einzelhandelsfl\u00e4chen, Einkaufszentren, Gewerbehallen, Lagerhallen, Industrieparks, Gewerbeparks, Hotels, Pensionen, Motels, Restaurants, Caf\u00e9s, Bars\\\/Nachtclubs, Fitnessstudios, Arztpraxen, Kliniken, Pflegeheime, Zahnarztpraxen, Apotheken, Banken, Superm\u00e4rkte, Baum\u00e4rkte, Tankstellen, Kinos, Theater, Sporthallen\\\/Stadien, Parkh\u00e4user, Lagerfl\u00e4chen, Logistikzentren, Produktionsst\u00e4tten, Landwirtschaftliche Betriebe (z. B. Bauernh\u00f6fe, Weing\u00fcter). Auch bekannt aus: TikTok, YouTube, Facebook, Spotify\",\"email\":\"info@hihc.de\",\"telephone\":\"+493033099930\",\"legalName\":\"HIHC Horvat Real Estate GmbH\",\"vatID\":\"DE 272236709\"}]}<\/script>\n<!-- \/ Yoast SEO Premium plugin. -->","yoast_head_json":{"title":"\u79c1\u305f\u3061\u306b\u3064\u3044\u3066 - HIHC Immobilienmakler Berlin, Deutschland und Europa","robots":{"index":"index","follow":"follow","max-snippet":"max-snippet:-1","max-image-preview":"max-image-preview:large","max-video-preview":"max-video-preview:-1"},"canonical":"https:\/\/hihc.de\/ja\/%e7%a7%81%e3%81%9f%e3%81%a1%e3%81%ab%e3%81%a4%e3%81%84%e3%81%a6\/","og_locale":"ja_JP","og_type":"article","og_title":"\u79c1\u305f\u3061\u306b\u3064\u3044\u3066","og_description":"HIHC Horvat Real Estate GmbH\u3078\u3088\u3046\u3053\u305d &#8211; \u30d9\u30eb\u30ea\u30f3\u3001\u30c9\u30a4\u30c4\u3001\u305d\u3057\u3066\u30e8\u30fc\u30ed\u30c3\u30d1\u5168\u57df\u3067\u306e\u4f4f\u5b85\u3068\u5546\u696d\u4e0d\u52d5\u7523\u306e\u30a8\u30ad\u30b9\u30d1\u30fc\u30c8\u3067\u3059\u3002 \u4e0d\u52d5\u7523\u306e\u4ef2\u4ecb\u306b\u304a\u3051\u308b30\u5e74\u4ee5\u4e0a\u306e\u7d4c\u9a13\u3068\u3001\u7d14\u7c8b\u306a\u63a8\u5968\u306b\u57fa\u3065","og_url":"https:\/\/hihc.de\/ja\/%e7%a7%81%e3%81%9f%e3%81%a1%e3%81%ab%e3%81%a4%e3%81%84%e3%81%a6\/","og_site_name":"HIHC Immobilienmakler Berlin, Deutschland und Europa","article_publisher":"https:\/\/www.facebook.com\/derimmobilienmaklerberlin","og_image":[{"width":640,"height":400,"url":"https:\/\/hihc.de\/wp-content\/uploads\/2023\/05\/Logo-HIHC.jpg","type":"image\/jpeg"}],"twitter_card":"summary_large_image","twitter_site":"@immobilieninfos","schema":{"@context":"https:\/\/schema.org","@graph":[{"@type":"WebPage","@id":"https:\/\/hihc.de\/ja\/%e7%a7%81%e3%81%9f%e3%81%a1%e3%81%ab%e3%81%a4%e3%81%84%e3%81%a6\/","url":"https:\/\/hihc.de\/ja\/%e7%a7%81%e3%81%9f%e3%81%a1%e3%81%ab%e3%81%a4%e3%81%84%e3%81%a6\/","name":"\u79c1\u305f\u3061\u306b\u3064\u3044\u3066 - HIHC Immobilienmakler Berlin, Deutschland und Europa","isPartOf":{"@id":"https:\/\/hihc.de\/ja\/#website"},"datePublished":"2023-06-03T10:45:16+00:00","breadcrumb":{"@id":"https:\/\/hihc.de\/ja\/%e7%a7%81%e3%81%9f%e3%81%a1%e3%81%ab%e3%81%a4%e3%81%84%e3%81%a6\/#breadcrumb"},"inLanguage":"ja","potentialAction":[{"@type":"ReadAction","target":["https:\/\/hihc.de\/ja\/%e7%a7%81%e3%81%9f%e3%81%a1%e3%81%ab%e3%81%a4%e3%81%84%e3%81%a6\/"]}]},{"@type":"BreadcrumbList","@id":"https:\/\/hihc.de\/ja\/%e7%a7%81%e3%81%9f%e3%81%a1%e3%81%ab%e3%81%a4%e3%81%84%e3%81%a6\/#breadcrumb","itemListElement":[{"@type":"ListItem","position":1,"name":"Startseite","item":"https:\/\/hihc.de\/ja\/"},{"@type":"ListItem","position":2,"name":"\u79c1\u305f\u3061\u306b\u3064\u3044\u3066"}]},{"@type":"WebSite","@id":"https:\/\/hihc.de\/ja\/#website","url":"https:\/\/hihc.de\/ja\/","name":"HIHC Immobilienmakler Berlin, Deutschland und Europa","description":"Just another WordPress site","publisher":{"@id":"https:\/\/hihc.de\/ja\/#organization"},"alternateName":"HIHC","potentialAction":[{"@type":"SearchAction","target":{"@type":"EntryPoint","urlTemplate":"https:\/\/hihc.de\/ja\/?s={search_term_string}"},"query-input":{"@type":"PropertyValueSpecification","valueRequired":true,"valueName":"search_term_string"}}],"inLanguage":"ja"},{"@type":"Organization","@id":"https:\/\/hihc.de\/ja\/#organization","name":"HIHC Horvat Real Estate GmbH","alternateName":"HIHC","url":"https:\/\/hihc.de\/ja\/","logo":{"@type":"ImageObject","inLanguage":"ja","@id":"https:\/\/hihc.de\/ja\/#\/schema\/logo\/image\/","url":"https:\/\/hihc.de\/wp-content\/uploads\/2023\/05\/Logo-HIHC.jpg","contentUrl":"https:\/\/hihc.de\/wp-content\/uploads\/2023\/05\/Logo-HIHC.jpg","width":640,"height":400,"caption":"HIHC Horvat Real Estate GmbH"},"image":{"@id":"https:\/\/hihc.de\/ja\/#\/schema\/logo\/image\/"},"sameAs":["https:\/\/www.facebook.com\/derimmobilienmaklerberlin","https:\/\/x.com\/immobilieninfos","https:\/\/mastodon.social\/@hihc","https:\/\/www.youtube.com\/user\/HIHCBERLIN","https:\/\/www.tiktok.com\/@immobilienmaklerberlin?lang=en","https:\/\/open.spotify.com\/show\/4XsnJYMYOHLg2SCshmV4Uj?si=oBla_h3VT5yLPBFIRJQofQ","https:\/\/www.instagram.com\/immobilienmaklerberlin24\/"],"description":"Ihr erfahrener Immobilienmakler f\u00fcr Wohn- und Gewerbeimmobilien in Berlin, Deutschland und Europa mit \u00fcber 30 Jahren Expertise! Wir vermitteln On-Market & Off-Market: Einfamilienh\u00e4user, Mehrfamilienh\u00e4user, Eigentumswohnungen, Reihenh\u00e4user, Doppelh\u00e4user, Stadth\u00e4user, Villen, Penthouses, Lofts, m\u00f6blierte & unm\u00f6blierte Apartments, Studentenwohnheime, Seniorenwohnheime, Ferienh\u00e4user, Grundst\u00fccke, Wochenendh\u00e4user, Bauernh\u00e4user, Bungalows, Tiny Houses, Schwimmende H\u00e4user (Hausboote), Schl\u00f6sser, Burgen, Kl\u00f6ster, B\u00fcrogeb\u00e4ude, Einzelhandelsfl\u00e4chen, Einkaufszentren, Gewerbehallen, Lagerhallen, Industrieparks, Gewerbeparks, Hotels, Pensionen, Motels, Restaurants, Caf\u00e9s, Bars\/Nachtclubs, Fitnessstudios, Arztpraxen, Kliniken, Pflegeheime, Zahnarztpraxen, Apotheken, Banken, Superm\u00e4rkte, Baum\u00e4rkte, Tankstellen, Kinos, Theater, Sporthallen\/Stadien, Parkh\u00e4user, Lagerfl\u00e4chen, Logistikzentren, Produktionsst\u00e4tten, Landwirtschaftliche Betriebe (z. B. Bauernh\u00f6fe, Weing\u00fcter). Auch bekannt aus: TikTok, YouTube, Facebook, Spotify","email":"info@hihc.de","telephone":"+493033099930","legalName":"HIHC Horvat Real Estate GmbH","vatID":"DE 272236709"}]}},"_links":{"self":[{"href":"https:\/\/hihc.de\/ja\/wp-json\/wp\/v2\/pages\/55905","targetHints":{"allow":["GET"]}}],"collection":[{"href":"https:\/\/hihc.de\/ja\/wp-json\/wp\/v2\/pages"}],"about":[{"href":"https:\/\/hihc.de\/ja\/wp-json\/wp\/v2\/types\/page"}],"author":[{"embeddable":true,"href":"https:\/\/hihc.de\/ja\/wp-json\/wp\/v2\/users\/1"}],"replies":[{"embeddable":true,"href":"https:\/\/hihc.de\/ja\/wp-json\/wp\/v2\/comments?post=55905"}],"version-history":[{"count":1,"href":"https:\/\/hihc.de\/ja\/wp-json\/wp\/v2\/pages\/55905\/revisions"}],"predecessor-version":[{"id":55906,"href":"https:\/\/hihc.de\/ja\/wp-json\/wp\/v2\/pages\/55905\/revisions\/55906"}],"wp:attachment":[{"href":"https:\/\/hihc.de\/ja\/wp-json\/wp\/v2\/media?parent=55905"}],"curies":[{"name":"wp","href":"https:\/\/api.w.org\/{rel}","templated":true}]}}