{"id":55908,"date":"2023-06-03T10:48:40","date_gmt":"2023-06-03T10:48:40","guid":{"rendered":"https:\/\/hihc.de\/?page_id=55908"},"modified":"2023-06-03T10:49:39","modified_gmt":"2023-06-03T10:49:39","slug":"55908-2","status":"publish","type":"page","link":"https:\/\/hihc.de\/hr\/55908-2\/","title":{"rendered":"O nama"},"content":{"rendered":"<h1>Dobrodo\u0161li u HIHC Horvat Real Estate GmbH &#8211; va\u0161eg stru\u010dnjaka za stambene i poslovne nekretnine u Berlinu, Njema\u010dkoj i cijeloj Europi.<\/h1>\n<h3>S vi\u0161e od 30 godina iskustva u posredovanju nekretninama i klijentelom koja je rasla isklju\u010divo na temelju preporuka, mi smo va\u0161 pouzdani partner za sve nekretninske poslove.<\/h3>\n<p>Kao obiteljski posao u vlasni\u0161tvu, posebno cijenimo osobno savjetovanje i podr\u0161ku na\u0161ih klijenata. Na\u0161 dinami\u010dni tim, sastavljen od iskusnih savjetnika i stru\u010dnjaka za nekretnine, uvijek je spreman ispuniti o\u010dekivanja na\u0161ih klijenata &#8211; bez obzira radi li se o prodaji obiteljske ku\u0107e ili posredovanju u velikim investicijama u nekretnine.<\/p>\n<h3>Na\u0161 portfelj obuhva\u0107a \u0161irok spektar nekretnina.<\/h3>\n<p>Bez obzira \u017eelite li prodati ili kupiti ku\u0107u, stan, ku\u0107u u nizu, dvojnu ku\u0107u, gradsku ku\u0107u, vilu, penthouse, loft, namje\u0161tene ili nenamje\u0161tene apartmane, studentske domove, domove za starije, vikendice, zemlji\u0161ta, vikend ku\u0107e, seoske ku\u0107e, bungalove, male ku\u0107e, plutaju\u0107e ku\u0107e (ku\u0107e na vodi), dvorce, utvrde, samostane, uredske zgrade, maloprodajne prostore, trgova\u010dke centre, poslovne hale, skladi\u0161ta, industrijske parke, poslovne parke, hotele, pansione, motele, restorane, kafi\u0107e, barove\/no\u0107ne klubove, teretane, lije\u010dni\u010dke ordinacije, klinike, domove za njegu, stomatolo\u0161ke ordinacije, ljekarne, banke, supermarkete, trgovine gra\u0111evinskim materijalom, benzinske postaje, kina, kazali\u0161ta, sportske dvorane\/stadione, parkirali\u0161ta, skladi\u0161ne prostore, logisti\u010dke centre, proizvodne pogone ili poljoprivredna gospodarstva poput farmi i vinarija &#8211; stru\u010dno smo vam na raspolaganju.<\/p>\n<h2>Kao hibridni posrednici, nudimo usluge posredovanja na otvorenom i zatvorenom tr\u017ei\u0161tu kako bismo na\u0161im klijentima osigurali cjelovitu ponudu i individualno savjetovanje.<\/h2>\n<p>Na\u0161a globalna mre\u017ea i jaka prisutnost u digitalnim medijima omogu\u0107uju nam dosezanje \u0161iroke publike i pronala\u017eenje odgovaraju\u0107ih kupaca ili najmoprimaca za svaku vrstu nekretnine.<\/p>\n<h3>Me\u0111utim, mi smo vi\u0161e od obi\u010dnih posrednika u nekretninama:<\/h3>\n<p>Na\u0161e usluge idu dalje od obi\u010dnog posredovanja i potvrde. Pratimo na\u0161e klijente kroz cijeli proces, od prvog savjetovanja do pregovaranja cijene i zaklju\u010denja kupoprodajnog ili najamnog ugovora. Tako\u0111er pru\u017eamo na\u0161im klijentima pristup mre\u017ei stru\u010dnjaka &#8211; od javnih bilje\u017enika i odvjetnika do poreznih savjetnika i pouzdanih obrtnika.<\/p>\n<p>U HIHC Horvat Real Estate GmbH znamo da je tr\u017ei\u0161te nekretnina dinami\u010dno okru\u017eenje koje se neprestano mijenja. Stoga kombiniramo tradicionalne i moderne digitalne kanale distribucije i uvijek prilago\u0111avamo na\u0161e strategije trenutnim tr\u017ei\u0161nim uvjetima.<\/p>\n<h3>Ponosimo se \u0161to doprinosimo za\u0161titi okoli\u0161a i nastojimo na\u0161e procese u\u010diniti \u0161to odr\u017eivijima.<\/h3>\n<p>Na\u0161e izvrsne ocjene i zadovoljstvo na\u0161ih klijenata najbolji su dokaz kvalitete na\u0161eg rada.<\/p>\n<p>Ako tra\u017eite pouzdanog partnera za svoje nekretninske poslove, na pravom ste mjestu.<\/p>\n<p>Mo\u017eete nas kontaktirati telefonom na broj <a href=\"tel:+493033099930\">+49 (0)30 33099930<\/a> ili 24\/7 putem <a href=\"https:\/\/wa.me\/493033099930\" target=\"_blank\" rel=\"noopener noreferrer\"><span style=\"font-weight: 600; color: #49e322;\">WhatsApp<\/span><\/a> ili putem <a style=\"font-weight: bold;\" href=\"https:\/\/hihc.de\/kontakt\/\">kontakt obrasca<\/a>.<\/p>\n<p>Radujemo se susretu s vama i zajedni\u010dkom pronala\u017eenju najboljeg rje\u0161enja za va\u0161e nekretninske potrebe.<\/p>\n","protected":false},"excerpt":{"rendered":"<p>Dobrodo\u0161li u HIHC Horvat Real Estate GmbH &#8211; va\u0161eg stru\u010dnjaka za stambene i poslovne nekretnine u Berlinu, Njema\u010dkoj i cijeloj Europi. S vi\u0161e od 30 godina iskustva u posredovanju nekretninama i klijentelom koja je rasla isklju\u010divo na temelju preporuka, mi smo va\u0161 pouzdani partner za sve nekretninske poslove. Kao obiteljski posao u vlasni\u0161tvu, posebno cijenimo<\/p>\n","protected":false},"author":1,"featured_media":0,"parent":0,"menu_order":0,"comment_status":"open","ping_status":"open","template":"","meta":{"_acf_changed":false,"ngg_post_thumbnail":0,"footnotes":""},"class_list":["post-55908","page","type-page","status-publish","hentry"],"acf":[],"yoast_head":"<!-- This site is optimized with the Yoast SEO Premium plugin v22.7 (Yoast SEO v27.4) - https:\/\/yoast.com\/product\/yoast-seo-premium-wordpress\/ -->\n<title>O nama - HIHC Immobilienmakler Berlin, Deutschland und Europa<\/title>\n<meta name=\"robots\" content=\"index, follow, max-snippet:-1, max-image-preview:large, max-video-preview:-1\" \/>\n<link rel=\"canonical\" href=\"https:\/\/hihc.de\/hr\/55908-2\/\" \/>\n<meta property=\"og:locale\" content=\"hr_HR\" \/>\n<meta property=\"og:type\" content=\"article\" \/>\n<meta property=\"og:title\" content=\"O nama\" \/>\n<meta property=\"og:description\" content=\"Dobrodo\u0161li u HIHC Horvat Real Estate GmbH &#8211; va\u0161eg stru\u010dnjaka za stambene i poslovne nekretnine u Berlinu, Njema\u010dkoj i cijeloj Europi. S vi\u0161e od 30 godina iskustva u posredovanju nekretninama i klijentelom koja je rasla isklju\u010divo na temelju preporuka, mi smo va\u0161 pouzdani partner za sve nekretninske poslove. Kao obiteljski posao u vlasni\u0161tvu, posebno cijenimo\" \/>\n<meta property=\"og:url\" content=\"https:\/\/hihc.de\/hr\/55908-2\/\" \/>\n<meta property=\"og:site_name\" content=\"HIHC Immobilienmakler Berlin, Deutschland und Europa\" \/>\n<meta property=\"article:publisher\" content=\"https:\/\/www.facebook.com\/derimmobilienmaklerberlin\" \/>\n<meta property=\"article:modified_time\" content=\"2023-06-03T10:49:39+00:00\" \/>\n<meta property=\"og:image\" content=\"https:\/\/hihc.de\/wp-content\/uploads\/2023\/05\/Logo-HIHC.jpg\" \/>\n\t<meta property=\"og:image:width\" content=\"640\" \/>\n\t<meta property=\"og:image:height\" content=\"400\" \/>\n\t<meta property=\"og:image:type\" content=\"image\/jpeg\" \/>\n<meta name=\"twitter:card\" content=\"summary_large_image\" \/>\n<meta name=\"twitter:site\" content=\"@immobilieninfos\" \/>\n<meta name=\"twitter:label1\" content=\"Procijenjeno vrijeme \u010ditanja\" \/>\n\t<meta name=\"twitter:data1\" content=\"3 minute\" \/>\n<script type=\"application\/ld+json\" class=\"yoast-schema-graph\">{\"@context\":\"https:\\\/\\\/schema.org\",\"@graph\":[{\"@type\":\"WebPage\",\"@id\":\"https:\\\/\\\/hihc.de\\\/hr\\\/55908-2\\\/\",\"url\":\"https:\\\/\\\/hihc.de\\\/hr\\\/55908-2\\\/\",\"name\":\"O nama - HIHC Immobilienmakler Berlin, Deutschland und Europa\",\"isPartOf\":{\"@id\":\"https:\\\/\\\/hihc.de\\\/hr\\\/#website\"},\"datePublished\":\"2023-06-03T10:48:40+00:00\",\"dateModified\":\"2023-06-03T10:49:39+00:00\",\"breadcrumb\":{\"@id\":\"https:\\\/\\\/hihc.de\\\/hr\\\/55908-2\\\/#breadcrumb\"},\"inLanguage\":\"hr\",\"potentialAction\":[{\"@type\":\"ReadAction\",\"target\":[\"https:\\\/\\\/hihc.de\\\/hr\\\/55908-2\\\/\"]}]},{\"@type\":\"BreadcrumbList\",\"@id\":\"https:\\\/\\\/hihc.de\\\/hr\\\/55908-2\\\/#breadcrumb\",\"itemListElement\":[{\"@type\":\"ListItem\",\"position\":1,\"name\":\"Startseite\",\"item\":\"https:\\\/\\\/hihc.de\\\/hr\\\/\"},{\"@type\":\"ListItem\",\"position\":2,\"name\":\"O nama\"}]},{\"@type\":\"WebSite\",\"@id\":\"https:\\\/\\\/hihc.de\\\/hr\\\/#website\",\"url\":\"https:\\\/\\\/hihc.de\\\/hr\\\/\",\"name\":\"HIHC Immobilienmakler Berlin, Deutschland und Europa\",\"description\":\"Immobilienmakler Berlin\",\"publisher\":{\"@id\":\"https:\\\/\\\/hihc.de\\\/hr\\\/#organization\"},\"alternateName\":\"HIHC\",\"potentialAction\":[{\"@type\":\"SearchAction\",\"target\":{\"@type\":\"EntryPoint\",\"urlTemplate\":\"https:\\\/\\\/hihc.de\\\/hr\\\/?s={search_term_string}\"},\"query-input\":{\"@type\":\"PropertyValueSpecification\",\"valueRequired\":true,\"valueName\":\"search_term_string\"}}],\"inLanguage\":\"hr\"},{\"@type\":\"Organization\",\"@id\":\"https:\\\/\\\/hihc.de\\\/hr\\\/#organization\",\"name\":\"HIHC Horvat Real Estate GmbH\",\"alternateName\":\"HIHC\",\"url\":\"https:\\\/\\\/hihc.de\\\/hr\\\/\",\"logo\":{\"@type\":\"ImageObject\",\"inLanguage\":\"hr\",\"@id\":\"https:\\\/\\\/hihc.de\\\/hr\\\/#\\\/schema\\\/logo\\\/image\\\/\",\"url\":\"https:\\\/\\\/hihc.de\\\/wp-content\\\/uploads\\\/2023\\\/05\\\/Logo-HIHC.jpg\",\"contentUrl\":\"https:\\\/\\\/hihc.de\\\/wp-content\\\/uploads\\\/2023\\\/05\\\/Logo-HIHC.jpg\",\"width\":640,\"height\":400,\"caption\":\"HIHC Horvat Real Estate GmbH\"},\"image\":{\"@id\":\"https:\\\/\\\/hihc.de\\\/hr\\\/#\\\/schema\\\/logo\\\/image\\\/\"},\"sameAs\":[\"https:\\\/\\\/www.facebook.com\\\/derimmobilienmaklerberlin\",\"https:\\\/\\\/x.com\\\/immobilieninfos\",\"https:\\\/\\\/mastodon.social\\\/@hihc\",\"https:\\\/\\\/www.youtube.com\\\/user\\\/HIHCBERLIN\",\"https:\\\/\\\/www.tiktok.com\\\/@immobilienmaklerberlin?lang=en\",\"https:\\\/\\\/open.spotify.com\\\/show\\\/4XsnJYMYOHLg2SCshmV4Uj?si=oBla_h3VT5yLPBFIRJQofQ\",\"https:\\\/\\\/www.instagram.com\\\/immobilienmaklerberlin24\\\/\"],\"description\":\"Ihr erfahrener Immobilienmakler f\u00fcr Wohn- und Gewerbeimmobilien in Berlin, Deutschland und Europa mit \u00fcber 30 Jahren Expertise! Wir vermitteln On-Market & Off-Market: Einfamilienh\u00e4user, Mehrfamilienh\u00e4user, Eigentumswohnungen, Reihenh\u00e4user, Doppelh\u00e4user, Stadth\u00e4user, Villen, Penthouses, Lofts, m\u00f6blierte & unm\u00f6blierte Apartments, Studentenwohnheime, Seniorenwohnheime, Ferienh\u00e4user, Grundst\u00fccke, Wochenendh\u00e4user, Bauernh\u00e4user, Bungalows, Tiny Houses, Schwimmende H\u00e4user (Hausboote), Schl\u00f6sser, Burgen, Kl\u00f6ster, B\u00fcrogeb\u00e4ude, Einzelhandelsfl\u00e4chen, Einkaufszentren, Gewerbehallen, Lagerhallen, Industrieparks, Gewerbeparks, Hotels, Pensionen, Motels, Restaurants, Caf\u00e9s, Bars\\\/Nachtclubs, Fitnessstudios, Arztpraxen, Kliniken, Pflegeheime, Zahnarztpraxen, Apotheken, Banken, Superm\u00e4rkte, Baum\u00e4rkte, Tankstellen, Kinos, Theater, Sporthallen\\\/Stadien, Parkh\u00e4user, Lagerfl\u00e4chen, Logistikzentren, Produktionsst\u00e4tten, Landwirtschaftliche Betriebe (z. B. Bauernh\u00f6fe, Weing\u00fcter). Auch bekannt aus: TikTok, YouTube, Facebook, Spotify\",\"email\":\"info@hihc.de\",\"telephone\":\"+493033099930\",\"legalName\":\"HIHC Horvat Real Estate GmbH\",\"vatID\":\"DE 272236709\"}]}<\/script>\n<!-- \/ Yoast SEO Premium plugin. -->","yoast_head_json":{"title":"O nama - HIHC Immobilienmakler Berlin, Deutschland und Europa","robots":{"index":"index","follow":"follow","max-snippet":"max-snippet:-1","max-image-preview":"max-image-preview:large","max-video-preview":"max-video-preview:-1"},"canonical":"https:\/\/hihc.de\/hr\/55908-2\/","og_locale":"hr_HR","og_type":"article","og_title":"O nama","og_description":"Dobrodo\u0161li u HIHC Horvat Real Estate GmbH &#8211; va\u0161eg stru\u010dnjaka za stambene i poslovne nekretnine u Berlinu, Njema\u010dkoj i cijeloj Europi. S vi\u0161e od 30 godina iskustva u posredovanju nekretninama i klijentelom koja je rasla isklju\u010divo na temelju preporuka, mi smo va\u0161 pouzdani partner za sve nekretninske poslove. Kao obiteljski posao u vlasni\u0161tvu, posebno cijenimo","og_url":"https:\/\/hihc.de\/hr\/55908-2\/","og_site_name":"HIHC Immobilienmakler Berlin, Deutschland und Europa","article_publisher":"https:\/\/www.facebook.com\/derimmobilienmaklerberlin","article_modified_time":"2023-06-03T10:49:39+00:00","og_image":[{"width":640,"height":400,"url":"https:\/\/hihc.de\/wp-content\/uploads\/2023\/05\/Logo-HIHC.jpg","type":"image\/jpeg"}],"twitter_card":"summary_large_image","twitter_site":"@immobilieninfos","twitter_misc":{"Procijenjeno vrijeme \u010ditanja":"3 minute"},"schema":{"@context":"https:\/\/schema.org","@graph":[{"@type":"WebPage","@id":"https:\/\/hihc.de\/hr\/55908-2\/","url":"https:\/\/hihc.de\/hr\/55908-2\/","name":"O nama - HIHC Immobilienmakler Berlin, Deutschland und Europa","isPartOf":{"@id":"https:\/\/hihc.de\/hr\/#website"},"datePublished":"2023-06-03T10:48:40+00:00","dateModified":"2023-06-03T10:49:39+00:00","breadcrumb":{"@id":"https:\/\/hihc.de\/hr\/55908-2\/#breadcrumb"},"inLanguage":"hr","potentialAction":[{"@type":"ReadAction","target":["https:\/\/hihc.de\/hr\/55908-2\/"]}]},{"@type":"BreadcrumbList","@id":"https:\/\/hihc.de\/hr\/55908-2\/#breadcrumb","itemListElement":[{"@type":"ListItem","position":1,"name":"Startseite","item":"https:\/\/hihc.de\/hr\/"},{"@type":"ListItem","position":2,"name":"O nama"}]},{"@type":"WebSite","@id":"https:\/\/hihc.de\/hr\/#website","url":"https:\/\/hihc.de\/hr\/","name":"HIHC Immobilienmakler Berlin, Deutschland und Europa","description":"Immobilienmakler Berlin","publisher":{"@id":"https:\/\/hihc.de\/hr\/#organization"},"alternateName":"HIHC","potentialAction":[{"@type":"SearchAction","target":{"@type":"EntryPoint","urlTemplate":"https:\/\/hihc.de\/hr\/?s={search_term_string}"},"query-input":{"@type":"PropertyValueSpecification","valueRequired":true,"valueName":"search_term_string"}}],"inLanguage":"hr"},{"@type":"Organization","@id":"https:\/\/hihc.de\/hr\/#organization","name":"HIHC Horvat Real Estate GmbH","alternateName":"HIHC","url":"https:\/\/hihc.de\/hr\/","logo":{"@type":"ImageObject","inLanguage":"hr","@id":"https:\/\/hihc.de\/hr\/#\/schema\/logo\/image\/","url":"https:\/\/hihc.de\/wp-content\/uploads\/2023\/05\/Logo-HIHC.jpg","contentUrl":"https:\/\/hihc.de\/wp-content\/uploads\/2023\/05\/Logo-HIHC.jpg","width":640,"height":400,"caption":"HIHC Horvat Real Estate GmbH"},"image":{"@id":"https:\/\/hihc.de\/hr\/#\/schema\/logo\/image\/"},"sameAs":["https:\/\/www.facebook.com\/derimmobilienmaklerberlin","https:\/\/x.com\/immobilieninfos","https:\/\/mastodon.social\/@hihc","https:\/\/www.youtube.com\/user\/HIHCBERLIN","https:\/\/www.tiktok.com\/@immobilienmaklerberlin?lang=en","https:\/\/open.spotify.com\/show\/4XsnJYMYOHLg2SCshmV4Uj?si=oBla_h3VT5yLPBFIRJQofQ","https:\/\/www.instagram.com\/immobilienmaklerberlin24\/"],"description":"Ihr erfahrener Immobilienmakler f\u00fcr Wohn- und Gewerbeimmobilien in Berlin, Deutschland und Europa mit \u00fcber 30 Jahren Expertise! Wir vermitteln On-Market & Off-Market: Einfamilienh\u00e4user, Mehrfamilienh\u00e4user, Eigentumswohnungen, Reihenh\u00e4user, Doppelh\u00e4user, Stadth\u00e4user, Villen, Penthouses, Lofts, m\u00f6blierte & unm\u00f6blierte Apartments, Studentenwohnheime, Seniorenwohnheime, Ferienh\u00e4user, Grundst\u00fccke, Wochenendh\u00e4user, Bauernh\u00e4user, Bungalows, Tiny Houses, Schwimmende H\u00e4user (Hausboote), Schl\u00f6sser, Burgen, Kl\u00f6ster, B\u00fcrogeb\u00e4ude, Einzelhandelsfl\u00e4chen, Einkaufszentren, Gewerbehallen, Lagerhallen, Industrieparks, Gewerbeparks, Hotels, Pensionen, Motels, Restaurants, Caf\u00e9s, Bars\/Nachtclubs, Fitnessstudios, Arztpraxen, Kliniken, Pflegeheime, Zahnarztpraxen, Apotheken, Banken, Superm\u00e4rkte, Baum\u00e4rkte, Tankstellen, Kinos, Theater, Sporthallen\/Stadien, Parkh\u00e4user, Lagerfl\u00e4chen, Logistikzentren, Produktionsst\u00e4tten, Landwirtschaftliche Betriebe (z. B. Bauernh\u00f6fe, Weing\u00fcter). Auch bekannt aus: TikTok, YouTube, Facebook, Spotify","email":"info@hihc.de","telephone":"+493033099930","legalName":"HIHC Horvat Real Estate GmbH","vatID":"DE 272236709"}]}},"_links":{"self":[{"href":"https:\/\/hihc.de\/hr\/wp-json\/wp\/v2\/pages\/55908","targetHints":{"allow":["GET"]}}],"collection":[{"href":"https:\/\/hihc.de\/hr\/wp-json\/wp\/v2\/pages"}],"about":[{"href":"https:\/\/hihc.de\/hr\/wp-json\/wp\/v2\/types\/page"}],"author":[{"embeddable":true,"href":"https:\/\/hihc.de\/hr\/wp-json\/wp\/v2\/users\/1"}],"replies":[{"embeddable":true,"href":"https:\/\/hihc.de\/hr\/wp-json\/wp\/v2\/comments?post=55908"}],"version-history":[{"count":3,"href":"https:\/\/hihc.de\/hr\/wp-json\/wp\/v2\/pages\/55908\/revisions"}],"predecessor-version":[{"id":55911,"href":"https:\/\/hihc.de\/hr\/wp-json\/wp\/v2\/pages\/55908\/revisions\/55911"}],"wp:attachment":[{"href":"https:\/\/hihc.de\/hr\/wp-json\/wp\/v2\/media?parent=55908"}],"curies":[{"name":"wp","href":"https:\/\/api.w.org\/{rel}","templated":true}]}}