{"id":55900,"date":"2023-06-03T10:33:25","date_gmt":"2023-06-03T10:33:25","guid":{"rendered":"https:\/\/hihc.de\/?page_id=55900"},"modified":"2023-06-03T10:33:25","modified_gmt":"2023-06-03T10:33:25","slug":"a-propos-de-nous","status":"publish","type":"page","link":"https:\/\/hihc.de\/fr\/a-propos-de-nous\/","title":{"rendered":"\u00c0 propos de nous"},"content":{"rendered":"<h2>Bienvenue chez HIHC Horvat Real Estate GmbH &#8211; Votre expert en immobilier r\u00e9sidentiel et commercial \u00e0 Berlin, en Allemagne et \u00e0 travers l&rsquo;Europe.<\/h2>\n<h3>Avec plus de 30 ans d&rsquo;exp\u00e9rience dans le courtage immobilier et une client\u00e8le qui a grandi uniquement sur la base de recommandations, nous sommes votre partenaire comp\u00e9tent dans toutes les affaires immobili\u00e8res.<\/h3>\n<p>En tant qu&rsquo;entreprise familiale g\u00e9r\u00e9e par son propri\u00e9taire, nous accordons une importance particuli\u00e8re \u00e0 la consultation personnelle et au soutien de nos clients. Notre \u00e9quipe dynamique, compos\u00e9e de conseillers immobiliers et d&rsquo;experts exp\u00e9riment\u00e9s, est toujours pr\u00eate \u00e0 r\u00e9pondre aux attentes de nos clients, qu&rsquo;il s&rsquo;agisse de vendre une maison unifamiliale ou de n\u00e9gocier un investissement immobilier d&rsquo;envergure.<\/p>\n<h3>Notre portefeuille couvre un large \u00e9ventail de propri\u00e9t\u00e9s immobili\u00e8res.<\/h3>\n<p>Que vous souhaitiez vendre ou acqu\u00e9rir une maison unifamiliale, un appartement en copropri\u00e9t\u00e9, une maison en rang\u00e9e, une maison jumel\u00e9e, une maison de ville, une villa, un penthouse, un loft, des appartements meubl\u00e9s ou non meubl\u00e9s, des dortoirs \u00e9tudiants, des r\u00e9sidences pour personnes \u00e2g\u00e9es, des maisons de vacances, des terrains, des maisons de week-end, des fermes, des bungalows, des tiny houses, des maisons flottantes (bateaux-maisons), des ch\u00e2teaux, des forteresses, des monast\u00e8res, des b\u00e2timents de bureaux, des espaces de vente au d\u00e9tail, des centres commerciaux, des halls commerciaux, des entrep\u00f4ts, des parcs industriels, des parcs d&rsquo;affaires, des h\u00f4tels, des maisons d&rsquo;h\u00f4tes, des motels, des restaurants, des caf\u00e9s, des bars\/discoth\u00e8ques, des gymnases, des cabinets m\u00e9dicaux, des cliniques, des maisons de retraite, des cabinets dentaires, des pharmacies, des banques, des supermarch\u00e9s, des quincailleries, des stations-service, des cin\u00e9mas, des th\u00e9\u00e2tres, des salles de sport\/stades, des parkings, des espaces de stockage, des centres logistiques, des sites de production ou des exploitations agricoles comme les fermes et les vignobles, nous sommes \u00e0 vos c\u00f4t\u00e9s avec comp\u00e9tence.<\/p>\n<h2>Dans notre activit\u00e9 de courtiers hybrides, nous proposons \u00e0 la fois des courtages On-Market et Off-Market pour garantir \u00e0 nos clients une gamme compl\u00e8te et une consultation individuelle.<\/h2>\n<p>Notre r\u00e9seau global et notre forte pr\u00e9sence dans les m\u00e9dias num\u00e9riques nous permettent d&rsquo;atteindre un large public et de trouver les bons acheteurs ou locataires pour chaque type de propri\u00e9t\u00e9.<\/p>\n<h3>Mais nous sommes plus qu&rsquo;un simple agent immobilier :<\/h3>\n<p>Nos services vont au-del\u00e0 de la simple activit\u00e9 de courtage et de preuve. Nous accompagnons nos clients tout au long du processus, de la premi\u00e8re consultation \u00e0 la n\u00e9gociation du prix jusqu&rsquo;\u00e0 la conclusion du contrat d&rsquo;achat ou de location. Nous offrons \u00e9galement \u00e0 nos clients l&rsquo;acc\u00e8s \u00e0 un r\u00e9seau de professionnels &#8211; des notaires et des avocats aux conseillers fiscaux et aux entreprises d&rsquo;artisanat fiables.<br \/>\nChez HIHC Horvat Real Estate GmbH, nous savons que le march\u00e9 de l&rsquo;immobilier est un environnement dynamique qui change constamment. C&rsquo;est pourquoi nous combinons des canaux de vente traditionnels et modernes et num\u00e9riques et adaptons constamment nos strat\u00e9gies aux conditions actuelles du march\u00e9.<\/p>\n<h3>Nous sommes fiers de contribuer \u00e0 la protection de l&rsquo;environnement et nous nous effor\u00e7ons de rendre nos processus aussi durables que possible.<\/h3>\n<p>Nos excellentes \u00e9valuations et la satisfaction de nos clients sont la meilleure preuve de la qualit\u00e9 de notre travail.<br \/>\nSi vous \u00eates \u00e0 la recherche d&rsquo;un partenaire fiable pour vos affaires immobili\u00e8res, vous \u00eates au bon endroit.<\/p>\n<p><span style=\"color: #000000;\"><b>Vous pouvez nous joindre par t\u00e9l\u00e9phone au<\/b><\/span> <a href=\"tel:+493033099930\">+49 (0)30 33099930<\/a> ou 24\/7 par <a href=\"https:\/\/wa.me\/493033099930\" target=\"_blank\" rel=\"noopener noreferrer\"><span style=\"font-weight: 600; color: #49e322;\">WhatsApp<\/span><\/a><b> ou via notre <\/b><a style=\"font-weight: bold;\" href=\"https:\/\/hihc.de\/kontakt\/\">formulaire de contact<\/a><b><\/b><\/p>\n<p>Nous avons h\u00e2te de vous rencontrer et de trouver ensemble la meilleure solution pour vos probl\u00e8mes immobiliers.<\/p>\n","protected":false},"excerpt":{"rendered":"<p>Bienvenue chez HIHC Horvat Real Estate GmbH &#8211; Votre expert en immobilier r\u00e9sidentiel et commercial \u00e0 Berlin, en Allemagne et \u00e0 travers l&rsquo;Europe. Avec plus de 30 ans d&rsquo;exp\u00e9rience dans le courtage immobilier et une client\u00e8le qui a grandi uniquement sur la base de recommandations, nous sommes votre partenaire comp\u00e9tent dans toutes les affaires immobili\u00e8res.<\/p>\n","protected":false},"author":1,"featured_media":0,"parent":0,"menu_order":0,"comment_status":"open","ping_status":"open","template":"","meta":{"_acf_changed":false,"ngg_post_thumbnail":0,"footnotes":""},"class_list":["post-55900","page","type-page","status-publish","hentry"],"acf":[],"yoast_head":"<!-- This site is optimized with the Yoast SEO Premium plugin v22.7 (Yoast SEO v27.4) - https:\/\/yoast.com\/product\/yoast-seo-premium-wordpress\/ -->\n<title>\u00c0 propos de nous - HIHC Immobilienmakler Berlin, Deutschland und Europa<\/title>\n<meta name=\"robots\" content=\"index, follow, max-snippet:-1, max-image-preview:large, max-video-preview:-1\" \/>\n<link rel=\"canonical\" href=\"https:\/\/hihc.de\/fr\/a-propos-de-nous\/\" \/>\n<meta property=\"og:locale\" content=\"fr_FR\" \/>\n<meta property=\"og:type\" content=\"article\" \/>\n<meta property=\"og:title\" content=\"\u00c0 propos de nous\" \/>\n<meta property=\"og:description\" content=\"Bienvenue chez HIHC Horvat Real Estate GmbH &#8211; Votre expert en immobilier r\u00e9sidentiel et commercial \u00e0 Berlin, en Allemagne et \u00e0 travers l&rsquo;Europe. Avec plus de 30 ans d&rsquo;exp\u00e9rience dans le courtage immobilier et une client\u00e8le qui a grandi uniquement sur la base de recommandations, nous sommes votre partenaire comp\u00e9tent dans toutes les affaires immobili\u00e8res.\" \/>\n<meta property=\"og:url\" content=\"https:\/\/hihc.de\/fr\/a-propos-de-nous\/\" \/>\n<meta property=\"og:site_name\" content=\"HIHC Immobilienmakler Berlin, Deutschland und Europa\" \/>\n<meta property=\"article:publisher\" content=\"https:\/\/www.facebook.com\/derimmobilienmaklerberlin\" \/>\n<meta property=\"og:image\" content=\"https:\/\/hihc.de\/wp-content\/uploads\/2023\/05\/Logo-HIHC.jpg\" \/>\n\t<meta property=\"og:image:width\" content=\"640\" \/>\n\t<meta property=\"og:image:height\" content=\"400\" \/>\n\t<meta property=\"og:image:type\" content=\"image\/jpeg\" \/>\n<meta name=\"twitter:card\" content=\"summary_large_image\" \/>\n<meta name=\"twitter:site\" content=\"@immobilieninfos\" \/>\n<script type=\"application\/ld+json\" class=\"yoast-schema-graph\">{\"@context\":\"https:\\\/\\\/schema.org\",\"@graph\":[{\"@type\":\"WebPage\",\"@id\":\"https:\\\/\\\/hihc.de\\\/fr\\\/a-propos-de-nous\\\/\",\"url\":\"https:\\\/\\\/hihc.de\\\/fr\\\/a-propos-de-nous\\\/\",\"name\":\"\u00c0 propos de nous - HIHC Immobilienmakler Berlin, Deutschland und Europa\",\"isPartOf\":{\"@id\":\"https:\\\/\\\/hihc.de\\\/fr\\\/#website\"},\"datePublished\":\"2023-06-03T10:33:25+00:00\",\"breadcrumb\":{\"@id\":\"https:\\\/\\\/hihc.de\\\/fr\\\/a-propos-de-nous\\\/#breadcrumb\"},\"inLanguage\":\"fr-FR\",\"potentialAction\":[{\"@type\":\"ReadAction\",\"target\":[\"https:\\\/\\\/hihc.de\\\/fr\\\/a-propos-de-nous\\\/\"]}]},{\"@type\":\"BreadcrumbList\",\"@id\":\"https:\\\/\\\/hihc.de\\\/fr\\\/a-propos-de-nous\\\/#breadcrumb\",\"itemListElement\":[{\"@type\":\"ListItem\",\"position\":1,\"name\":\"Startseite\",\"item\":\"https:\\\/\\\/hihc.de\\\/fr\\\/\"},{\"@type\":\"ListItem\",\"position\":2,\"name\":\"\u00c0 propos de nous\"}]},{\"@type\":\"WebSite\",\"@id\":\"https:\\\/\\\/hihc.de\\\/fr\\\/#website\",\"url\":\"https:\\\/\\\/hihc.de\\\/fr\\\/\",\"name\":\"HIHC Immobilienmakler Berlin, Deutschland und Europa\",\"description\":\"Just another WordPress site\",\"publisher\":{\"@id\":\"https:\\\/\\\/hihc.de\\\/fr\\\/#organization\"},\"alternateName\":\"HIHC\",\"potentialAction\":[{\"@type\":\"SearchAction\",\"target\":{\"@type\":\"EntryPoint\",\"urlTemplate\":\"https:\\\/\\\/hihc.de\\\/fr\\\/?s={search_term_string}\"},\"query-input\":{\"@type\":\"PropertyValueSpecification\",\"valueRequired\":true,\"valueName\":\"search_term_string\"}}],\"inLanguage\":\"fr-FR\"},{\"@type\":\"Organization\",\"@id\":\"https:\\\/\\\/hihc.de\\\/fr\\\/#organization\",\"name\":\"HIHC Horvat Real Estate GmbH\",\"alternateName\":\"HIHC\",\"url\":\"https:\\\/\\\/hihc.de\\\/fr\\\/\",\"logo\":{\"@type\":\"ImageObject\",\"inLanguage\":\"fr-FR\",\"@id\":\"https:\\\/\\\/hihc.de\\\/fr\\\/#\\\/schema\\\/logo\\\/image\\\/\",\"url\":\"https:\\\/\\\/hihc.de\\\/wp-content\\\/uploads\\\/2023\\\/05\\\/Logo-HIHC.jpg\",\"contentUrl\":\"https:\\\/\\\/hihc.de\\\/wp-content\\\/uploads\\\/2023\\\/05\\\/Logo-HIHC.jpg\",\"width\":640,\"height\":400,\"caption\":\"HIHC Horvat Real Estate GmbH\"},\"image\":{\"@id\":\"https:\\\/\\\/hihc.de\\\/fr\\\/#\\\/schema\\\/logo\\\/image\\\/\"},\"sameAs\":[\"https:\\\/\\\/www.facebook.com\\\/derimmobilienmaklerberlin\",\"https:\\\/\\\/x.com\\\/immobilieninfos\",\"https:\\\/\\\/mastodon.social\\\/@hihc\",\"https:\\\/\\\/www.youtube.com\\\/user\\\/HIHCBERLIN\",\"https:\\\/\\\/www.tiktok.com\\\/@immobilienmaklerberlin?lang=en\",\"https:\\\/\\\/open.spotify.com\\\/show\\\/4XsnJYMYOHLg2SCshmV4Uj?si=oBla_h3VT5yLPBFIRJQofQ\",\"https:\\\/\\\/www.instagram.com\\\/immobilienmaklerberlin24\\\/\"],\"description\":\"Ihr erfahrener Immobilienmakler f\u00fcr Wohn- und Gewerbeimmobilien in Berlin, Deutschland und Europa mit \u00fcber 30 Jahren Expertise! Wir vermitteln On-Market & Off-Market: Einfamilienh\u00e4user, Mehrfamilienh\u00e4user, Eigentumswohnungen, Reihenh\u00e4user, Doppelh\u00e4user, Stadth\u00e4user, Villen, Penthouses, Lofts, m\u00f6blierte & unm\u00f6blierte Apartments, Studentenwohnheime, Seniorenwohnheime, Ferienh\u00e4user, Grundst\u00fccke, Wochenendh\u00e4user, Bauernh\u00e4user, Bungalows, Tiny Houses, Schwimmende H\u00e4user (Hausboote), Schl\u00f6sser, Burgen, Kl\u00f6ster, B\u00fcrogeb\u00e4ude, Einzelhandelsfl\u00e4chen, Einkaufszentren, Gewerbehallen, Lagerhallen, Industrieparks, Gewerbeparks, Hotels, Pensionen, Motels, Restaurants, Caf\u00e9s, Bars\\\/Nachtclubs, Fitnessstudios, Arztpraxen, Kliniken, Pflegeheime, Zahnarztpraxen, Apotheken, Banken, Superm\u00e4rkte, Baum\u00e4rkte, Tankstellen, Kinos, Theater, Sporthallen\\\/Stadien, Parkh\u00e4user, Lagerfl\u00e4chen, Logistikzentren, Produktionsst\u00e4tten, Landwirtschaftliche Betriebe (z. B. Bauernh\u00f6fe, Weing\u00fcter). Auch bekannt aus: TikTok, YouTube, Facebook, Spotify\",\"email\":\"info@hihc.de\",\"telephone\":\"+493033099930\",\"legalName\":\"HIHC Horvat Real Estate GmbH\",\"vatID\":\"DE 272236709\"}]}<\/script>\n<!-- \/ Yoast SEO Premium plugin. -->","yoast_head_json":{"title":"\u00c0 propos de nous - HIHC Immobilienmakler Berlin, Deutschland und Europa","robots":{"index":"index","follow":"follow","max-snippet":"max-snippet:-1","max-image-preview":"max-image-preview:large","max-video-preview":"max-video-preview:-1"},"canonical":"https:\/\/hihc.de\/fr\/a-propos-de-nous\/","og_locale":"fr_FR","og_type":"article","og_title":"\u00c0 propos de nous","og_description":"Bienvenue chez HIHC Horvat Real Estate GmbH &#8211; Votre expert en immobilier r\u00e9sidentiel et commercial \u00e0 Berlin, en Allemagne et \u00e0 travers l&rsquo;Europe. Avec plus de 30 ans d&rsquo;exp\u00e9rience dans le courtage immobilier et une client\u00e8le qui a grandi uniquement sur la base de recommandations, nous sommes votre partenaire comp\u00e9tent dans toutes les affaires immobili\u00e8res.","og_url":"https:\/\/hihc.de\/fr\/a-propos-de-nous\/","og_site_name":"HIHC Immobilienmakler Berlin, Deutschland und Europa","article_publisher":"https:\/\/www.facebook.com\/derimmobilienmaklerberlin","og_image":[{"width":640,"height":400,"url":"https:\/\/hihc.de\/wp-content\/uploads\/2023\/05\/Logo-HIHC.jpg","type":"image\/jpeg"}],"twitter_card":"summary_large_image","twitter_site":"@immobilieninfos","schema":{"@context":"https:\/\/schema.org","@graph":[{"@type":"WebPage","@id":"https:\/\/hihc.de\/fr\/a-propos-de-nous\/","url":"https:\/\/hihc.de\/fr\/a-propos-de-nous\/","name":"\u00c0 propos de nous - HIHC Immobilienmakler Berlin, Deutschland und Europa","isPartOf":{"@id":"https:\/\/hihc.de\/fr\/#website"},"datePublished":"2023-06-03T10:33:25+00:00","breadcrumb":{"@id":"https:\/\/hihc.de\/fr\/a-propos-de-nous\/#breadcrumb"},"inLanguage":"fr-FR","potentialAction":[{"@type":"ReadAction","target":["https:\/\/hihc.de\/fr\/a-propos-de-nous\/"]}]},{"@type":"BreadcrumbList","@id":"https:\/\/hihc.de\/fr\/a-propos-de-nous\/#breadcrumb","itemListElement":[{"@type":"ListItem","position":1,"name":"Startseite","item":"https:\/\/hihc.de\/fr\/"},{"@type":"ListItem","position":2,"name":"\u00c0 propos de nous"}]},{"@type":"WebSite","@id":"https:\/\/hihc.de\/fr\/#website","url":"https:\/\/hihc.de\/fr\/","name":"HIHC Immobilienmakler Berlin, Deutschland und Europa","description":"Just another WordPress site","publisher":{"@id":"https:\/\/hihc.de\/fr\/#organization"},"alternateName":"HIHC","potentialAction":[{"@type":"SearchAction","target":{"@type":"EntryPoint","urlTemplate":"https:\/\/hihc.de\/fr\/?s={search_term_string}"},"query-input":{"@type":"PropertyValueSpecification","valueRequired":true,"valueName":"search_term_string"}}],"inLanguage":"fr-FR"},{"@type":"Organization","@id":"https:\/\/hihc.de\/fr\/#organization","name":"HIHC Horvat Real Estate GmbH","alternateName":"HIHC","url":"https:\/\/hihc.de\/fr\/","logo":{"@type":"ImageObject","inLanguage":"fr-FR","@id":"https:\/\/hihc.de\/fr\/#\/schema\/logo\/image\/","url":"https:\/\/hihc.de\/wp-content\/uploads\/2023\/05\/Logo-HIHC.jpg","contentUrl":"https:\/\/hihc.de\/wp-content\/uploads\/2023\/05\/Logo-HIHC.jpg","width":640,"height":400,"caption":"HIHC Horvat Real Estate GmbH"},"image":{"@id":"https:\/\/hihc.de\/fr\/#\/schema\/logo\/image\/"},"sameAs":["https:\/\/www.facebook.com\/derimmobilienmaklerberlin","https:\/\/x.com\/immobilieninfos","https:\/\/mastodon.social\/@hihc","https:\/\/www.youtube.com\/user\/HIHCBERLIN","https:\/\/www.tiktok.com\/@immobilienmaklerberlin?lang=en","https:\/\/open.spotify.com\/show\/4XsnJYMYOHLg2SCshmV4Uj?si=oBla_h3VT5yLPBFIRJQofQ","https:\/\/www.instagram.com\/immobilienmaklerberlin24\/"],"description":"Ihr erfahrener Immobilienmakler f\u00fcr Wohn- und Gewerbeimmobilien in Berlin, Deutschland und Europa mit \u00fcber 30 Jahren Expertise! Wir vermitteln On-Market & Off-Market: Einfamilienh\u00e4user, Mehrfamilienh\u00e4user, Eigentumswohnungen, Reihenh\u00e4user, Doppelh\u00e4user, Stadth\u00e4user, Villen, Penthouses, Lofts, m\u00f6blierte & unm\u00f6blierte Apartments, Studentenwohnheime, Seniorenwohnheime, Ferienh\u00e4user, Grundst\u00fccke, Wochenendh\u00e4user, Bauernh\u00e4user, Bungalows, Tiny Houses, Schwimmende H\u00e4user (Hausboote), Schl\u00f6sser, Burgen, Kl\u00f6ster, B\u00fcrogeb\u00e4ude, Einzelhandelsfl\u00e4chen, Einkaufszentren, Gewerbehallen, Lagerhallen, Industrieparks, Gewerbeparks, Hotels, Pensionen, Motels, Restaurants, Caf\u00e9s, Bars\/Nachtclubs, Fitnessstudios, Arztpraxen, Kliniken, Pflegeheime, Zahnarztpraxen, Apotheken, Banken, Superm\u00e4rkte, Baum\u00e4rkte, Tankstellen, Kinos, Theater, Sporthallen\/Stadien, Parkh\u00e4user, Lagerfl\u00e4chen, Logistikzentren, Produktionsst\u00e4tten, Landwirtschaftliche Betriebe (z. B. Bauernh\u00f6fe, Weing\u00fcter). Auch bekannt aus: TikTok, YouTube, Facebook, Spotify","email":"info@hihc.de","telephone":"+493033099930","legalName":"HIHC Horvat Real Estate GmbH","vatID":"DE 272236709"}]}},"_links":{"self":[{"href":"https:\/\/hihc.de\/fr\/wp-json\/wp\/v2\/pages\/55900","targetHints":{"allow":["GET"]}}],"collection":[{"href":"https:\/\/hihc.de\/fr\/wp-json\/wp\/v2\/pages"}],"about":[{"href":"https:\/\/hihc.de\/fr\/wp-json\/wp\/v2\/types\/page"}],"author":[{"embeddable":true,"href":"https:\/\/hihc.de\/fr\/wp-json\/wp\/v2\/users\/1"}],"replies":[{"embeddable":true,"href":"https:\/\/hihc.de\/fr\/wp-json\/wp\/v2\/comments?post=55900"}],"version-history":[{"count":1,"href":"https:\/\/hihc.de\/fr\/wp-json\/wp\/v2\/pages\/55900\/revisions"}],"predecessor-version":[{"id":55901,"href":"https:\/\/hihc.de\/fr\/wp-json\/wp\/v2\/pages\/55900\/revisions\/55901"}],"wp:attachment":[{"href":"https:\/\/hihc.de\/fr\/wp-json\/wp\/v2\/media?parent=55900"}],"curies":[{"name":"wp","href":"https:\/\/api.w.org\/{rel}","templated":true}]}}