{"id":55902,"date":"2023-06-03T10:36:36","date_gmt":"2023-06-03T10:36:36","guid":{"rendered":"https:\/\/hihc.de\/?page_id=55902"},"modified":"2023-06-03T10:36:36","modified_gmt":"2023-06-03T10:36:36","slug":"sobre-nosotros","status":"publish","type":"page","link":"https:\/\/hihc.de\/es\/sobre-nosotros\/","title":{"rendered":"Sobre nosotros"},"content":{"rendered":"<h2>Bienvenido a HIHC Horvat Real Estate GmbH &#8211; Su experto en bienes ra\u00edces residenciales y comerciales en Berl\u00edn, Alemania y en toda Europa.<\/h2>\n<h3>Con m\u00e1s de 30 a\u00f1os de experiencia en la intermediaci\u00f3n de bienes ra\u00edces y una base de clientes que ha crecido \u00fanicamente sobre la base de recomendaciones, somos su socio competente en todos los asuntos relacionados con los bienes ra\u00edces.<\/h3>\n<p>Como empresa familiar administrada por sus propietarios, valoramos especialmente el asesoramiento y atenci\u00f3n personalizada a nuestros clientes. Nuestro equipo din\u00e1mico, compuesto por experimentados asesores y expertos en bienes ra\u00edces, siempre est\u00e1 listo para cumplir con las expectativas de nuestros clientes, ya sea en la venta de una casa unifamiliar o la intermediaci\u00f3n de una inversi\u00f3n inmobiliaria extensa.<\/p>\n<h3>Nuestra cartera incluye una amplia gama de propiedades.<\/h3>\n<p>Ya sea que desee vender o adquirir una casa unifamiliar, un condominio, una casa adosada, una casa d\u00faplex, una casa de la ciudad, una villa, un \u00e1tico, un loft, apartamentos amueblados o sin amueblar, residencias de estudiantes, residencias para ancianos, casas de vacaciones, terrenos, casas de fin de semana, granjas, bungalows, Tiny Houses, casas flotantes (casas flotantes), castillos, fortalezas, monasterios, edificios de oficinas, espacios comerciales, centros comerciales, naves industriales, almacenes, parques industriales, parques comerciales, hoteles, pensiones, moteles, restaurantes, cafeter\u00edas, bares\/discotecas, gimnasios, consultorios m\u00e9dicos, cl\u00ednicas, hogares de ancianos, consultorios dentales, farmacias, bancos, supermercados, tiendas de bricolaje, gasolineras, cines, teatros, gimnasios\/estadios, aparcamientos, \u00e1reas de almacenamiento, centros de log\u00edstica, instalaciones de producci\u00f3n, o empresas agr\u00edcolas como granjas y bodegas \u2013 estamos a su disposici\u00f3n con competencia.<\/p>\n<h2>En nuestra actividad como corredores h\u00edbridos, ofrecemos tanto intermediaciones en el mercado como fuera de \u00e9l, para garantizar a nuestros clientes una oferta completa y asesoramiento individual.<\/h2>\n<p>Nuestra red global y nuestra fuerte presencia en los medios digitales nos permiten llegar a una amplia audiencia y encontrar los compradores o inquilinos adecuados para cualquier tipo de propiedad.<\/p>\n<h3>Pero somos m\u00e1s que solo corredores de bienes ra\u00edces:<\/h3>\n<p>Nuestros servicios van m\u00e1s all\u00e1 de la mera actividad de intermediaci\u00f3n y prueba. Acompa\u00f1amos a nuestros clientes durante todo el proceso, desde la primera consulta hasta la negociaci\u00f3n de precios y la finalizaci\u00f3n del contrato de compra o alquiler. Adem\u00e1s, ofrecemos a nuestros clientes acceso a una red de profesionales &#8211; desde notarios y abogados hasta asesores fiscales y empresas de artesan\u00eda de confianza.<br \/>\nEn HIHC Horvat Real Estate GmbH sabemos que el mercado inmobiliario es un entorno din\u00e1mico que est\u00e1 en constante cambio. Por eso, apostamos por una combinaci\u00f3n de canales de venta tradicionales y modernos, digitales, y adaptamos nuestras estrategias a las condiciones del mercado actual.<\/p>\n<h3>Nos enorgullece contribuir a la protecci\u00f3n del medio ambiente y nos esforzamos por hacer que nuestros procesos sean lo m\u00e1s sostenibles posible.<\/h3>\n<p>Nuestras excelentes valoraciones y la satisfacci\u00f3n de nuestros clientes son la mejor prueba de la calidad de nuestro trabajo.<br \/>\nSi est\u00e1 buscando un socio confiable para sus asuntos inmobiliarios, ha venido al lugar correcto.<\/p>\n<p><span style=\"color: #000000;\"><b>Puede contactarnos por tel\u00e9fono en<\/b><\/span> <a href=\"tel:+493033099930\">+49 (0)30 33099930<\/a> o 24\/7 por <a href=\"https:\/\/wa.me\/493033099930\" target=\"_blank\" rel=\"noopener noreferrer\"><span style=\"font-weight: 600; color: #49e322;\">WhatsApp<\/span><\/a><b> o a trav\u00e9s de nuestro <\/b><a style=\"font-weight: bold;\" href=\"https:\/\/hihc.de\/kontakt\/\">formulario de contacto<\/a><b><\/b><\/p>\n<p>Estamos ansiosos por conocerle y encontrar juntos la mejor soluci\u00f3n para sus preocupaciones inmobiliarias.<\/p>\n","protected":false},"excerpt":{"rendered":"<p>Bienvenido a HIHC Horvat Real Estate GmbH &#8211; Su experto en bienes ra\u00edces residenciales y comerciales en Berl\u00edn, Alemania y en toda Europa. Con m\u00e1s de 30 a\u00f1os de experiencia en la intermediaci\u00f3n de bienes ra\u00edces y una base de clientes que ha crecido \u00fanicamente sobre la base de recomendaciones, somos su socio competente en<\/p>\n","protected":false},"author":1,"featured_media":0,"parent":0,"menu_order":0,"comment_status":"open","ping_status":"open","template":"","meta":{"_acf_changed":false,"ngg_post_thumbnail":0,"footnotes":""},"class_list":["post-55902","page","type-page","status-publish","hentry"],"acf":[],"yoast_head":"<!-- This site is optimized with the Yoast SEO Premium plugin v22.7 (Yoast SEO v27.4) - https:\/\/yoast.com\/product\/yoast-seo-premium-wordpress\/ -->\n<title>Sobre nosotros - HIHC Immobilienmakler Berlin, Deutschland und Europa<\/title>\n<meta name=\"robots\" content=\"index, follow, max-snippet:-1, max-image-preview:large, max-video-preview:-1\" \/>\n<link rel=\"canonical\" href=\"https:\/\/hihc.de\/es\/sobre-nosotros\/\" \/>\n<meta property=\"og:locale\" content=\"es_ES\" \/>\n<meta property=\"og:type\" content=\"article\" \/>\n<meta property=\"og:title\" content=\"Sobre nosotros\" \/>\n<meta property=\"og:description\" content=\"Bienvenido a HIHC Horvat Real Estate GmbH &#8211; Su experto en bienes ra\u00edces residenciales y comerciales en Berl\u00edn, Alemania y en toda Europa. Con m\u00e1s de 30 a\u00f1os de experiencia en la intermediaci\u00f3n de bienes ra\u00edces y una base de clientes que ha crecido \u00fanicamente sobre la base de recomendaciones, somos su socio competente en\" \/>\n<meta property=\"og:url\" content=\"https:\/\/hihc.de\/es\/sobre-nosotros\/\" \/>\n<meta property=\"og:site_name\" content=\"HIHC Immobilienmakler Berlin, Deutschland und Europa\" \/>\n<meta property=\"article:publisher\" content=\"https:\/\/www.facebook.com\/derimmobilienmaklerberlin\" \/>\n<meta property=\"og:image\" content=\"https:\/\/hihc.de\/wp-content\/uploads\/2023\/05\/Logo-HIHC.jpg\" \/>\n\t<meta property=\"og:image:width\" content=\"640\" \/>\n\t<meta property=\"og:image:height\" content=\"400\" \/>\n\t<meta property=\"og:image:type\" content=\"image\/jpeg\" \/>\n<meta name=\"twitter:card\" content=\"summary_large_image\" \/>\n<meta name=\"twitter:site\" content=\"@immobilieninfos\" \/>\n<script type=\"application\/ld+json\" class=\"yoast-schema-graph\">{\"@context\":\"https:\\\/\\\/schema.org\",\"@graph\":[{\"@type\":\"WebPage\",\"@id\":\"https:\\\/\\\/hihc.de\\\/es\\\/sobre-nosotros\\\/\",\"url\":\"https:\\\/\\\/hihc.de\\\/es\\\/sobre-nosotros\\\/\",\"name\":\"Sobre nosotros - HIHC Immobilienmakler Berlin, Deutschland und Europa\",\"isPartOf\":{\"@id\":\"https:\\\/\\\/hihc.de\\\/es\\\/#website\"},\"datePublished\":\"2023-06-03T10:36:36+00:00\",\"breadcrumb\":{\"@id\":\"https:\\\/\\\/hihc.de\\\/es\\\/sobre-nosotros\\\/#breadcrumb\"},\"inLanguage\":\"es\",\"potentialAction\":[{\"@type\":\"ReadAction\",\"target\":[\"https:\\\/\\\/hihc.de\\\/es\\\/sobre-nosotros\\\/\"]}]},{\"@type\":\"BreadcrumbList\",\"@id\":\"https:\\\/\\\/hihc.de\\\/es\\\/sobre-nosotros\\\/#breadcrumb\",\"itemListElement\":[{\"@type\":\"ListItem\",\"position\":1,\"name\":\"Startseite\",\"item\":\"https:\\\/\\\/hihc.de\\\/es\\\/\"},{\"@type\":\"ListItem\",\"position\":2,\"name\":\"Sobre nosotros\"}]},{\"@type\":\"WebSite\",\"@id\":\"https:\\\/\\\/hihc.de\\\/es\\\/#website\",\"url\":\"https:\\\/\\\/hihc.de\\\/es\\\/\",\"name\":\"HIHC Immobilienmakler Berlin, Deutschland und Europa\",\"description\":\"Just another WordPress site\",\"publisher\":{\"@id\":\"https:\\\/\\\/hihc.de\\\/es\\\/#organization\"},\"alternateName\":\"HIHC\",\"potentialAction\":[{\"@type\":\"SearchAction\",\"target\":{\"@type\":\"EntryPoint\",\"urlTemplate\":\"https:\\\/\\\/hihc.de\\\/es\\\/?s={search_term_string}\"},\"query-input\":{\"@type\":\"PropertyValueSpecification\",\"valueRequired\":true,\"valueName\":\"search_term_string\"}}],\"inLanguage\":\"es\"},{\"@type\":\"Organization\",\"@id\":\"https:\\\/\\\/hihc.de\\\/es\\\/#organization\",\"name\":\"HIHC Horvat Real Estate GmbH\",\"alternateName\":\"HIHC\",\"url\":\"https:\\\/\\\/hihc.de\\\/es\\\/\",\"logo\":{\"@type\":\"ImageObject\",\"inLanguage\":\"es\",\"@id\":\"https:\\\/\\\/hihc.de\\\/es\\\/#\\\/schema\\\/logo\\\/image\\\/\",\"url\":\"https:\\\/\\\/hihc.de\\\/wp-content\\\/uploads\\\/2023\\\/05\\\/Logo-HIHC.jpg\",\"contentUrl\":\"https:\\\/\\\/hihc.de\\\/wp-content\\\/uploads\\\/2023\\\/05\\\/Logo-HIHC.jpg\",\"width\":640,\"height\":400,\"caption\":\"HIHC Horvat Real Estate GmbH\"},\"image\":{\"@id\":\"https:\\\/\\\/hihc.de\\\/es\\\/#\\\/schema\\\/logo\\\/image\\\/\"},\"sameAs\":[\"https:\\\/\\\/www.facebook.com\\\/derimmobilienmaklerberlin\",\"https:\\\/\\\/x.com\\\/immobilieninfos\",\"https:\\\/\\\/mastodon.social\\\/@hihc\",\"https:\\\/\\\/www.youtube.com\\\/user\\\/HIHCBERLIN\",\"https:\\\/\\\/www.tiktok.com\\\/@immobilienmaklerberlin?lang=en\",\"https:\\\/\\\/open.spotify.com\\\/show\\\/4XsnJYMYOHLg2SCshmV4Uj?si=oBla_h3VT5yLPBFIRJQofQ\",\"https:\\\/\\\/www.instagram.com\\\/immobilienmaklerberlin24\\\/\"],\"description\":\"Ihr erfahrener Immobilienmakler f\u00fcr Wohn- und Gewerbeimmobilien in Berlin, Deutschland und Europa mit \u00fcber 30 Jahren Expertise! Wir vermitteln On-Market & Off-Market: Einfamilienh\u00e4user, Mehrfamilienh\u00e4user, Eigentumswohnungen, Reihenh\u00e4user, Doppelh\u00e4user, Stadth\u00e4user, Villen, Penthouses, Lofts, m\u00f6blierte & unm\u00f6blierte Apartments, Studentenwohnheime, Seniorenwohnheime, Ferienh\u00e4user, Grundst\u00fccke, Wochenendh\u00e4user, Bauernh\u00e4user, Bungalows, Tiny Houses, Schwimmende H\u00e4user (Hausboote), Schl\u00f6sser, Burgen, Kl\u00f6ster, B\u00fcrogeb\u00e4ude, Einzelhandelsfl\u00e4chen, Einkaufszentren, Gewerbehallen, Lagerhallen, Industrieparks, Gewerbeparks, Hotels, Pensionen, Motels, Restaurants, Caf\u00e9s, Bars\\\/Nachtclubs, Fitnessstudios, Arztpraxen, Kliniken, Pflegeheime, Zahnarztpraxen, Apotheken, Banken, Superm\u00e4rkte, Baum\u00e4rkte, Tankstellen, Kinos, Theater, Sporthallen\\\/Stadien, Parkh\u00e4user, Lagerfl\u00e4chen, Logistikzentren, Produktionsst\u00e4tten, Landwirtschaftliche Betriebe (z. B. Bauernh\u00f6fe, Weing\u00fcter). Auch bekannt aus: TikTok, YouTube, Facebook, Spotify\",\"email\":\"info@hihc.de\",\"telephone\":\"+493033099930\",\"legalName\":\"HIHC Horvat Real Estate GmbH\",\"vatID\":\"DE 272236709\"}]}<\/script>\n<!-- \/ Yoast SEO Premium plugin. -->","yoast_head_json":{"title":"Sobre nosotros - HIHC Immobilienmakler Berlin, Deutschland und Europa","robots":{"index":"index","follow":"follow","max-snippet":"max-snippet:-1","max-image-preview":"max-image-preview:large","max-video-preview":"max-video-preview:-1"},"canonical":"https:\/\/hihc.de\/es\/sobre-nosotros\/","og_locale":"es_ES","og_type":"article","og_title":"Sobre nosotros","og_description":"Bienvenido a HIHC Horvat Real Estate GmbH &#8211; Su experto en bienes ra\u00edces residenciales y comerciales en Berl\u00edn, Alemania y en toda Europa. Con m\u00e1s de 30 a\u00f1os de experiencia en la intermediaci\u00f3n de bienes ra\u00edces y una base de clientes que ha crecido \u00fanicamente sobre la base de recomendaciones, somos su socio competente en","og_url":"https:\/\/hihc.de\/es\/sobre-nosotros\/","og_site_name":"HIHC Immobilienmakler Berlin, Deutschland und Europa","article_publisher":"https:\/\/www.facebook.com\/derimmobilienmaklerberlin","og_image":[{"width":640,"height":400,"url":"https:\/\/hihc.de\/wp-content\/uploads\/2023\/05\/Logo-HIHC.jpg","type":"image\/jpeg"}],"twitter_card":"summary_large_image","twitter_site":"@immobilieninfos","schema":{"@context":"https:\/\/schema.org","@graph":[{"@type":"WebPage","@id":"https:\/\/hihc.de\/es\/sobre-nosotros\/","url":"https:\/\/hihc.de\/es\/sobre-nosotros\/","name":"Sobre nosotros - HIHC Immobilienmakler Berlin, Deutschland und Europa","isPartOf":{"@id":"https:\/\/hihc.de\/es\/#website"},"datePublished":"2023-06-03T10:36:36+00:00","breadcrumb":{"@id":"https:\/\/hihc.de\/es\/sobre-nosotros\/#breadcrumb"},"inLanguage":"es","potentialAction":[{"@type":"ReadAction","target":["https:\/\/hihc.de\/es\/sobre-nosotros\/"]}]},{"@type":"BreadcrumbList","@id":"https:\/\/hihc.de\/es\/sobre-nosotros\/#breadcrumb","itemListElement":[{"@type":"ListItem","position":1,"name":"Startseite","item":"https:\/\/hihc.de\/es\/"},{"@type":"ListItem","position":2,"name":"Sobre nosotros"}]},{"@type":"WebSite","@id":"https:\/\/hihc.de\/es\/#website","url":"https:\/\/hihc.de\/es\/","name":"HIHC Immobilienmakler Berlin, Deutschland und Europa","description":"Just another WordPress site","publisher":{"@id":"https:\/\/hihc.de\/es\/#organization"},"alternateName":"HIHC","potentialAction":[{"@type":"SearchAction","target":{"@type":"EntryPoint","urlTemplate":"https:\/\/hihc.de\/es\/?s={search_term_string}"},"query-input":{"@type":"PropertyValueSpecification","valueRequired":true,"valueName":"search_term_string"}}],"inLanguage":"es"},{"@type":"Organization","@id":"https:\/\/hihc.de\/es\/#organization","name":"HIHC Horvat Real Estate GmbH","alternateName":"HIHC","url":"https:\/\/hihc.de\/es\/","logo":{"@type":"ImageObject","inLanguage":"es","@id":"https:\/\/hihc.de\/es\/#\/schema\/logo\/image\/","url":"https:\/\/hihc.de\/wp-content\/uploads\/2023\/05\/Logo-HIHC.jpg","contentUrl":"https:\/\/hihc.de\/wp-content\/uploads\/2023\/05\/Logo-HIHC.jpg","width":640,"height":400,"caption":"HIHC Horvat Real Estate GmbH"},"image":{"@id":"https:\/\/hihc.de\/es\/#\/schema\/logo\/image\/"},"sameAs":["https:\/\/www.facebook.com\/derimmobilienmaklerberlin","https:\/\/x.com\/immobilieninfos","https:\/\/mastodon.social\/@hihc","https:\/\/www.youtube.com\/user\/HIHCBERLIN","https:\/\/www.tiktok.com\/@immobilienmaklerberlin?lang=en","https:\/\/open.spotify.com\/show\/4XsnJYMYOHLg2SCshmV4Uj?si=oBla_h3VT5yLPBFIRJQofQ","https:\/\/www.instagram.com\/immobilienmaklerberlin24\/"],"description":"Ihr erfahrener Immobilienmakler f\u00fcr Wohn- und Gewerbeimmobilien in Berlin, Deutschland und Europa mit \u00fcber 30 Jahren Expertise! Wir vermitteln On-Market & Off-Market: Einfamilienh\u00e4user, Mehrfamilienh\u00e4user, Eigentumswohnungen, Reihenh\u00e4user, Doppelh\u00e4user, Stadth\u00e4user, Villen, Penthouses, Lofts, m\u00f6blierte & unm\u00f6blierte Apartments, Studentenwohnheime, Seniorenwohnheime, Ferienh\u00e4user, Grundst\u00fccke, Wochenendh\u00e4user, Bauernh\u00e4user, Bungalows, Tiny Houses, Schwimmende H\u00e4user (Hausboote), Schl\u00f6sser, Burgen, Kl\u00f6ster, B\u00fcrogeb\u00e4ude, Einzelhandelsfl\u00e4chen, Einkaufszentren, Gewerbehallen, Lagerhallen, Industrieparks, Gewerbeparks, Hotels, Pensionen, Motels, Restaurants, Caf\u00e9s, Bars\/Nachtclubs, Fitnessstudios, Arztpraxen, Kliniken, Pflegeheime, Zahnarztpraxen, Apotheken, Banken, Superm\u00e4rkte, Baum\u00e4rkte, Tankstellen, Kinos, Theater, Sporthallen\/Stadien, Parkh\u00e4user, Lagerfl\u00e4chen, Logistikzentren, Produktionsst\u00e4tten, Landwirtschaftliche Betriebe (z. B. Bauernh\u00f6fe, Weing\u00fcter). Auch bekannt aus: TikTok, YouTube, Facebook, Spotify","email":"info@hihc.de","telephone":"+493033099930","legalName":"HIHC Horvat Real Estate GmbH","vatID":"DE 272236709"}]}},"_links":{"self":[{"href":"https:\/\/hihc.de\/es\/wp-json\/wp\/v2\/pages\/55902","targetHints":{"allow":["GET"]}}],"collection":[{"href":"https:\/\/hihc.de\/es\/wp-json\/wp\/v2\/pages"}],"about":[{"href":"https:\/\/hihc.de\/es\/wp-json\/wp\/v2\/types\/page"}],"author":[{"embeddable":true,"href":"https:\/\/hihc.de\/es\/wp-json\/wp\/v2\/users\/1"}],"replies":[{"embeddable":true,"href":"https:\/\/hihc.de\/es\/wp-json\/wp\/v2\/comments?post=55902"}],"version-history":[{"count":1,"href":"https:\/\/hihc.de\/es\/wp-json\/wp\/v2\/pages\/55902\/revisions"}],"predecessor-version":[{"id":55903,"href":"https:\/\/hihc.de\/es\/wp-json\/wp\/v2\/pages\/55902\/revisions\/55903"}],"wp:attachment":[{"href":"https:\/\/hihc.de\/es\/wp-json\/wp\/v2\/media?parent=55902"}],"curies":[{"name":"wp","href":"https:\/\/api.w.org\/{rel}","templated":true}]}}