{"id":919,"date":"2015-08-23T21:06:34","date_gmt":"2015-08-23T21:06:34","guid":{"rendered":"http:\/\/new.hihc.de\/en\/?page_id=919"},"modified":"2015-09-07T11:28:59","modified_gmt":"2015-09-07T11:28:59","slug":"developers-service","status":"publish","type":"page","link":"https:\/\/hihc.de\/en\/developers-service\/","title":{"rendered":"developers service"},"content":{"rendered":"<h1> Buildes and project developers are warmly welcome!<\/ h1><\/p>\n<p><strong>For many years we have supported and mentored a lot of successful builders and project developers of any size.<\/strong><br \/>\nIt is not about the volume for us but about the individualization of each project. In recent years, we have contributed to and left our mark on a wide range of projects in Berlin. We are used to rediscovering each project and reassessing them.<\/p>\n<p><strong>Others shall make comparisons<\/ strong><br \/>\nWe present your projects and take care of an above-average appreciation of your work. We are willing to provide you with our environment and market analysis and support you with an exceptionally excellent consultancy in project development and pricing. Your project documents will be processed by our highly skilled professionals.<\/p>\n<p><a href=\"https:\/\/hihc.de\/wp-content\/uploads\/2015\/08\/Immobilien-Berlin.jpg\"><img fetchpriority=\"high\" decoding=\"async\" src=\"https:\/\/hihc.de\/wp-content\/uploads\/2015\/08\/Immobilien-Berlin.jpg\" alt=\"developers service Berlin\" width=\"849\" height=\"566\" class=\"aligncenter size-full wp-image-884\" srcset=\"https:\/\/hihc.de\/wp-content\/uploads\/2015\/08\/Immobilien-Berlin.jpg 849w, https:\/\/hihc.de\/wp-content\/uploads\/2015\/08\/Immobilien-Berlin-600x400.jpg 600w, https:\/\/hihc.de\/wp-content\/uploads\/2015\/08\/Immobilien-Berlin-300x200.jpg 300w\" sizes=\"(max-width: 849px) 100vw, 849px\" \/><\/a><\/p>\n<p><strong>\u201cTailor-made marketing concepts\u201d aren\u2019t good enough for us, because we are developing completely new marketing concepts<\/strong><\/p>\n<h2>We want your project to stand out among others.<\/h2>\n<p> Your building is our favorite reference type. We offer a loving and target-oriented communication. Your project will be marketed by our skilled professionals on all important media channels. XXL signs because it improves safety and gives information exactly where we are. Permanent occupation of the sales office. Successful consultation of interested parties by our top team. You will receive regular information on the marketing\/ sale status and all our memorable activities all the way to preparing records and the certification appointment. <\/p>\n<h4>HIHC Real Estate Agents Builder Service Project Developer Berlin \u2013 Phone: 030\/330 999 30<\/ h4><\/p>\n<p>Builders appreciate having a competent partner like us next to them. As real estate agents in Berlin we have years of experience in dealing with builders and project developers. Get to know us and convince yourself of our performance. We will develop all necessary documents for you and support you in every step of your project. <\/p>\n<p>If you are looking for a real estate agent for your projects, we are the best choice for you. Call us today to arrange an appointment with us, we are looking forward to welcoming you!<br \/>\nThere is also a new real estate portal that you can check: Objektsuche24<\/p>\n","protected":false},"excerpt":{"rendered":"<p>Buildes and project developers are warmly welcome! For many years we have supported and mentored a lot of successful builders and project developers of any size. It is not about the volume for us but about the individualization of each project. In recent years, we have contributed to and left our mark on a wide<\/p>\n","protected":false},"author":1,"featured_media":0,"parent":0,"menu_order":0,"comment_status":"open","ping_status":"open","template":"","meta":{"_acf_changed":false,"ngg_post_thumbnail":0,"footnotes":""},"class_list":["post-919","page","type-page","status-publish","hentry"],"acf":[],"yoast_head":"<!-- This site is optimized with the Yoast SEO Premium plugin v22.7 (Yoast SEO v27.4) - https:\/\/yoast.com\/product\/yoast-seo-premium-wordpress\/ -->\n<title>developers service berlin | HIHC Real Estate Berlin<\/title>\n<meta name=\"description\" content=\"developers service, contact us for your property development. HIHC Real Estate Berlin + 49 30 330 999 30 We are one of leading property agents in Berlin\" \/>\n<meta name=\"robots\" content=\"index, follow, max-snippet:-1, max-image-preview:large, max-video-preview:-1\" \/>\n<link rel=\"canonical\" href=\"https:\/\/hihc.de\/en\/developers-service\/\" \/>\n<meta property=\"og:locale\" content=\"en_US\" \/>\n<meta property=\"og:type\" content=\"article\" \/>\n<meta property=\"og:title\" content=\"developers service\" \/>\n<meta property=\"og:description\" content=\"developers service, contact us for your property development. HIHC Real Estate Berlin + 49 30 330 999 30 We are one of leading property agents in Berlin\" \/>\n<meta property=\"og:url\" content=\"https:\/\/hihc.de\/en\/developers-service\/\" \/>\n<meta property=\"og:site_name\" content=\"HIHC Immobilienmakler Berlin, Deutschland und Europa\" \/>\n<meta property=\"article:publisher\" content=\"https:\/\/www.facebook.com\/derimmobilienmaklerberlin\" \/>\n<meta property=\"article:modified_time\" content=\"2015-09-07T11:28:59+00:00\" \/>\n<meta property=\"og:image\" content=\"https:\/\/hihc.de\/wp-content\/uploads\/2015\/08\/Immobilien-Berlin.jpg\" \/>\n<meta name=\"twitter:card\" content=\"summary_large_image\" \/>\n<meta name=\"twitter:site\" content=\"@immobilieninfos\" \/>\n<meta name=\"twitter:label1\" content=\"Est. reading time\" \/>\n\t<meta name=\"twitter:data1\" content=\"2 minutes\" \/>\n<script type=\"application\/ld+json\" class=\"yoast-schema-graph\">{\"@context\":\"https:\\\/\\\/schema.org\",\"@graph\":[{\"@type\":\"WebPage\",\"@id\":\"https:\\\/\\\/hihc.de\\\/en\\\/developers-service\\\/\",\"url\":\"https:\\\/\\\/hihc.de\\\/en\\\/developers-service\\\/\",\"name\":\"developers service berlin | HIHC Real Estate Berlin\",\"isPartOf\":{\"@id\":\"https:\\\/\\\/hihc.de\\\/en\\\/#website\"},\"primaryImageOfPage\":{\"@id\":\"https:\\\/\\\/hihc.de\\\/en\\\/developers-service\\\/#primaryimage\"},\"image\":{\"@id\":\"https:\\\/\\\/hihc.de\\\/en\\\/developers-service\\\/#primaryimage\"},\"thumbnailUrl\":\"https:\\\/\\\/hihc.de\\\/wp-content\\\/uploads\\\/2015\\\/08\\\/Immobilien-Berlin.jpg\",\"datePublished\":\"2015-08-23T21:06:34+00:00\",\"dateModified\":\"2015-09-07T11:28:59+00:00\",\"description\":\"developers service, contact us for your property development. HIHC Real Estate Berlin + 49 30 330 999 30 We are one of leading property agents in Berlin\",\"breadcrumb\":{\"@id\":\"https:\\\/\\\/hihc.de\\\/en\\\/developers-service\\\/#breadcrumb\"},\"inLanguage\":\"en-US\",\"potentialAction\":[{\"@type\":\"ReadAction\",\"target\":[\"https:\\\/\\\/hihc.de\\\/en\\\/developers-service\\\/\"]}]},{\"@type\":\"ImageObject\",\"inLanguage\":\"en-US\",\"@id\":\"https:\\\/\\\/hihc.de\\\/en\\\/developers-service\\\/#primaryimage\",\"url\":\"https:\\\/\\\/hihc.de\\\/wp-content\\\/uploads\\\/2015\\\/08\\\/Immobilien-Berlin.jpg\",\"contentUrl\":\"https:\\\/\\\/hihc.de\\\/wp-content\\\/uploads\\\/2015\\\/08\\\/Immobilien-Berlin.jpg\"},{\"@type\":\"BreadcrumbList\",\"@id\":\"https:\\\/\\\/hihc.de\\\/en\\\/developers-service\\\/#breadcrumb\",\"itemListElement\":[{\"@type\":\"ListItem\",\"position\":1,\"name\":\"Startseite\",\"item\":\"https:\\\/\\\/hihc.de\\\/en\\\/\"},{\"@type\":\"ListItem\",\"position\":2,\"name\":\"developers service\"}]},{\"@type\":\"WebSite\",\"@id\":\"https:\\\/\\\/hihc.de\\\/en\\\/#website\",\"url\":\"https:\\\/\\\/hihc.de\\\/en\\\/\",\"name\":\"HIHC Immobilienmakler Berlin, Deutschland und Europa\",\"description\":\"Just another WordPress site\",\"publisher\":{\"@id\":\"https:\\\/\\\/hihc.de\\\/en\\\/#organization\"},\"alternateName\":\"HIHC\",\"potentialAction\":[{\"@type\":\"SearchAction\",\"target\":{\"@type\":\"EntryPoint\",\"urlTemplate\":\"https:\\\/\\\/hihc.de\\\/en\\\/?s={search_term_string}\"},\"query-input\":{\"@type\":\"PropertyValueSpecification\",\"valueRequired\":true,\"valueName\":\"search_term_string\"}}],\"inLanguage\":\"en-US\"},{\"@type\":\"Organization\",\"@id\":\"https:\\\/\\\/hihc.de\\\/en\\\/#organization\",\"name\":\"HIHC Horvat Real Estate GmbH\",\"alternateName\":\"HIHC\",\"url\":\"https:\\\/\\\/hihc.de\\\/en\\\/\",\"logo\":{\"@type\":\"ImageObject\",\"inLanguage\":\"en-US\",\"@id\":\"https:\\\/\\\/hihc.de\\\/en\\\/#\\\/schema\\\/logo\\\/image\\\/\",\"url\":\"https:\\\/\\\/hihc.de\\\/wp-content\\\/uploads\\\/2023\\\/05\\\/Logo-HIHC.jpg\",\"contentUrl\":\"https:\\\/\\\/hihc.de\\\/wp-content\\\/uploads\\\/2023\\\/05\\\/Logo-HIHC.jpg\",\"width\":640,\"height\":400,\"caption\":\"HIHC Horvat Real Estate GmbH\"},\"image\":{\"@id\":\"https:\\\/\\\/hihc.de\\\/en\\\/#\\\/schema\\\/logo\\\/image\\\/\"},\"sameAs\":[\"https:\\\/\\\/www.facebook.com\\\/derimmobilienmaklerberlin\",\"https:\\\/\\\/x.com\\\/immobilieninfos\",\"https:\\\/\\\/mastodon.social\\\/@hihc\",\"https:\\\/\\\/www.youtube.com\\\/user\\\/HIHCBERLIN\",\"https:\\\/\\\/www.tiktok.com\\\/@immobilienmaklerberlin?lang=en\",\"https:\\\/\\\/open.spotify.com\\\/show\\\/4XsnJYMYOHLg2SCshmV4Uj?si=oBla_h3VT5yLPBFIRJQofQ\",\"https:\\\/\\\/www.instagram.com\\\/immobilienmaklerberlin24\\\/\"],\"description\":\"Ihr erfahrener Immobilienmakler f\u00fcr Wohn- und Gewerbeimmobilien in Berlin, Deutschland und Europa mit \u00fcber 30 Jahren Expertise! Wir vermitteln On-Market & Off-Market: Einfamilienh\u00e4user, Mehrfamilienh\u00e4user, Eigentumswohnungen, Reihenh\u00e4user, Doppelh\u00e4user, Stadth\u00e4user, Villen, Penthouses, Lofts, m\u00f6blierte & unm\u00f6blierte Apartments, Studentenwohnheime, Seniorenwohnheime, Ferienh\u00e4user, Grundst\u00fccke, Wochenendh\u00e4user, Bauernh\u00e4user, Bungalows, Tiny Houses, Schwimmende H\u00e4user (Hausboote), Schl\u00f6sser, Burgen, Kl\u00f6ster, B\u00fcrogeb\u00e4ude, Einzelhandelsfl\u00e4chen, Einkaufszentren, Gewerbehallen, Lagerhallen, Industrieparks, Gewerbeparks, Hotels, Pensionen, Motels, Restaurants, Caf\u00e9s, Bars\\\/Nachtclubs, Fitnessstudios, Arztpraxen, Kliniken, Pflegeheime, Zahnarztpraxen, Apotheken, Banken, Superm\u00e4rkte, Baum\u00e4rkte, Tankstellen, Kinos, Theater, Sporthallen\\\/Stadien, Parkh\u00e4user, Lagerfl\u00e4chen, Logistikzentren, Produktionsst\u00e4tten, Landwirtschaftliche Betriebe (z. B. Bauernh\u00f6fe, Weing\u00fcter). Auch bekannt aus: TikTok, YouTube, Facebook, Spotify\",\"email\":\"info@hihc.de\",\"telephone\":\"+493033099930\",\"legalName\":\"HIHC Horvat Real Estate GmbH\",\"vatID\":\"DE 272236709\"}]}<\/script>\n<!-- \/ Yoast SEO Premium plugin. -->","yoast_head_json":{"title":"developers service berlin | HIHC Real Estate Berlin","description":"developers service, contact us for your property development. HIHC Real Estate Berlin + 49 30 330 999 30 We are one of leading property agents in Berlin","robots":{"index":"index","follow":"follow","max-snippet":"max-snippet:-1","max-image-preview":"max-image-preview:large","max-video-preview":"max-video-preview:-1"},"canonical":"https:\/\/hihc.de\/en\/developers-service\/","og_locale":"en_US","og_type":"article","og_title":"developers service","og_description":"developers service, contact us for your property development. HIHC Real Estate Berlin + 49 30 330 999 30 We are one of leading property agents in Berlin","og_url":"https:\/\/hihc.de\/en\/developers-service\/","og_site_name":"HIHC Immobilienmakler Berlin, Deutschland und Europa","article_publisher":"https:\/\/www.facebook.com\/derimmobilienmaklerberlin","article_modified_time":"2015-09-07T11:28:59+00:00","og_image":[{"url":"https:\/\/hihc.de\/wp-content\/uploads\/2015\/08\/Immobilien-Berlin.jpg","type":"","width":"","height":""}],"twitter_card":"summary_large_image","twitter_site":"@immobilieninfos","twitter_misc":{"Est. reading time":"2 minutes"},"schema":{"@context":"https:\/\/schema.org","@graph":[{"@type":"WebPage","@id":"https:\/\/hihc.de\/en\/developers-service\/","url":"https:\/\/hihc.de\/en\/developers-service\/","name":"developers service berlin | HIHC Real Estate Berlin","isPartOf":{"@id":"https:\/\/hihc.de\/en\/#website"},"primaryImageOfPage":{"@id":"https:\/\/hihc.de\/en\/developers-service\/#primaryimage"},"image":{"@id":"https:\/\/hihc.de\/en\/developers-service\/#primaryimage"},"thumbnailUrl":"https:\/\/hihc.de\/wp-content\/uploads\/2015\/08\/Immobilien-Berlin.jpg","datePublished":"2015-08-23T21:06:34+00:00","dateModified":"2015-09-07T11:28:59+00:00","description":"developers service, contact us for your property development. HIHC Real Estate Berlin + 49 30 330 999 30 We are one of leading property agents in Berlin","breadcrumb":{"@id":"https:\/\/hihc.de\/en\/developers-service\/#breadcrumb"},"inLanguage":"en-US","potentialAction":[{"@type":"ReadAction","target":["https:\/\/hihc.de\/en\/developers-service\/"]}]},{"@type":"ImageObject","inLanguage":"en-US","@id":"https:\/\/hihc.de\/en\/developers-service\/#primaryimage","url":"https:\/\/hihc.de\/wp-content\/uploads\/2015\/08\/Immobilien-Berlin.jpg","contentUrl":"https:\/\/hihc.de\/wp-content\/uploads\/2015\/08\/Immobilien-Berlin.jpg"},{"@type":"BreadcrumbList","@id":"https:\/\/hihc.de\/en\/developers-service\/#breadcrumb","itemListElement":[{"@type":"ListItem","position":1,"name":"Startseite","item":"https:\/\/hihc.de\/en\/"},{"@type":"ListItem","position":2,"name":"developers service"}]},{"@type":"WebSite","@id":"https:\/\/hihc.de\/en\/#website","url":"https:\/\/hihc.de\/en\/","name":"HIHC Immobilienmakler Berlin, Deutschland und Europa","description":"Just another WordPress site","publisher":{"@id":"https:\/\/hihc.de\/en\/#organization"},"alternateName":"HIHC","potentialAction":[{"@type":"SearchAction","target":{"@type":"EntryPoint","urlTemplate":"https:\/\/hihc.de\/en\/?s={search_term_string}"},"query-input":{"@type":"PropertyValueSpecification","valueRequired":true,"valueName":"search_term_string"}}],"inLanguage":"en-US"},{"@type":"Organization","@id":"https:\/\/hihc.de\/en\/#organization","name":"HIHC Horvat Real Estate GmbH","alternateName":"HIHC","url":"https:\/\/hihc.de\/en\/","logo":{"@type":"ImageObject","inLanguage":"en-US","@id":"https:\/\/hihc.de\/en\/#\/schema\/logo\/image\/","url":"https:\/\/hihc.de\/wp-content\/uploads\/2023\/05\/Logo-HIHC.jpg","contentUrl":"https:\/\/hihc.de\/wp-content\/uploads\/2023\/05\/Logo-HIHC.jpg","width":640,"height":400,"caption":"HIHC Horvat Real Estate GmbH"},"image":{"@id":"https:\/\/hihc.de\/en\/#\/schema\/logo\/image\/"},"sameAs":["https:\/\/www.facebook.com\/derimmobilienmaklerberlin","https:\/\/x.com\/immobilieninfos","https:\/\/mastodon.social\/@hihc","https:\/\/www.youtube.com\/user\/HIHCBERLIN","https:\/\/www.tiktok.com\/@immobilienmaklerberlin?lang=en","https:\/\/open.spotify.com\/show\/4XsnJYMYOHLg2SCshmV4Uj?si=oBla_h3VT5yLPBFIRJQofQ","https:\/\/www.instagram.com\/immobilienmaklerberlin24\/"],"description":"Ihr erfahrener Immobilienmakler f\u00fcr Wohn- und Gewerbeimmobilien in Berlin, Deutschland und Europa mit \u00fcber 30 Jahren Expertise! Wir vermitteln On-Market & Off-Market: Einfamilienh\u00e4user, Mehrfamilienh\u00e4user, Eigentumswohnungen, Reihenh\u00e4user, Doppelh\u00e4user, Stadth\u00e4user, Villen, Penthouses, Lofts, m\u00f6blierte & unm\u00f6blierte Apartments, Studentenwohnheime, Seniorenwohnheime, Ferienh\u00e4user, Grundst\u00fccke, Wochenendh\u00e4user, Bauernh\u00e4user, Bungalows, Tiny Houses, Schwimmende H\u00e4user (Hausboote), Schl\u00f6sser, Burgen, Kl\u00f6ster, B\u00fcrogeb\u00e4ude, Einzelhandelsfl\u00e4chen, Einkaufszentren, Gewerbehallen, Lagerhallen, Industrieparks, Gewerbeparks, Hotels, Pensionen, Motels, Restaurants, Caf\u00e9s, Bars\/Nachtclubs, Fitnessstudios, Arztpraxen, Kliniken, Pflegeheime, Zahnarztpraxen, Apotheken, Banken, Superm\u00e4rkte, Baum\u00e4rkte, Tankstellen, Kinos, Theater, Sporthallen\/Stadien, Parkh\u00e4user, Lagerfl\u00e4chen, Logistikzentren, Produktionsst\u00e4tten, Landwirtschaftliche Betriebe (z. B. Bauernh\u00f6fe, Weing\u00fcter). Auch bekannt aus: TikTok, YouTube, Facebook, Spotify","email":"info@hihc.de","telephone":"+493033099930","legalName":"HIHC Horvat Real Estate GmbH","vatID":"DE 272236709"}]}},"_links":{"self":[{"href":"https:\/\/hihc.de\/en\/wp-json\/wp\/v2\/pages\/919","targetHints":{"allow":["GET"]}}],"collection":[{"href":"https:\/\/hihc.de\/en\/wp-json\/wp\/v2\/pages"}],"about":[{"href":"https:\/\/hihc.de\/en\/wp-json\/wp\/v2\/types\/page"}],"author":[{"embeddable":true,"href":"https:\/\/hihc.de\/en\/wp-json\/wp\/v2\/users\/1"}],"replies":[{"embeddable":true,"href":"https:\/\/hihc.de\/en\/wp-json\/wp\/v2\/comments?post=919"}],"version-history":[{"count":11,"href":"https:\/\/hihc.de\/en\/wp-json\/wp\/v2\/pages\/919\/revisions"}],"predecessor-version":[{"id":1114,"href":"https:\/\/hihc.de\/en\/wp-json\/wp\/v2\/pages\/919\/revisions\/1114"}],"wp:attachment":[{"href":"https:\/\/hihc.de\/en\/wp-json\/wp\/v2\/media?parent=919"}],"curies":[{"name":"wp","href":"https:\/\/api.w.org\/{rel}","templated":true}]}}