{"id":56,"date":"2015-08-03T14:07:36","date_gmt":"2015-08-03T14:07:36","guid":{"rendered":"http:\/\/new.hihc.de\/en\/?page_id=56"},"modified":"2018-05-25T15:47:43","modified_gmt":"2018-05-25T15:47:43","slug":"site-notice","status":"publish","type":"page","link":"https:\/\/hihc.de\/en\/site-notice\/","title":{"rendered":"Imprint"},"content":{"rendered":"<h1>HIHC Horvat Real Estate GmbH<\/h1>\n<p>Immobilienmakler Berlin<br \/>\nSchl\u00fcterstra\u00dfe 27<br \/>\n10629 Berlin<br \/>\nSitz der Gesellschaft: Berlin<br \/>\nAmtsgericht Charlottenburg HRB 128010 B<br \/>\nRegistergericht: Amtsgericht Berlin Charlottenburg<br \/>\nUst-IdNr. DE 272236709<br \/>\nGesetzlicher Vertreter: Hari Horvat<br \/>\nGewerbeerlaubnis gem. \u00a734c GewO wurde erteilt durch: Gewerbeamt Charlottenburg-Wilmersdorf von Berlin<br \/>\nZust\u00e4ndige Berufsaufsichtsbeh\u00f6rde: Bezirksamt Charlottenburg-Wilmersdorf von Berlin<br \/>\nGewerbeerlaubnis, \u00a7 34c GewO erteilt vom Gewerbeamt Charlottenburg-Wilmersdorf von Berlin, Hohenzollerndamm 174-177, 10713 Berlin<\/p>\n<h3>KONTAKT<\/h3>\n<p>Tel: 030 220-568-00<br \/>\nFax: 030 330-999-33<br \/>\nEmail:\u00a0info@hihc.de<br \/>\nWeb:\u00a0www.hihc.de<\/p>\n<h3>UNSERE AKTUELLEN IMMOBILIENANGEBOTE FINDEN SIE U.A. AUF:<\/h3>\n<p>Deutschlands neues Immobilienportal objektsuche24:\u00a0<a href=\"http:\/\/www.objektsuche24.de\/\" target=\"_blank\" rel=\"noopener\">www.objektsuche24.de<\/a><\/p>\n<p>Copyright \u00a9 2005-2018: S\u00e4mtliche Texte, Bilder und andere auf der Internetseite ver\u00f6ffentlichten Werke unterliegen &#8211; sofern nicht anders gekennzeichnet &#8211; dem ausschlie\u00dflichen Urheber- und Nutzungsrecht (Copyright) von HIHC HORVAT REAL ESTATE GMBH, Berlin. Jede Vervielf\u00e4ltigung, Verbreitung, Speicherung, \u00dcbermittlung, Sendung und Wieder- bzw. Weitergabe der Inhalte ist ohne schriftliche Genehmigung von HIHC HORVAT REAL ESTATE GMBH ausdr\u00fccklich untersagt. Wir stellen auf dieser Seite viele Informationen aus vielen Quellen zusammen. Fehler k\u00f6nnen dabei trotz aller Sorgfalt passieren. Wenn Sie etwas bemerken, dass Sie f\u00fcr unrichtig oder unzul\u00e4ssig halten, dann geben Sie uns bitte einen kurzen Hinweis unter info@hihc.de. Wir gehen solchen Hinweisen innerhalb von 24 Stunden nach.<\/p>\n<p>Fotos: patryk witt<\/p>\n<p>Fotolia: <b><\/b>xbrchx, EpicStockMedia, lunamarina, Ekaterina Pokrovsky, SOMATUSCANI, Photocreo Bednarek, guukaa, Tamas Zsebok, slavun, Web Buttons Inc, onlymag, connel_design, VITAMIN<\/p>\n<p><b><br \/>\nHaftungsausschluss:<\/b><\/p>\n<p>Diese Website wurde mit gr\u00f6\u00dftm\u00f6glicher Sorgfalt zusammengestellt. Trotzdem kann keine Gew\u00e4hr f\u00fcr die Fehlerfreiheit und Genauigkeit der enthaltenen Informationen \u00fcbernommen werden. Jegliche Haftung f\u00fcr Sch\u00e4den, die direkt oder indirekt aus der Benutzung dieser Website entstehen, wird ausgeschlossen, soweit diese nicht auf Vorsatz oder grober Fahrl\u00e4ssigkeit beruhen. Sofern von dieser Website auf Internetseiten verwiesen wird, die von Dritten betrieben werden, \u00fcbernimmt HIHC HORVAT REAL ESTATE GMBH keine Verantwortung f\u00fcr deren Inhalte.<br \/>\n<b><br \/>\nUnsere Datenschutzerkl\u00e4rung finden Sie <a href=\"https:\/\/hihc.de\/datenschutzerklaerung\/\">hier<\/a><\/b><\/p>\n<p><b><br \/>\nKontaktformular:<\/b><\/p>\n<p>Wenn Sie uns per Kontaktformular Anfragen zukommen lassen, werden Ihre Angaben aus dem Anfrageformular inklusive der von Ihnen dort angegebenen Kontaktdaten zwecks Bearbeitung der Anfrage und f\u00fcr den Fall von Anschlussfragen bei uns gespeichert. Diese Daten geben wir nicht ohne Ihre Einwilligung weiter.<\/p>\n<p>Quellenangabe: eRecht24<\/p>\n<p><b>Online-Plattform zur Streitbeilegung<\/b><\/p>\n<p>Makler, die ihre Leistungen und Vertr\u00e4ge \u00fcber das Internet anbieten, m\u00fcssen private Kunden auf eine europaweite Online-Plattform zur Streitbeilegung hinweisen aufgrund einer Verordnung, mit der die EU Verbraucher sch\u00fctzen will (Verodnung (EU) Nr. 524\/2013. Diese Plattform erreichen Sie \u00fcber diese Adresse:<br \/>\nhttp:\/\/ec.europa.eu<\/p>\n","protected":false},"excerpt":{"rendered":"<p>HIHC Horvat Real Estate GmbH Immobilienmakler Berlin Schl\u00fcterstra\u00dfe 27 10629 Berlin Sitz der Gesellschaft: Berlin Amtsgericht Charlottenburg HRB 128010 B Registergericht: Amtsgericht Berlin Charlottenburg Ust-IdNr. DE 272236709 Gesetzlicher Vertreter: Hari Horvat Gewerbeerlaubnis gem. \u00a734c GewO wurde erteilt durch: Gewerbeamt Charlottenburg-Wilmersdorf von Berlin Zust\u00e4ndige Berufsaufsichtsbeh\u00f6rde: Bezirksamt Charlottenburg-Wilmersdorf von Berlin Gewerbeerlaubnis, \u00a7 34c GewO erteilt vom Gewerbeamt<\/p>\n","protected":false},"author":1,"featured_media":0,"parent":0,"menu_order":0,"comment_status":"open","ping_status":"closed","template":"","meta":{"_acf_changed":false,"ngg_post_thumbnail":0,"footnotes":""},"class_list":["post-56","page","type-page","status-publish","hentry"],"acf":[],"yoast_head":"<!-- This site is optimized with the Yoast SEO Premium plugin v22.7 (Yoast SEO v27.3) - https:\/\/yoast.com\/product\/yoast-seo-premium-wordpress\/ -->\n<title>Imprint | HIHC Real Estate Berlin<\/title>\n<meta name=\"description\" content=\"Imprint | HIHC Real Estate Berlin +49 30 330 999 30\" \/>\n<meta name=\"robots\" content=\"index, follow, max-snippet:-1, max-image-preview:large, max-video-preview:-1\" \/>\n<link rel=\"canonical\" href=\"https:\/\/hihc.de\/en\/site-notice\/\" \/>\n<meta property=\"og:locale\" content=\"en_US\" \/>\n<meta property=\"og:type\" content=\"article\" \/>\n<meta property=\"og:title\" content=\"Imprint\" \/>\n<meta property=\"og:description\" content=\"Imprint | HIHC Real Estate Berlin +49 30 330 999 30\" \/>\n<meta property=\"og:url\" content=\"https:\/\/hihc.de\/en\/site-notice\/\" \/>\n<meta property=\"og:site_name\" content=\"HIHC Immobilienmakler Berlin, Deutschland und Europa\" \/>\n<meta property=\"article:publisher\" content=\"https:\/\/www.facebook.com\/derimmobilienmaklerberlin\" \/>\n<meta property=\"article:modified_time\" content=\"2018-05-25T15:47:43+00:00\" \/>\n<meta property=\"og:image\" content=\"https:\/\/hihc.de\/wp-content\/uploads\/2023\/05\/Logo-HIHC.jpg\" \/>\n\t<meta property=\"og:image:width\" content=\"640\" \/>\n\t<meta property=\"og:image:height\" content=\"400\" \/>\n\t<meta property=\"og:image:type\" content=\"image\/jpeg\" \/>\n<meta name=\"twitter:card\" content=\"summary_large_image\" \/>\n<meta name=\"twitter:site\" content=\"@immobilieninfos\" \/>\n<meta name=\"twitter:label1\" content=\"Est. reading time\" \/>\n\t<meta name=\"twitter:data1\" content=\"2 minutes\" \/>\n<script type=\"application\/ld+json\" class=\"yoast-schema-graph\">{\"@context\":\"https:\\\/\\\/schema.org\",\"@graph\":[{\"@type\":\"WebPage\",\"@id\":\"https:\\\/\\\/hihc.de\\\/en\\\/site-notice\\\/\",\"url\":\"https:\\\/\\\/hihc.de\\\/en\\\/site-notice\\\/\",\"name\":\"Imprint | HIHC Real Estate Berlin\",\"isPartOf\":{\"@id\":\"https:\\\/\\\/hihc.de\\\/en\\\/#website\"},\"datePublished\":\"2015-08-03T14:07:36+00:00\",\"dateModified\":\"2018-05-25T15:47:43+00:00\",\"description\":\"Imprint | HIHC Real Estate Berlin +49 30 330 999 30\",\"breadcrumb\":{\"@id\":\"https:\\\/\\\/hihc.de\\\/en\\\/site-notice\\\/#breadcrumb\"},\"inLanguage\":\"en-US\",\"potentialAction\":[{\"@type\":\"ReadAction\",\"target\":[\"https:\\\/\\\/hihc.de\\\/en\\\/site-notice\\\/\"]}]},{\"@type\":\"BreadcrumbList\",\"@id\":\"https:\\\/\\\/hihc.de\\\/en\\\/site-notice\\\/#breadcrumb\",\"itemListElement\":[{\"@type\":\"ListItem\",\"position\":1,\"name\":\"Startseite\",\"item\":\"https:\\\/\\\/hihc.de\\\/en\\\/\"},{\"@type\":\"ListItem\",\"position\":2,\"name\":\"Imprint\"}]},{\"@type\":\"WebSite\",\"@id\":\"https:\\\/\\\/hihc.de\\\/en\\\/#website\",\"url\":\"https:\\\/\\\/hihc.de\\\/en\\\/\",\"name\":\"HIHC Immobilienmakler Berlin, Deutschland und Europa\",\"description\":\"Just another WordPress site\",\"publisher\":{\"@id\":\"https:\\\/\\\/hihc.de\\\/en\\\/#organization\"},\"alternateName\":\"HIHC\",\"potentialAction\":[{\"@type\":\"SearchAction\",\"target\":{\"@type\":\"EntryPoint\",\"urlTemplate\":\"https:\\\/\\\/hihc.de\\\/en\\\/?s={search_term_string}\"},\"query-input\":{\"@type\":\"PropertyValueSpecification\",\"valueRequired\":true,\"valueName\":\"search_term_string\"}}],\"inLanguage\":\"en-US\"},{\"@type\":\"Organization\",\"@id\":\"https:\\\/\\\/hihc.de\\\/en\\\/#organization\",\"name\":\"HIHC Horvat Real Estate GmbH\",\"alternateName\":\"HIHC\",\"url\":\"https:\\\/\\\/hihc.de\\\/en\\\/\",\"logo\":{\"@type\":\"ImageObject\",\"inLanguage\":\"en-US\",\"@id\":\"https:\\\/\\\/hihc.de\\\/en\\\/#\\\/schema\\\/logo\\\/image\\\/\",\"url\":\"https:\\\/\\\/hihc.de\\\/wp-content\\\/uploads\\\/2023\\\/05\\\/Logo-HIHC.jpg\",\"contentUrl\":\"https:\\\/\\\/hihc.de\\\/wp-content\\\/uploads\\\/2023\\\/05\\\/Logo-HIHC.jpg\",\"width\":640,\"height\":400,\"caption\":\"HIHC Horvat Real Estate GmbH\"},\"image\":{\"@id\":\"https:\\\/\\\/hihc.de\\\/en\\\/#\\\/schema\\\/logo\\\/image\\\/\"},\"sameAs\":[\"https:\\\/\\\/www.facebook.com\\\/derimmobilienmaklerberlin\",\"https:\\\/\\\/x.com\\\/immobilieninfos\",\"https:\\\/\\\/mastodon.social\\\/@hihc\",\"https:\\\/\\\/www.youtube.com\\\/user\\\/HIHCBERLIN\",\"https:\\\/\\\/www.tiktok.com\\\/@immobilienmaklerberlin?lang=en\",\"https:\\\/\\\/open.spotify.com\\\/show\\\/4XsnJYMYOHLg2SCshmV4Uj?si=oBla_h3VT5yLPBFIRJQofQ\",\"https:\\\/\\\/www.instagram.com\\\/immobilienmaklerberlin24\\\/\"],\"description\":\"Ihr erfahrener Immobilienmakler f\u00fcr Wohn- und Gewerbeimmobilien in Berlin, Deutschland und Europa mit \u00fcber 30 Jahren Expertise! Wir vermitteln On-Market & Off-Market: Einfamilienh\u00e4user, Mehrfamilienh\u00e4user, Eigentumswohnungen, Reihenh\u00e4user, Doppelh\u00e4user, Stadth\u00e4user, Villen, Penthouses, Lofts, m\u00f6blierte & unm\u00f6blierte Apartments, Studentenwohnheime, Seniorenwohnheime, Ferienh\u00e4user, Grundst\u00fccke, Wochenendh\u00e4user, Bauernh\u00e4user, Bungalows, Tiny Houses, Schwimmende H\u00e4user (Hausboote), Schl\u00f6sser, Burgen, Kl\u00f6ster, B\u00fcrogeb\u00e4ude, Einzelhandelsfl\u00e4chen, Einkaufszentren, Gewerbehallen, Lagerhallen, Industrieparks, Gewerbeparks, Hotels, Pensionen, Motels, Restaurants, Caf\u00e9s, Bars\\\/Nachtclubs, Fitnessstudios, Arztpraxen, Kliniken, Pflegeheime, Zahnarztpraxen, Apotheken, Banken, Superm\u00e4rkte, Baum\u00e4rkte, Tankstellen, Kinos, Theater, Sporthallen\\\/Stadien, Parkh\u00e4user, Lagerfl\u00e4chen, Logistikzentren, Produktionsst\u00e4tten, Landwirtschaftliche Betriebe (z. B. Bauernh\u00f6fe, Weing\u00fcter). Auch bekannt aus: TikTok, YouTube, Facebook, Spotify\",\"email\":\"info@hihc.de\",\"telephone\":\"+493033099930\",\"legalName\":\"HIHC Horvat Real Estate GmbH\",\"vatID\":\"DE 272236709\"}]}<\/script>\n<!-- \/ Yoast SEO Premium plugin. -->","yoast_head_json":{"title":"Imprint | HIHC Real Estate Berlin","description":"Imprint | HIHC Real Estate Berlin +49 30 330 999 30","robots":{"index":"index","follow":"follow","max-snippet":"max-snippet:-1","max-image-preview":"max-image-preview:large","max-video-preview":"max-video-preview:-1"},"canonical":"https:\/\/hihc.de\/en\/site-notice\/","og_locale":"en_US","og_type":"article","og_title":"Imprint","og_description":"Imprint | HIHC Real Estate Berlin +49 30 330 999 30","og_url":"https:\/\/hihc.de\/en\/site-notice\/","og_site_name":"HIHC Immobilienmakler Berlin, Deutschland und Europa","article_publisher":"https:\/\/www.facebook.com\/derimmobilienmaklerberlin","article_modified_time":"2018-05-25T15:47:43+00:00","og_image":[{"width":640,"height":400,"url":"https:\/\/hihc.de\/wp-content\/uploads\/2023\/05\/Logo-HIHC.jpg","type":"image\/jpeg"}],"twitter_card":"summary_large_image","twitter_site":"@immobilieninfos","twitter_misc":{"Est. reading time":"2 minutes"},"schema":{"@context":"https:\/\/schema.org","@graph":[{"@type":"WebPage","@id":"https:\/\/hihc.de\/en\/site-notice\/","url":"https:\/\/hihc.de\/en\/site-notice\/","name":"Imprint | HIHC Real Estate Berlin","isPartOf":{"@id":"https:\/\/hihc.de\/en\/#website"},"datePublished":"2015-08-03T14:07:36+00:00","dateModified":"2018-05-25T15:47:43+00:00","description":"Imprint | HIHC Real Estate Berlin +49 30 330 999 30","breadcrumb":{"@id":"https:\/\/hihc.de\/en\/site-notice\/#breadcrumb"},"inLanguage":"en-US","potentialAction":[{"@type":"ReadAction","target":["https:\/\/hihc.de\/en\/site-notice\/"]}]},{"@type":"BreadcrumbList","@id":"https:\/\/hihc.de\/en\/site-notice\/#breadcrumb","itemListElement":[{"@type":"ListItem","position":1,"name":"Startseite","item":"https:\/\/hihc.de\/en\/"},{"@type":"ListItem","position":2,"name":"Imprint"}]},{"@type":"WebSite","@id":"https:\/\/hihc.de\/en\/#website","url":"https:\/\/hihc.de\/en\/","name":"HIHC Immobilienmakler Berlin, Deutschland und Europa","description":"Just another WordPress site","publisher":{"@id":"https:\/\/hihc.de\/en\/#organization"},"alternateName":"HIHC","potentialAction":[{"@type":"SearchAction","target":{"@type":"EntryPoint","urlTemplate":"https:\/\/hihc.de\/en\/?s={search_term_string}"},"query-input":{"@type":"PropertyValueSpecification","valueRequired":true,"valueName":"search_term_string"}}],"inLanguage":"en-US"},{"@type":"Organization","@id":"https:\/\/hihc.de\/en\/#organization","name":"HIHC Horvat Real Estate GmbH","alternateName":"HIHC","url":"https:\/\/hihc.de\/en\/","logo":{"@type":"ImageObject","inLanguage":"en-US","@id":"https:\/\/hihc.de\/en\/#\/schema\/logo\/image\/","url":"https:\/\/hihc.de\/wp-content\/uploads\/2023\/05\/Logo-HIHC.jpg","contentUrl":"https:\/\/hihc.de\/wp-content\/uploads\/2023\/05\/Logo-HIHC.jpg","width":640,"height":400,"caption":"HIHC Horvat Real Estate GmbH"},"image":{"@id":"https:\/\/hihc.de\/en\/#\/schema\/logo\/image\/"},"sameAs":["https:\/\/www.facebook.com\/derimmobilienmaklerberlin","https:\/\/x.com\/immobilieninfos","https:\/\/mastodon.social\/@hihc","https:\/\/www.youtube.com\/user\/HIHCBERLIN","https:\/\/www.tiktok.com\/@immobilienmaklerberlin?lang=en","https:\/\/open.spotify.com\/show\/4XsnJYMYOHLg2SCshmV4Uj?si=oBla_h3VT5yLPBFIRJQofQ","https:\/\/www.instagram.com\/immobilienmaklerberlin24\/"],"description":"Ihr erfahrener Immobilienmakler f\u00fcr Wohn- und Gewerbeimmobilien in Berlin, Deutschland und Europa mit \u00fcber 30 Jahren Expertise! Wir vermitteln On-Market & Off-Market: Einfamilienh\u00e4user, Mehrfamilienh\u00e4user, Eigentumswohnungen, Reihenh\u00e4user, Doppelh\u00e4user, Stadth\u00e4user, Villen, Penthouses, Lofts, m\u00f6blierte & unm\u00f6blierte Apartments, Studentenwohnheime, Seniorenwohnheime, Ferienh\u00e4user, Grundst\u00fccke, Wochenendh\u00e4user, Bauernh\u00e4user, Bungalows, Tiny Houses, Schwimmende H\u00e4user (Hausboote), Schl\u00f6sser, Burgen, Kl\u00f6ster, B\u00fcrogeb\u00e4ude, Einzelhandelsfl\u00e4chen, Einkaufszentren, Gewerbehallen, Lagerhallen, Industrieparks, Gewerbeparks, Hotels, Pensionen, Motels, Restaurants, Caf\u00e9s, Bars\/Nachtclubs, Fitnessstudios, Arztpraxen, Kliniken, Pflegeheime, Zahnarztpraxen, Apotheken, Banken, Superm\u00e4rkte, Baum\u00e4rkte, Tankstellen, Kinos, Theater, Sporthallen\/Stadien, Parkh\u00e4user, Lagerfl\u00e4chen, Logistikzentren, Produktionsst\u00e4tten, Landwirtschaftliche Betriebe (z. B. Bauernh\u00f6fe, Weing\u00fcter). Auch bekannt aus: TikTok, YouTube, Facebook, Spotify","email":"info@hihc.de","telephone":"+493033099930","legalName":"HIHC Horvat Real Estate GmbH","vatID":"DE 272236709"}]}},"_links":{"self":[{"href":"https:\/\/hihc.de\/en\/wp-json\/wp\/v2\/pages\/56","targetHints":{"allow":["GET"]}}],"collection":[{"href":"https:\/\/hihc.de\/en\/wp-json\/wp\/v2\/pages"}],"about":[{"href":"https:\/\/hihc.de\/en\/wp-json\/wp\/v2\/types\/page"}],"author":[{"embeddable":true,"href":"https:\/\/hihc.de\/en\/wp-json\/wp\/v2\/users\/1"}],"replies":[{"embeddable":true,"href":"https:\/\/hihc.de\/en\/wp-json\/wp\/v2\/comments?post=56"}],"version-history":[{"count":8,"href":"https:\/\/hihc.de\/en\/wp-json\/wp\/v2\/pages\/56\/revisions"}],"predecessor-version":[{"id":2230,"href":"https:\/\/hihc.de\/en\/wp-json\/wp\/v2\/pages\/56\/revisions\/2230"}],"wp:attachment":[{"href":"https:\/\/hihc.de\/en\/wp-json\/wp\/v2\/media?parent=56"}],"curies":[{"name":"wp","href":"https:\/\/api.w.org\/{rel}","templated":true}]}}