{"id":379,"date":"2015-08-16T22:03:04","date_gmt":"2015-08-16T22:03:04","guid":{"rendered":"http:\/\/new.hihc.de\/en\/?page_id=379"},"modified":"2015-09-08T09:25:15","modified_gmt":"2015-09-08T09:25:15","slug":"property-for-sale","status":"publish","type":"page","link":"https:\/\/hihc.de\/en\/property-for-sale\/","title":{"rendered":"Property for sale"},"content":{"rendered":"<h1>Property for sale in Berlin<\/h1>\n<h2>You want to sell your property? Then offer it for sale to us today!<br \/>\nWe are constantly looking for interesting objects to either extend our own portfolio or sell on to our contract partners. If you prefer a quick and smooth handling of your case, please contact us via E-Mail at info@hihc.de or by phone +49 (0)3033099930. You can explain the location of your property to us and your sale conditions. We ensure a quick feedback to your enquiry and handle your case confidentially.<\/h2>\n<p><strong>Primarily we are looking for properties in:<br \/>\n<strong>Berlin, Hamburg, Munich, Vienna, Zurich, Mallorca, Ibiza, Canary Islands, and Croatia<\/strong><\/strong><\/p>\n<p><strong>Property types:<br \/>\n<strong>Residential, commercial, hotel, and restaurants<\/strong><\/strong><\/p>\n<p>Just when you want to sell a property, you notice quickly that it isn\u2019t very easy to find a suitable buyer. However, we have a very clear structure to offer the right solution to you at the best possible time. And even if it wasn\u2019t meant to be, it\u2019ll just be that way. Nothing is worse than to sell your object at the worst possible time. But what is bad timing in this case?<\/p>\n<p><a href=\"https:\/\/hihc.de\/wp-content\/uploads\/2015\/08\/HariHorvat_0233_V3.jpg\"> <img fetchpriority=\"high\" decoding=\"async\" class=\"wp-image-AlignRight 647\" title=\"property sale Berlin\" src=\"https:\/\/hihc.de\/wp-content\/uploads\/2015\/08\/HariHorvat_0233_V3-300x170.jpg\" alt=\"property sale Berlin\" width=\"400\" height=\"227\" \/> <\/a><\/p>\n<h3>A matter of trust \u2013 Property sale in Berlin<br \/>\nTo sell a property is a matter of trust. Of course the yields are important to you, but finding a trustworthy buyer who is going to be happy with his decision in retrospect is a true treasure. Out of self-interest, you should really consider this aspect, because a successful sale can still lead to the buyer lowering the purchasing price post-purchase. That is only one of the reasons why you should carefully consider who you are selling your properties to. We strongly believe that any real estate transaction should be tackled openly. Both small and large secrets can turn around to become a serious problem for both the seller and buyer of properties. Always be open and have a positive attitude and outlook to ensure a positive outcome from the buyer\u2019s perspective. Thus, the property sale will come to a successful close.<\/h3>\n<h3>Property sale in Berlin \u2013 are you getting a good deal?!!?<br \/>\nNothing is more satisfying that getting a good deal on your real estate. Let\u2019s begin this journey together by offering your property to us. You will see that it is worthwhile in most cases \u2013 no matter the minor ailments your property might display. There is an appropriate solution for almost any situation. Let us develop this solution together \u2013 we look forward to it! The value of your property can easily be determined so you don\u2019t need to worry at all. If there are any weaknesses in or on your property, do let the respective agents know to consider this information when calculating the right price for your offer.<\/h3>\n<h3>What is the real market value of a property sale in Berlin?<\/h3>\n<p>The market price can easily be determined as well. It is possible to have a sworn expert create a complete report on your property, as it would be useful to know the approximate value of a property. As soon as you are considering selling your house, flat or any other type of property, you should make sure to find the right partner, who you can trust to help you in this process. A good partnership is extremely important to be well advised from the outset, especially when it comes to real estate sales. This can save you money and time alike, which can be of very high importance in this volatile market. Therefore, you should trust in the Know How of a god real estate agent, as it is very important for the sale of your object. A good consultancy can lead the way in this transaction. People from the city for example need to find an agent who has deep knowledge of the respective market and who can spot opportunities well. Generally, it can be said that only sales professionals can sell an object fast. The sale of real estate is a matter of trust and exceptional negotiation. The best estate agent is not the one who takes the longest for the sale process, but the one who will be able to finish the process in a fast manner to the satisfaction of all parties involved.<\/p>\n<p>Sale of real estate is a matter of trust and also a matter of negotiation. Not the real estate agent code is the best, which requires the most time for the sale, but the real estate agent who is making the real estate sale in a very spacious way and that so you can imagine how it all participants easiest.<\/p>\n<h3>House sale \u2013 property sale in Berlin<br \/>\nA house sale in Berlin is a case for real estate agents. If you sift through the websites of the individual agency in Berlin, it is noticeable that only the best agencies have the best distribution channels. Their business partners, who are directly involved in the transaction reward of selling a property, know and appreciate this aspect. Don\u2019t leave your property sale to chance, as this can turn out badly for you. You can fight this, though, by using the fastest way possible to finish your property transactions. This has a positive effect on both the seller and the buyer. Therefore, you should only consider working with the very best real estate agencies in Berlin, as they can give you expert advice and help you with all financial necessities. Not everyone can immediately estimate the true market price of their property.<\/h3>\n<h3>How is the gut feeling important when selling a property in Berlin?<br \/>\nThe gut feeling influences decisions greatly and it is important to know and consider this. Almost everywhere in Germany it is important to hire a suitable estate agent for property sales. Experience speed and precise market positioning and avoid the going to acquaintances, especially in the beginning phase. Nothing is worse than getting a wrong consideration of your property \u2013 don\u2019t let yourself get sidetracked. Also take a look at current real estate ads on the internet and compare the currently prevailing price levels. You will be amazed at the levels that are being achieved.<\/h3>\n<p><a href=\"https:\/\/hihc.de\/wp-content\/uploads\/2015\/08\/f565a95d-0d0a-47bf-bf0c-2c38ad412b4f_HIHC.jpg\"><img decoding=\"async\" class=\"wp-image-AlignRight 331 size-medium\" title=\"property sale Berlin - HIHC property\" src=\"https:\/\/hihc.de\/wp-content\/uploads\/2015\/08\/f565a95d-0d0a-47bf-bf0c-2c38ad412b4f_HIHC-300x270.jpg\" alt=\"property sale Berlin - HIHC property\" width=\"300\" height=\"270\" \/> <\/a><\/p>\n<h3>Free market price estimations \u2013 when selling properties in Berlin<br \/>\nTake advantage of the opportunity to get a free market price assessment of your property. Only you can understand the value of your property right away. Even with an inheritance real estate transaction, carried out in small family circles, problems can arise. In this case you should also seek expert advice. This is necessary to avoid your heirs to be confronted with many surprises. This will ensure a positive relationship with everyone involved and avoid surprises in due time. However, if you are only interested in the value of your property, it is still useful to consult with an agent. He will be able to determine the average market value \u2013 in a completely straightforward manner!<\/h3>\n<h4>You want to sell your property? Choose HIHC in Berlin \u2013 phone 030\/330 999 30<\/h4>\n","protected":false},"excerpt":{"rendered":"<p>Property for sale in Berlin You want to sell your property? Then offer it for sale to us today! We are constantly looking for interesting objects to either extend our own portfolio or sell on to our contract partners. If you prefer a quick and smooth handling of your case, please contact us via E-Mail<\/p>\n","protected":false},"author":1,"featured_media":0,"parent":0,"menu_order":0,"comment_status":"open","ping_status":"open","template":"","meta":{"_acf_changed":false,"ngg_post_thumbnail":0,"footnotes":""},"class_list":["post-379","page","type-page","status-publish","hentry"],"acf":[],"yoast_head":"<!-- This site is optimized with the Yoast SEO Premium plugin v22.7 (Yoast SEO v27.4) - https:\/\/yoast.com\/product\/yoast-seo-premium-wordpress\/ -->\n<title>Property for sale | House or Appartment Berlin<\/title>\n<meta name=\"description\" content=\"Property for sale Berlin. You want to sell property in Berlin, then offer us. Call us at +49 30 330 999 30 . Real Estate Agent Berlin HIHC Berlin\" \/>\n<meta name=\"robots\" content=\"index, follow, max-snippet:-1, max-image-preview:large, max-video-preview:-1\" \/>\n<link rel=\"canonical\" href=\"https:\/\/hihc.de\/en\/property-for-sale\/\" \/>\n<meta property=\"og:locale\" content=\"en_US\" \/>\n<meta property=\"og:type\" content=\"article\" \/>\n<meta property=\"og:title\" content=\"Property for sale\" \/>\n<meta property=\"og:description\" content=\"Property for sale Berlin. You want to sell property in Berlin, then offer us. Call us at +49 30 330 999 30 . Real Estate Agent Berlin HIHC Berlin\" \/>\n<meta property=\"og:url\" content=\"https:\/\/hihc.de\/en\/property-for-sale\/\" \/>\n<meta property=\"og:site_name\" content=\"HIHC Immobilienmakler Berlin, Deutschland und Europa\" \/>\n<meta property=\"article:publisher\" content=\"https:\/\/www.facebook.com\/derimmobilienmaklerberlin\" \/>\n<meta property=\"article:modified_time\" content=\"2015-09-08T09:25:15+00:00\" \/>\n<meta property=\"og:image\" content=\"https:\/\/hihc.de\/wp-content\/uploads\/2015\/08\/HariHorvat_0233_V3-300x170.jpg\" \/>\n<meta name=\"twitter:card\" content=\"summary_large_image\" \/>\n<meta name=\"twitter:site\" content=\"@immobilieninfos\" \/>\n<meta name=\"twitter:label1\" content=\"Est. reading time\" \/>\n\t<meta name=\"twitter:data1\" content=\"6 minutes\" \/>\n<script type=\"application\/ld+json\" class=\"yoast-schema-graph\">{\"@context\":\"https:\\\/\\\/schema.org\",\"@graph\":[{\"@type\":\"WebPage\",\"@id\":\"https:\\\/\\\/hihc.de\\\/en\\\/property-for-sale\\\/\",\"url\":\"https:\\\/\\\/hihc.de\\\/en\\\/property-for-sale\\\/\",\"name\":\"Property for sale | House or Appartment Berlin\",\"isPartOf\":{\"@id\":\"https:\\\/\\\/hihc.de\\\/en\\\/#website\"},\"primaryImageOfPage\":{\"@id\":\"https:\\\/\\\/hihc.de\\\/en\\\/property-for-sale\\\/#primaryimage\"},\"image\":{\"@id\":\"https:\\\/\\\/hihc.de\\\/en\\\/property-for-sale\\\/#primaryimage\"},\"thumbnailUrl\":\"https:\\\/\\\/hihc.de\\\/wp-content\\\/uploads\\\/2015\\\/08\\\/HariHorvat_0233_V3-300x170.jpg\",\"datePublished\":\"2015-08-16T22:03:04+00:00\",\"dateModified\":\"2015-09-08T09:25:15+00:00\",\"description\":\"Property for sale Berlin. You want to sell property in Berlin, then offer us. Call us at +49 30 330 999 30 . Real Estate Agent Berlin HIHC Berlin\",\"breadcrumb\":{\"@id\":\"https:\\\/\\\/hihc.de\\\/en\\\/property-for-sale\\\/#breadcrumb\"},\"inLanguage\":\"en-US\",\"potentialAction\":[{\"@type\":\"ReadAction\",\"target\":[\"https:\\\/\\\/hihc.de\\\/en\\\/property-for-sale\\\/\"]}]},{\"@type\":\"ImageObject\",\"inLanguage\":\"en-US\",\"@id\":\"https:\\\/\\\/hihc.de\\\/en\\\/property-for-sale\\\/#primaryimage\",\"url\":\"https:\\\/\\\/hihc.de\\\/wp-content\\\/uploads\\\/2015\\\/08\\\/HariHorvat_0233_V3-300x170.jpg\",\"contentUrl\":\"https:\\\/\\\/hihc.de\\\/wp-content\\\/uploads\\\/2015\\\/08\\\/HariHorvat_0233_V3-300x170.jpg\"},{\"@type\":\"BreadcrumbList\",\"@id\":\"https:\\\/\\\/hihc.de\\\/en\\\/property-for-sale\\\/#breadcrumb\",\"itemListElement\":[{\"@type\":\"ListItem\",\"position\":1,\"name\":\"Startseite\",\"item\":\"https:\\\/\\\/hihc.de\\\/en\\\/\"},{\"@type\":\"ListItem\",\"position\":2,\"name\":\"Property for sale\"}]},{\"@type\":\"WebSite\",\"@id\":\"https:\\\/\\\/hihc.de\\\/en\\\/#website\",\"url\":\"https:\\\/\\\/hihc.de\\\/en\\\/\",\"name\":\"HIHC Immobilienmakler Berlin, Deutschland und Europa\",\"description\":\"Just another WordPress site\",\"publisher\":{\"@id\":\"https:\\\/\\\/hihc.de\\\/en\\\/#organization\"},\"alternateName\":\"HIHC\",\"potentialAction\":[{\"@type\":\"SearchAction\",\"target\":{\"@type\":\"EntryPoint\",\"urlTemplate\":\"https:\\\/\\\/hihc.de\\\/en\\\/?s={search_term_string}\"},\"query-input\":{\"@type\":\"PropertyValueSpecification\",\"valueRequired\":true,\"valueName\":\"search_term_string\"}}],\"inLanguage\":\"en-US\"},{\"@type\":\"Organization\",\"@id\":\"https:\\\/\\\/hihc.de\\\/en\\\/#organization\",\"name\":\"HIHC Horvat Real Estate GmbH\",\"alternateName\":\"HIHC\",\"url\":\"https:\\\/\\\/hihc.de\\\/en\\\/\",\"logo\":{\"@type\":\"ImageObject\",\"inLanguage\":\"en-US\",\"@id\":\"https:\\\/\\\/hihc.de\\\/en\\\/#\\\/schema\\\/logo\\\/image\\\/\",\"url\":\"https:\\\/\\\/hihc.de\\\/wp-content\\\/uploads\\\/2023\\\/05\\\/Logo-HIHC.jpg\",\"contentUrl\":\"https:\\\/\\\/hihc.de\\\/wp-content\\\/uploads\\\/2023\\\/05\\\/Logo-HIHC.jpg\",\"width\":640,\"height\":400,\"caption\":\"HIHC Horvat Real Estate GmbH\"},\"image\":{\"@id\":\"https:\\\/\\\/hihc.de\\\/en\\\/#\\\/schema\\\/logo\\\/image\\\/\"},\"sameAs\":[\"https:\\\/\\\/www.facebook.com\\\/derimmobilienmaklerberlin\",\"https:\\\/\\\/x.com\\\/immobilieninfos\",\"https:\\\/\\\/mastodon.social\\\/@hihc\",\"https:\\\/\\\/www.youtube.com\\\/user\\\/HIHCBERLIN\",\"https:\\\/\\\/www.tiktok.com\\\/@immobilienmaklerberlin?lang=en\",\"https:\\\/\\\/open.spotify.com\\\/show\\\/4XsnJYMYOHLg2SCshmV4Uj?si=oBla_h3VT5yLPBFIRJQofQ\",\"https:\\\/\\\/www.instagram.com\\\/immobilienmaklerberlin24\\\/\"],\"description\":\"Ihr erfahrener Immobilienmakler f\u00fcr Wohn- und Gewerbeimmobilien in Berlin, Deutschland und Europa mit \u00fcber 30 Jahren Expertise! Wir vermitteln On-Market & Off-Market: Einfamilienh\u00e4user, Mehrfamilienh\u00e4user, Eigentumswohnungen, Reihenh\u00e4user, Doppelh\u00e4user, Stadth\u00e4user, Villen, Penthouses, Lofts, m\u00f6blierte & unm\u00f6blierte Apartments, Studentenwohnheime, Seniorenwohnheime, Ferienh\u00e4user, Grundst\u00fccke, Wochenendh\u00e4user, Bauernh\u00e4user, Bungalows, Tiny Houses, Schwimmende H\u00e4user (Hausboote), Schl\u00f6sser, Burgen, Kl\u00f6ster, B\u00fcrogeb\u00e4ude, Einzelhandelsfl\u00e4chen, Einkaufszentren, Gewerbehallen, Lagerhallen, Industrieparks, Gewerbeparks, Hotels, Pensionen, Motels, Restaurants, Caf\u00e9s, Bars\\\/Nachtclubs, Fitnessstudios, Arztpraxen, Kliniken, Pflegeheime, Zahnarztpraxen, Apotheken, Banken, Superm\u00e4rkte, Baum\u00e4rkte, Tankstellen, Kinos, Theater, Sporthallen\\\/Stadien, Parkh\u00e4user, Lagerfl\u00e4chen, Logistikzentren, Produktionsst\u00e4tten, Landwirtschaftliche Betriebe (z. B. Bauernh\u00f6fe, Weing\u00fcter). Auch bekannt aus: TikTok, YouTube, Facebook, Spotify\",\"email\":\"info@hihc.de\",\"telephone\":\"+493033099930\",\"legalName\":\"HIHC Horvat Real Estate GmbH\",\"vatID\":\"DE 272236709\"}]}<\/script>\n<!-- \/ Yoast SEO Premium plugin. -->","yoast_head_json":{"title":"Property for sale | House or Appartment Berlin","description":"Property for sale Berlin. You want to sell property in Berlin, then offer us. Call us at +49 30 330 999 30 . Real Estate Agent Berlin HIHC Berlin","robots":{"index":"index","follow":"follow","max-snippet":"max-snippet:-1","max-image-preview":"max-image-preview:large","max-video-preview":"max-video-preview:-1"},"canonical":"https:\/\/hihc.de\/en\/property-for-sale\/","og_locale":"en_US","og_type":"article","og_title":"Property for sale","og_description":"Property for sale Berlin. You want to sell property in Berlin, then offer us. Call us at +49 30 330 999 30 . Real Estate Agent Berlin HIHC Berlin","og_url":"https:\/\/hihc.de\/en\/property-for-sale\/","og_site_name":"HIHC Immobilienmakler Berlin, Deutschland und Europa","article_publisher":"https:\/\/www.facebook.com\/derimmobilienmaklerberlin","article_modified_time":"2015-09-08T09:25:15+00:00","og_image":[{"url":"https:\/\/hihc.de\/wp-content\/uploads\/2015\/08\/HariHorvat_0233_V3-300x170.jpg","type":"","width":"","height":""}],"twitter_card":"summary_large_image","twitter_site":"@immobilieninfos","twitter_misc":{"Est. reading time":"6 minutes"},"schema":{"@context":"https:\/\/schema.org","@graph":[{"@type":"WebPage","@id":"https:\/\/hihc.de\/en\/property-for-sale\/","url":"https:\/\/hihc.de\/en\/property-for-sale\/","name":"Property for sale | House or Appartment Berlin","isPartOf":{"@id":"https:\/\/hihc.de\/en\/#website"},"primaryImageOfPage":{"@id":"https:\/\/hihc.de\/en\/property-for-sale\/#primaryimage"},"image":{"@id":"https:\/\/hihc.de\/en\/property-for-sale\/#primaryimage"},"thumbnailUrl":"https:\/\/hihc.de\/wp-content\/uploads\/2015\/08\/HariHorvat_0233_V3-300x170.jpg","datePublished":"2015-08-16T22:03:04+00:00","dateModified":"2015-09-08T09:25:15+00:00","description":"Property for sale Berlin. You want to sell property in Berlin, then offer us. Call us at +49 30 330 999 30 . Real Estate Agent Berlin HIHC Berlin","breadcrumb":{"@id":"https:\/\/hihc.de\/en\/property-for-sale\/#breadcrumb"},"inLanguage":"en-US","potentialAction":[{"@type":"ReadAction","target":["https:\/\/hihc.de\/en\/property-for-sale\/"]}]},{"@type":"ImageObject","inLanguage":"en-US","@id":"https:\/\/hihc.de\/en\/property-for-sale\/#primaryimage","url":"https:\/\/hihc.de\/wp-content\/uploads\/2015\/08\/HariHorvat_0233_V3-300x170.jpg","contentUrl":"https:\/\/hihc.de\/wp-content\/uploads\/2015\/08\/HariHorvat_0233_V3-300x170.jpg"},{"@type":"BreadcrumbList","@id":"https:\/\/hihc.de\/en\/property-for-sale\/#breadcrumb","itemListElement":[{"@type":"ListItem","position":1,"name":"Startseite","item":"https:\/\/hihc.de\/en\/"},{"@type":"ListItem","position":2,"name":"Property for sale"}]},{"@type":"WebSite","@id":"https:\/\/hihc.de\/en\/#website","url":"https:\/\/hihc.de\/en\/","name":"HIHC Immobilienmakler Berlin, Deutschland und Europa","description":"Just another WordPress site","publisher":{"@id":"https:\/\/hihc.de\/en\/#organization"},"alternateName":"HIHC","potentialAction":[{"@type":"SearchAction","target":{"@type":"EntryPoint","urlTemplate":"https:\/\/hihc.de\/en\/?s={search_term_string}"},"query-input":{"@type":"PropertyValueSpecification","valueRequired":true,"valueName":"search_term_string"}}],"inLanguage":"en-US"},{"@type":"Organization","@id":"https:\/\/hihc.de\/en\/#organization","name":"HIHC Horvat Real Estate GmbH","alternateName":"HIHC","url":"https:\/\/hihc.de\/en\/","logo":{"@type":"ImageObject","inLanguage":"en-US","@id":"https:\/\/hihc.de\/en\/#\/schema\/logo\/image\/","url":"https:\/\/hihc.de\/wp-content\/uploads\/2023\/05\/Logo-HIHC.jpg","contentUrl":"https:\/\/hihc.de\/wp-content\/uploads\/2023\/05\/Logo-HIHC.jpg","width":640,"height":400,"caption":"HIHC Horvat Real Estate GmbH"},"image":{"@id":"https:\/\/hihc.de\/en\/#\/schema\/logo\/image\/"},"sameAs":["https:\/\/www.facebook.com\/derimmobilienmaklerberlin","https:\/\/x.com\/immobilieninfos","https:\/\/mastodon.social\/@hihc","https:\/\/www.youtube.com\/user\/HIHCBERLIN","https:\/\/www.tiktok.com\/@immobilienmaklerberlin?lang=en","https:\/\/open.spotify.com\/show\/4XsnJYMYOHLg2SCshmV4Uj?si=oBla_h3VT5yLPBFIRJQofQ","https:\/\/www.instagram.com\/immobilienmaklerberlin24\/"],"description":"Ihr erfahrener Immobilienmakler f\u00fcr Wohn- und Gewerbeimmobilien in Berlin, Deutschland und Europa mit \u00fcber 30 Jahren Expertise! Wir vermitteln On-Market & Off-Market: Einfamilienh\u00e4user, Mehrfamilienh\u00e4user, Eigentumswohnungen, Reihenh\u00e4user, Doppelh\u00e4user, Stadth\u00e4user, Villen, Penthouses, Lofts, m\u00f6blierte & unm\u00f6blierte Apartments, Studentenwohnheime, Seniorenwohnheime, Ferienh\u00e4user, Grundst\u00fccke, Wochenendh\u00e4user, Bauernh\u00e4user, Bungalows, Tiny Houses, Schwimmende H\u00e4user (Hausboote), Schl\u00f6sser, Burgen, Kl\u00f6ster, B\u00fcrogeb\u00e4ude, Einzelhandelsfl\u00e4chen, Einkaufszentren, Gewerbehallen, Lagerhallen, Industrieparks, Gewerbeparks, Hotels, Pensionen, Motels, Restaurants, Caf\u00e9s, Bars\/Nachtclubs, Fitnessstudios, Arztpraxen, Kliniken, Pflegeheime, Zahnarztpraxen, Apotheken, Banken, Superm\u00e4rkte, Baum\u00e4rkte, Tankstellen, Kinos, Theater, Sporthallen\/Stadien, Parkh\u00e4user, Lagerfl\u00e4chen, Logistikzentren, Produktionsst\u00e4tten, Landwirtschaftliche Betriebe (z. B. Bauernh\u00f6fe, Weing\u00fcter). Auch bekannt aus: TikTok, YouTube, Facebook, Spotify","email":"info@hihc.de","telephone":"+493033099930","legalName":"HIHC Horvat Real Estate GmbH","vatID":"DE 272236709"}]}},"_links":{"self":[{"href":"https:\/\/hihc.de\/en\/wp-json\/wp\/v2\/pages\/379","targetHints":{"allow":["GET"]}}],"collection":[{"href":"https:\/\/hihc.de\/en\/wp-json\/wp\/v2\/pages"}],"about":[{"href":"https:\/\/hihc.de\/en\/wp-json\/wp\/v2\/types\/page"}],"author":[{"embeddable":true,"href":"https:\/\/hihc.de\/en\/wp-json\/wp\/v2\/users\/1"}],"replies":[{"embeddable":true,"href":"https:\/\/hihc.de\/en\/wp-json\/wp\/v2\/comments?post=379"}],"version-history":[{"count":10,"href":"https:\/\/hihc.de\/en\/wp-json\/wp\/v2\/pages\/379\/revisions"}],"predecessor-version":[{"id":1158,"href":"https:\/\/hihc.de\/en\/wp-json\/wp\/v2\/pages\/379\/revisions\/1158"}],"wp:attachment":[{"href":"https:\/\/hihc.de\/en\/wp-json\/wp\/v2\/media?parent=379"}],"curies":[{"name":"wp","href":"https:\/\/api.w.org\/{rel}","templated":true}]}}