{"id":1146,"date":"2015-09-07T15:05:53","date_gmt":"2015-09-07T15:05:53","guid":{"rendered":"http:\/\/new.hihc.de\/en\/?page_id=1146"},"modified":"2015-09-08T09:37:28","modified_gmt":"2015-09-08T09:37:28","slug":"furnished-home","status":"publish","type":"page","link":"https:\/\/hihc.de\/en\/furnished-home\/","title":{"rendered":"furnished home"},"content":{"rendered":"<h1>Welcome to your beautifully furnished home!<\/h1>\n<p>There is nothing better than moving into a fully furnished apartment, where you don\u2019t have to worry about anything at all. More and more tenants appreciate this situation and are solely looking for furnished apartments or flats. We will support you with this, as we have a high portfolio of furnished properties. Simply tell us where, from when, and for how long you want to move into your furnished apartment. We are happy to support you and take care of all the paperwork for you.<\/p>\n<h2>Just give us a quick call and let us know what your wishes are at 030\/330 999 30<\/h2>\n<p>If you are looking for a furnished apartment, then contact us as we are experts in this field. We are happy to assist you in your search for a new home or in your search for a matching object that you can rent through our office as furnished.<\/p>\n<p>A furnished apartment has many particular advantages, no matter whether you are a tenant or the owner of such a lucrative object. <\/p>\n<p>Rental income speaks for itself and we are certain that this is important for you as well, especially if you invest a lot of money for an apartment in an interesting location. <\/p>\n<p>A furnished flat is the fastest and easiest option for most tenants to move to a new city, which is why it has been getting really positive responses. <\/p>\n<p>You can also visit the new internet portal for real estate or even advertise your house, apartment or property on Objektsuche24<\/p>\n<p>Of course we will assist you when trying to furnish your apartment and will take care of everything necessary for you to rent out your property quickly and successfully. We are specialists for furnished apartments in and around Berlin.<\/p>\n<p>Trust in our experience in this area and be advised from real experts. This is the way to reach your goals and be happy for the years to come.  <\/p>\n","protected":false},"excerpt":{"rendered":"<p>Welcome to your beautifully furnished home! There is nothing better than moving into a fully furnished apartment, where you don\u2019t have to worry about anything at all. More and more tenants appreciate this situation and are solely looking for furnished apartments or flats. We will support you with this, as we have a high portfolio<\/p>\n","protected":false},"author":1,"featured_media":0,"parent":0,"menu_order":0,"comment_status":"closed","ping_status":"closed","template":"","meta":{"_acf_changed":false,"ngg_post_thumbnail":0,"footnotes":""},"class_list":["post-1146","page","type-page","status-publish","hentry"],"acf":[],"yoast_head":"<!-- This site is optimized with the Yoast SEO Premium plugin v22.7 (Yoast SEO v27.3) - https:\/\/yoast.com\/product\/yoast-seo-premium-wordpress\/ -->\n<title>furnished home | HIHC Real Estate Berlin<\/title>\n<meta name=\"description\" content=\"furnished home, HIHC Real Estate Berlin, We are fast so call us +49 30 330 999 30\" \/>\n<meta name=\"robots\" content=\"index, follow, max-snippet:-1, max-image-preview:large, max-video-preview:-1\" \/>\n<link rel=\"canonical\" href=\"https:\/\/hihc.de\/en\/furnished-home\/\" \/>\n<meta property=\"og:locale\" content=\"en_US\" \/>\n<meta property=\"og:type\" content=\"article\" \/>\n<meta property=\"og:title\" content=\"furnished home\" \/>\n<meta property=\"og:description\" content=\"furnished home, HIHC Real Estate Berlin, We are fast so call us +49 30 330 999 30\" \/>\n<meta property=\"og:url\" content=\"https:\/\/hihc.de\/en\/furnished-home\/\" \/>\n<meta property=\"og:site_name\" content=\"HIHC Immobilienmakler Berlin, Deutschland und Europa\" \/>\n<meta property=\"article:publisher\" content=\"https:\/\/www.facebook.com\/derimmobilienmaklerberlin\" \/>\n<meta property=\"article:modified_time\" content=\"2015-09-08T09:37:28+00:00\" \/>\n<meta property=\"og:image\" content=\"https:\/\/hihc.de\/wp-content\/uploads\/2023\/05\/Logo-HIHC.jpg\" \/>\n\t<meta property=\"og:image:width\" content=\"640\" \/>\n\t<meta property=\"og:image:height\" content=\"400\" \/>\n\t<meta property=\"og:image:type\" content=\"image\/jpeg\" \/>\n<meta name=\"twitter:card\" content=\"summary_large_image\" \/>\n<meta name=\"twitter:site\" content=\"@immobilieninfos\" \/>\n<meta name=\"twitter:label1\" content=\"Est. reading time\" \/>\n\t<meta name=\"twitter:data1\" content=\"2 minutes\" \/>\n<script type=\"application\/ld+json\" class=\"yoast-schema-graph\">{\"@context\":\"https:\\\/\\\/schema.org\",\"@graph\":[{\"@type\":\"WebPage\",\"@id\":\"https:\\\/\\\/hihc.de\\\/en\\\/furnished-home\\\/\",\"url\":\"https:\\\/\\\/hihc.de\\\/en\\\/furnished-home\\\/\",\"name\":\"furnished home | HIHC Real Estate Berlin\",\"isPartOf\":{\"@id\":\"https:\\\/\\\/hihc.de\\\/en\\\/#website\"},\"datePublished\":\"2015-09-07T15:05:53+00:00\",\"dateModified\":\"2015-09-08T09:37:28+00:00\",\"description\":\"furnished home, HIHC Real Estate Berlin, We are fast so call us +49 30 330 999 30\",\"breadcrumb\":{\"@id\":\"https:\\\/\\\/hihc.de\\\/en\\\/furnished-home\\\/#breadcrumb\"},\"inLanguage\":\"en-US\",\"potentialAction\":[{\"@type\":\"ReadAction\",\"target\":[\"https:\\\/\\\/hihc.de\\\/en\\\/furnished-home\\\/\"]}]},{\"@type\":\"BreadcrumbList\",\"@id\":\"https:\\\/\\\/hihc.de\\\/en\\\/furnished-home\\\/#breadcrumb\",\"itemListElement\":[{\"@type\":\"ListItem\",\"position\":1,\"name\":\"Startseite\",\"item\":\"https:\\\/\\\/hihc.de\\\/en\\\/\"},{\"@type\":\"ListItem\",\"position\":2,\"name\":\"furnished home\"}]},{\"@type\":\"WebSite\",\"@id\":\"https:\\\/\\\/hihc.de\\\/en\\\/#website\",\"url\":\"https:\\\/\\\/hihc.de\\\/en\\\/\",\"name\":\"HIHC Immobilienmakler Berlin, Deutschland und Europa\",\"description\":\"Just another WordPress site\",\"publisher\":{\"@id\":\"https:\\\/\\\/hihc.de\\\/en\\\/#organization\"},\"alternateName\":\"HIHC\",\"potentialAction\":[{\"@type\":\"SearchAction\",\"target\":{\"@type\":\"EntryPoint\",\"urlTemplate\":\"https:\\\/\\\/hihc.de\\\/en\\\/?s={search_term_string}\"},\"query-input\":{\"@type\":\"PropertyValueSpecification\",\"valueRequired\":true,\"valueName\":\"search_term_string\"}}],\"inLanguage\":\"en-US\"},{\"@type\":\"Organization\",\"@id\":\"https:\\\/\\\/hihc.de\\\/en\\\/#organization\",\"name\":\"HIHC Horvat Real Estate GmbH\",\"alternateName\":\"HIHC\",\"url\":\"https:\\\/\\\/hihc.de\\\/en\\\/\",\"logo\":{\"@type\":\"ImageObject\",\"inLanguage\":\"en-US\",\"@id\":\"https:\\\/\\\/hihc.de\\\/en\\\/#\\\/schema\\\/logo\\\/image\\\/\",\"url\":\"https:\\\/\\\/hihc.de\\\/wp-content\\\/uploads\\\/2023\\\/05\\\/Logo-HIHC.jpg\",\"contentUrl\":\"https:\\\/\\\/hihc.de\\\/wp-content\\\/uploads\\\/2023\\\/05\\\/Logo-HIHC.jpg\",\"width\":640,\"height\":400,\"caption\":\"HIHC Horvat Real Estate GmbH\"},\"image\":{\"@id\":\"https:\\\/\\\/hihc.de\\\/en\\\/#\\\/schema\\\/logo\\\/image\\\/\"},\"sameAs\":[\"https:\\\/\\\/www.facebook.com\\\/derimmobilienmaklerberlin\",\"https:\\\/\\\/x.com\\\/immobilieninfos\",\"https:\\\/\\\/mastodon.social\\\/@hihc\",\"https:\\\/\\\/www.youtube.com\\\/user\\\/HIHCBERLIN\",\"https:\\\/\\\/www.tiktok.com\\\/@immobilienmaklerberlin?lang=en\",\"https:\\\/\\\/open.spotify.com\\\/show\\\/4XsnJYMYOHLg2SCshmV4Uj?si=oBla_h3VT5yLPBFIRJQofQ\",\"https:\\\/\\\/www.instagram.com\\\/immobilienmaklerberlin24\\\/\"],\"description\":\"Ihr erfahrener Immobilienmakler f\u00fcr Wohn- und Gewerbeimmobilien in Berlin, Deutschland und Europa mit \u00fcber 30 Jahren Expertise! Wir vermitteln On-Market & Off-Market: Einfamilienh\u00e4user, Mehrfamilienh\u00e4user, Eigentumswohnungen, Reihenh\u00e4user, Doppelh\u00e4user, Stadth\u00e4user, Villen, Penthouses, Lofts, m\u00f6blierte & unm\u00f6blierte Apartments, Studentenwohnheime, Seniorenwohnheime, Ferienh\u00e4user, Grundst\u00fccke, Wochenendh\u00e4user, Bauernh\u00e4user, Bungalows, Tiny Houses, Schwimmende H\u00e4user (Hausboote), Schl\u00f6sser, Burgen, Kl\u00f6ster, B\u00fcrogeb\u00e4ude, Einzelhandelsfl\u00e4chen, Einkaufszentren, Gewerbehallen, Lagerhallen, Industrieparks, Gewerbeparks, Hotels, Pensionen, Motels, Restaurants, Caf\u00e9s, Bars\\\/Nachtclubs, Fitnessstudios, Arztpraxen, Kliniken, Pflegeheime, Zahnarztpraxen, Apotheken, Banken, Superm\u00e4rkte, Baum\u00e4rkte, Tankstellen, Kinos, Theater, Sporthallen\\\/Stadien, Parkh\u00e4user, Lagerfl\u00e4chen, Logistikzentren, Produktionsst\u00e4tten, Landwirtschaftliche Betriebe (z. B. Bauernh\u00f6fe, Weing\u00fcter). Auch bekannt aus: TikTok, YouTube, Facebook, Spotify\",\"email\":\"info@hihc.de\",\"telephone\":\"+493033099930\",\"legalName\":\"HIHC Horvat Real Estate GmbH\",\"vatID\":\"DE 272236709\"}]}<\/script>\n<!-- \/ Yoast SEO Premium plugin. -->","yoast_head_json":{"title":"furnished home | HIHC Real Estate Berlin","description":"furnished home, HIHC Real Estate Berlin, We are fast so call us +49 30 330 999 30","robots":{"index":"index","follow":"follow","max-snippet":"max-snippet:-1","max-image-preview":"max-image-preview:large","max-video-preview":"max-video-preview:-1"},"canonical":"https:\/\/hihc.de\/en\/furnished-home\/","og_locale":"en_US","og_type":"article","og_title":"furnished home","og_description":"furnished home, HIHC Real Estate Berlin, We are fast so call us +49 30 330 999 30","og_url":"https:\/\/hihc.de\/en\/furnished-home\/","og_site_name":"HIHC Immobilienmakler Berlin, Deutschland und Europa","article_publisher":"https:\/\/www.facebook.com\/derimmobilienmaklerberlin","article_modified_time":"2015-09-08T09:37:28+00:00","og_image":[{"width":640,"height":400,"url":"https:\/\/hihc.de\/wp-content\/uploads\/2023\/05\/Logo-HIHC.jpg","type":"image\/jpeg"}],"twitter_card":"summary_large_image","twitter_site":"@immobilieninfos","twitter_misc":{"Est. reading time":"2 minutes"},"schema":{"@context":"https:\/\/schema.org","@graph":[{"@type":"WebPage","@id":"https:\/\/hihc.de\/en\/furnished-home\/","url":"https:\/\/hihc.de\/en\/furnished-home\/","name":"furnished home | HIHC Real Estate Berlin","isPartOf":{"@id":"https:\/\/hihc.de\/en\/#website"},"datePublished":"2015-09-07T15:05:53+00:00","dateModified":"2015-09-08T09:37:28+00:00","description":"furnished home, HIHC Real Estate Berlin, We are fast so call us +49 30 330 999 30","breadcrumb":{"@id":"https:\/\/hihc.de\/en\/furnished-home\/#breadcrumb"},"inLanguage":"en-US","potentialAction":[{"@type":"ReadAction","target":["https:\/\/hihc.de\/en\/furnished-home\/"]}]},{"@type":"BreadcrumbList","@id":"https:\/\/hihc.de\/en\/furnished-home\/#breadcrumb","itemListElement":[{"@type":"ListItem","position":1,"name":"Startseite","item":"https:\/\/hihc.de\/en\/"},{"@type":"ListItem","position":2,"name":"furnished home"}]},{"@type":"WebSite","@id":"https:\/\/hihc.de\/en\/#website","url":"https:\/\/hihc.de\/en\/","name":"HIHC Immobilienmakler Berlin, Deutschland und Europa","description":"Just another WordPress site","publisher":{"@id":"https:\/\/hihc.de\/en\/#organization"},"alternateName":"HIHC","potentialAction":[{"@type":"SearchAction","target":{"@type":"EntryPoint","urlTemplate":"https:\/\/hihc.de\/en\/?s={search_term_string}"},"query-input":{"@type":"PropertyValueSpecification","valueRequired":true,"valueName":"search_term_string"}}],"inLanguage":"en-US"},{"@type":"Organization","@id":"https:\/\/hihc.de\/en\/#organization","name":"HIHC Horvat Real Estate GmbH","alternateName":"HIHC","url":"https:\/\/hihc.de\/en\/","logo":{"@type":"ImageObject","inLanguage":"en-US","@id":"https:\/\/hihc.de\/en\/#\/schema\/logo\/image\/","url":"https:\/\/hihc.de\/wp-content\/uploads\/2023\/05\/Logo-HIHC.jpg","contentUrl":"https:\/\/hihc.de\/wp-content\/uploads\/2023\/05\/Logo-HIHC.jpg","width":640,"height":400,"caption":"HIHC Horvat Real Estate GmbH"},"image":{"@id":"https:\/\/hihc.de\/en\/#\/schema\/logo\/image\/"},"sameAs":["https:\/\/www.facebook.com\/derimmobilienmaklerberlin","https:\/\/x.com\/immobilieninfos","https:\/\/mastodon.social\/@hihc","https:\/\/www.youtube.com\/user\/HIHCBERLIN","https:\/\/www.tiktok.com\/@immobilienmaklerberlin?lang=en","https:\/\/open.spotify.com\/show\/4XsnJYMYOHLg2SCshmV4Uj?si=oBla_h3VT5yLPBFIRJQofQ","https:\/\/www.instagram.com\/immobilienmaklerberlin24\/"],"description":"Ihr erfahrener Immobilienmakler f\u00fcr Wohn- und Gewerbeimmobilien in Berlin, Deutschland und Europa mit \u00fcber 30 Jahren Expertise! Wir vermitteln On-Market & Off-Market: Einfamilienh\u00e4user, Mehrfamilienh\u00e4user, Eigentumswohnungen, Reihenh\u00e4user, Doppelh\u00e4user, Stadth\u00e4user, Villen, Penthouses, Lofts, m\u00f6blierte & unm\u00f6blierte Apartments, Studentenwohnheime, Seniorenwohnheime, Ferienh\u00e4user, Grundst\u00fccke, Wochenendh\u00e4user, Bauernh\u00e4user, Bungalows, Tiny Houses, Schwimmende H\u00e4user (Hausboote), Schl\u00f6sser, Burgen, Kl\u00f6ster, B\u00fcrogeb\u00e4ude, Einzelhandelsfl\u00e4chen, Einkaufszentren, Gewerbehallen, Lagerhallen, Industrieparks, Gewerbeparks, Hotels, Pensionen, Motels, Restaurants, Caf\u00e9s, Bars\/Nachtclubs, Fitnessstudios, Arztpraxen, Kliniken, Pflegeheime, Zahnarztpraxen, Apotheken, Banken, Superm\u00e4rkte, Baum\u00e4rkte, Tankstellen, Kinos, Theater, Sporthallen\/Stadien, Parkh\u00e4user, Lagerfl\u00e4chen, Logistikzentren, Produktionsst\u00e4tten, Landwirtschaftliche Betriebe (z. B. Bauernh\u00f6fe, Weing\u00fcter). Auch bekannt aus: TikTok, YouTube, Facebook, Spotify","email":"info@hihc.de","telephone":"+493033099930","legalName":"HIHC Horvat Real Estate GmbH","vatID":"DE 272236709"}]}},"_links":{"self":[{"href":"https:\/\/hihc.de\/en\/wp-json\/wp\/v2\/pages\/1146","targetHints":{"allow":["GET"]}}],"collection":[{"href":"https:\/\/hihc.de\/en\/wp-json\/wp\/v2\/pages"}],"about":[{"href":"https:\/\/hihc.de\/en\/wp-json\/wp\/v2\/types\/page"}],"author":[{"embeddable":true,"href":"https:\/\/hihc.de\/en\/wp-json\/wp\/v2\/users\/1"}],"replies":[{"embeddable":true,"href":"https:\/\/hihc.de\/en\/wp-json\/wp\/v2\/comments?post=1146"}],"version-history":[{"count":2,"href":"https:\/\/hihc.de\/en\/wp-json\/wp\/v2\/pages\/1146\/revisions"}],"predecessor-version":[{"id":1165,"href":"https:\/\/hihc.de\/en\/wp-json\/wp\/v2\/pages\/1146\/revisions\/1165"}],"wp:attachment":[{"href":"https:\/\/hihc.de\/en\/wp-json\/wp\/v2\/media?parent=1146"}],"curies":[{"name":"wp","href":"https:\/\/api.w.org\/{rel}","templated":true}]}}