{"id":1139,"date":"2015-09-07T15:01:28","date_gmt":"2015-09-07T15:01:28","guid":{"rendered":"http:\/\/new.hihc.de\/en\/?page_id=1139"},"modified":"2015-09-08T12:11:29","modified_gmt":"2015-09-08T12:11:29","slug":"real-estate-vienna","status":"publish","type":"page","link":"https:\/\/hihc.de\/en\/real-estate-vienna\/","title":{"rendered":"Real Estate Vienna"},"content":{"rendered":"<h1>\u201eInvest in the past and the future will bring you high returns\u201c \u2013 Welcome to Vienna<\/h1>\n<p>The real estate connoisseurs will love this place. Vienna is an internationally recognized investment city. This is where real estate investors from all over the world meet and appreciate the location types and the handling of tax models. <\/p>\n<p>Of course Vienna isn\u2019t a tax haven, but it is the most charming investment location in Europe. Rents will not slow down any time soon, as they are in a good balance between supply and demand. <\/p>\n<p>This is where you can make investments in real estate and avoid others dictating your rent level one day. Just talk to an expert on the Viennese property market. A real estate agent in Vienna should have the best experiences and we can assist you in the planning and execution of your real estate transactions in Vienna. <\/p>\n<h3>Come talk to us today and call us at +49 (0) 30 330 999 30. We look forward to seeing you, HIHC Real Estate Agents Vienna<\/h3>\n<p>Vienna is a very beautiful city with a rare amount of culture in one place. Enjoy the streets of Vienna and be part of the special charm of the city.<\/p>\n<h2>Buy real estate in Vienna and be even more joyful.<\/h2>\n<p>We are happy to assist you with this process and will share all our experiences with you. <\/p>\n<p>As real estate agents in Vienna we are honored to find the right property for you.<\/p>\n<p>This is because you have requirements which need to be accommodated with the right object in Vienna. Do not look for a real estate agent for long. Trust in your instincts and chose the best real estate agent in Vienna. This is the only way in which you can confidently go into buying or selling property. We will assist you every step of the way and won\u2019t let you down. For more than 25 years we have gained the best possible experiences in this area and would be happy to assists you.<\/p>\n<h3>Talk to us today and we will develop the appropriate strategy for you!<\/p>\n<p>Visit the new German property portal Objektsuche24<\/h3>\n","protected":false},"excerpt":{"rendered":"<p>\u201eInvest in the past and the future will bring you high returns\u201c \u2013 Welcome to Vienna The real estate connoisseurs will love this place. Vienna is an internationally recognized investment city. This is where real estate investors from all over the world meet and appreciate the location types and the handling of tax models. Of<\/p>\n","protected":false},"author":1,"featured_media":0,"parent":0,"menu_order":0,"comment_status":"closed","ping_status":"closed","template":"temp-immobilien.php","meta":{"_acf_changed":false,"ngg_post_thumbnail":0,"footnotes":""},"class_list":["post-1139","page","type-page","status-publish","hentry"],"acf":[],"yoast_head":"<!-- This site is optimized with the Yoast SEO Premium plugin v22.7 (Yoast SEO v27.4) - https:\/\/yoast.com\/product\/yoast-seo-premium-wordpress\/ -->\n<title>Real Estate Vienna | HIHC Real Estate Berlin<\/title>\n<meta name=\"description\" content=\"Real Estate Vienna, HIHC Real Estate GmbH Berlin. We are fast so call us +49 30 330 999 30\" \/>\n<meta name=\"robots\" content=\"index, follow, max-snippet:-1, max-image-preview:large, max-video-preview:-1\" \/>\n<link rel=\"canonical\" href=\"https:\/\/hihc.de\/en\/real-estate-vienna\/\" \/>\n<meta property=\"og:locale\" content=\"en_US\" \/>\n<meta property=\"og:type\" content=\"article\" \/>\n<meta property=\"og:title\" content=\"Real Estate Vienna\" \/>\n<meta property=\"og:description\" content=\"Real Estate Vienna, HIHC Real Estate GmbH Berlin. We are fast so call us +49 30 330 999 30\" \/>\n<meta property=\"og:url\" content=\"https:\/\/hihc.de\/en\/real-estate-vienna\/\" \/>\n<meta property=\"og:site_name\" content=\"HIHC Immobilienmakler Berlin, Deutschland und Europa\" \/>\n<meta property=\"article:publisher\" content=\"https:\/\/www.facebook.com\/derimmobilienmaklerberlin\" \/>\n<meta property=\"article:modified_time\" content=\"2015-09-08T12:11:29+00:00\" \/>\n<meta property=\"og:image\" content=\"https:\/\/hihc.de\/wp-content\/uploads\/2023\/05\/Logo-HIHC.jpg\" \/>\n\t<meta property=\"og:image:width\" content=\"640\" \/>\n\t<meta property=\"og:image:height\" content=\"400\" \/>\n\t<meta property=\"og:image:type\" content=\"image\/jpeg\" \/>\n<meta name=\"twitter:card\" content=\"summary_large_image\" \/>\n<meta name=\"twitter:site\" content=\"@immobilieninfos\" \/>\n<meta name=\"twitter:label1\" content=\"Est. reading time\" \/>\n\t<meta name=\"twitter:data1\" content=\"2 minutes\" \/>\n<script type=\"application\/ld+json\" class=\"yoast-schema-graph\">{\"@context\":\"https:\\\/\\\/schema.org\",\"@graph\":[{\"@type\":\"WebPage\",\"@id\":\"https:\\\/\\\/hihc.de\\\/en\\\/real-estate-vienna\\\/\",\"url\":\"https:\\\/\\\/hihc.de\\\/en\\\/real-estate-vienna\\\/\",\"name\":\"Real Estate Vienna | HIHC Real Estate Berlin\",\"isPartOf\":{\"@id\":\"https:\\\/\\\/hihc.de\\\/en\\\/#website\"},\"datePublished\":\"2015-09-07T15:01:28+00:00\",\"dateModified\":\"2015-09-08T12:11:29+00:00\",\"description\":\"Real Estate Vienna, HIHC Real Estate GmbH Berlin. We are fast so call us +49 30 330 999 30\",\"breadcrumb\":{\"@id\":\"https:\\\/\\\/hihc.de\\\/en\\\/real-estate-vienna\\\/#breadcrumb\"},\"inLanguage\":\"en-US\",\"potentialAction\":[{\"@type\":\"ReadAction\",\"target\":[\"https:\\\/\\\/hihc.de\\\/en\\\/real-estate-vienna\\\/\"]}]},{\"@type\":\"BreadcrumbList\",\"@id\":\"https:\\\/\\\/hihc.de\\\/en\\\/real-estate-vienna\\\/#breadcrumb\",\"itemListElement\":[{\"@type\":\"ListItem\",\"position\":1,\"name\":\"Startseite\",\"item\":\"https:\\\/\\\/hihc.de\\\/en\\\/\"},{\"@type\":\"ListItem\",\"position\":2,\"name\":\"Real Estate Vienna\"}]},{\"@type\":\"WebSite\",\"@id\":\"https:\\\/\\\/hihc.de\\\/en\\\/#website\",\"url\":\"https:\\\/\\\/hihc.de\\\/en\\\/\",\"name\":\"HIHC Immobilienmakler Berlin, Deutschland und Europa\",\"description\":\"Just another WordPress site\",\"publisher\":{\"@id\":\"https:\\\/\\\/hihc.de\\\/en\\\/#organization\"},\"alternateName\":\"HIHC\",\"potentialAction\":[{\"@type\":\"SearchAction\",\"target\":{\"@type\":\"EntryPoint\",\"urlTemplate\":\"https:\\\/\\\/hihc.de\\\/en\\\/?s={search_term_string}\"},\"query-input\":{\"@type\":\"PropertyValueSpecification\",\"valueRequired\":true,\"valueName\":\"search_term_string\"}}],\"inLanguage\":\"en-US\"},{\"@type\":\"Organization\",\"@id\":\"https:\\\/\\\/hihc.de\\\/en\\\/#organization\",\"name\":\"HIHC Horvat Real Estate GmbH\",\"alternateName\":\"HIHC\",\"url\":\"https:\\\/\\\/hihc.de\\\/en\\\/\",\"logo\":{\"@type\":\"ImageObject\",\"inLanguage\":\"en-US\",\"@id\":\"https:\\\/\\\/hihc.de\\\/en\\\/#\\\/schema\\\/logo\\\/image\\\/\",\"url\":\"https:\\\/\\\/hihc.de\\\/wp-content\\\/uploads\\\/2023\\\/05\\\/Logo-HIHC.jpg\",\"contentUrl\":\"https:\\\/\\\/hihc.de\\\/wp-content\\\/uploads\\\/2023\\\/05\\\/Logo-HIHC.jpg\",\"width\":640,\"height\":400,\"caption\":\"HIHC Horvat Real Estate GmbH\"},\"image\":{\"@id\":\"https:\\\/\\\/hihc.de\\\/en\\\/#\\\/schema\\\/logo\\\/image\\\/\"},\"sameAs\":[\"https:\\\/\\\/www.facebook.com\\\/derimmobilienmaklerberlin\",\"https:\\\/\\\/x.com\\\/immobilieninfos\",\"https:\\\/\\\/mastodon.social\\\/@hihc\",\"https:\\\/\\\/www.youtube.com\\\/user\\\/HIHCBERLIN\",\"https:\\\/\\\/www.tiktok.com\\\/@immobilienmaklerberlin?lang=en\",\"https:\\\/\\\/open.spotify.com\\\/show\\\/4XsnJYMYOHLg2SCshmV4Uj?si=oBla_h3VT5yLPBFIRJQofQ\",\"https:\\\/\\\/www.instagram.com\\\/immobilienmaklerberlin24\\\/\"],\"description\":\"Ihr erfahrener Immobilienmakler f\u00fcr Wohn- und Gewerbeimmobilien in Berlin, Deutschland und Europa mit \u00fcber 30 Jahren Expertise! Wir vermitteln On-Market & Off-Market: Einfamilienh\u00e4user, Mehrfamilienh\u00e4user, Eigentumswohnungen, Reihenh\u00e4user, Doppelh\u00e4user, Stadth\u00e4user, Villen, Penthouses, Lofts, m\u00f6blierte & unm\u00f6blierte Apartments, Studentenwohnheime, Seniorenwohnheime, Ferienh\u00e4user, Grundst\u00fccke, Wochenendh\u00e4user, Bauernh\u00e4user, Bungalows, Tiny Houses, Schwimmende H\u00e4user (Hausboote), Schl\u00f6sser, Burgen, Kl\u00f6ster, B\u00fcrogeb\u00e4ude, Einzelhandelsfl\u00e4chen, Einkaufszentren, Gewerbehallen, Lagerhallen, Industrieparks, Gewerbeparks, Hotels, Pensionen, Motels, Restaurants, Caf\u00e9s, Bars\\\/Nachtclubs, Fitnessstudios, Arztpraxen, Kliniken, Pflegeheime, Zahnarztpraxen, Apotheken, Banken, Superm\u00e4rkte, Baum\u00e4rkte, Tankstellen, Kinos, Theater, Sporthallen\\\/Stadien, Parkh\u00e4user, Lagerfl\u00e4chen, Logistikzentren, Produktionsst\u00e4tten, Landwirtschaftliche Betriebe (z. B. Bauernh\u00f6fe, Weing\u00fcter). Auch bekannt aus: TikTok, YouTube, Facebook, Spotify\",\"email\":\"info@hihc.de\",\"telephone\":\"+493033099930\",\"legalName\":\"HIHC Horvat Real Estate GmbH\",\"vatID\":\"DE 272236709\"}]}<\/script>\n<!-- \/ Yoast SEO Premium plugin. -->","yoast_head_json":{"title":"Real Estate Vienna | HIHC Real Estate Berlin","description":"Real Estate Vienna, HIHC Real Estate GmbH Berlin. We are fast so call us +49 30 330 999 30","robots":{"index":"index","follow":"follow","max-snippet":"max-snippet:-1","max-image-preview":"max-image-preview:large","max-video-preview":"max-video-preview:-1"},"canonical":"https:\/\/hihc.de\/en\/real-estate-vienna\/","og_locale":"en_US","og_type":"article","og_title":"Real Estate Vienna","og_description":"Real Estate Vienna, HIHC Real Estate GmbH Berlin. We are fast so call us +49 30 330 999 30","og_url":"https:\/\/hihc.de\/en\/real-estate-vienna\/","og_site_name":"HIHC Immobilienmakler Berlin, Deutschland und Europa","article_publisher":"https:\/\/www.facebook.com\/derimmobilienmaklerberlin","article_modified_time":"2015-09-08T12:11:29+00:00","og_image":[{"width":640,"height":400,"url":"https:\/\/hihc.de\/wp-content\/uploads\/2023\/05\/Logo-HIHC.jpg","type":"image\/jpeg"}],"twitter_card":"summary_large_image","twitter_site":"@immobilieninfos","twitter_misc":{"Est. reading time":"2 minutes"},"schema":{"@context":"https:\/\/schema.org","@graph":[{"@type":"WebPage","@id":"https:\/\/hihc.de\/en\/real-estate-vienna\/","url":"https:\/\/hihc.de\/en\/real-estate-vienna\/","name":"Real Estate Vienna | HIHC Real Estate Berlin","isPartOf":{"@id":"https:\/\/hihc.de\/en\/#website"},"datePublished":"2015-09-07T15:01:28+00:00","dateModified":"2015-09-08T12:11:29+00:00","description":"Real Estate Vienna, HIHC Real Estate GmbH Berlin. We are fast so call us +49 30 330 999 30","breadcrumb":{"@id":"https:\/\/hihc.de\/en\/real-estate-vienna\/#breadcrumb"},"inLanguage":"en-US","potentialAction":[{"@type":"ReadAction","target":["https:\/\/hihc.de\/en\/real-estate-vienna\/"]}]},{"@type":"BreadcrumbList","@id":"https:\/\/hihc.de\/en\/real-estate-vienna\/#breadcrumb","itemListElement":[{"@type":"ListItem","position":1,"name":"Startseite","item":"https:\/\/hihc.de\/en\/"},{"@type":"ListItem","position":2,"name":"Real Estate Vienna"}]},{"@type":"WebSite","@id":"https:\/\/hihc.de\/en\/#website","url":"https:\/\/hihc.de\/en\/","name":"HIHC Immobilienmakler Berlin, Deutschland und Europa","description":"Just another WordPress site","publisher":{"@id":"https:\/\/hihc.de\/en\/#organization"},"alternateName":"HIHC","potentialAction":[{"@type":"SearchAction","target":{"@type":"EntryPoint","urlTemplate":"https:\/\/hihc.de\/en\/?s={search_term_string}"},"query-input":{"@type":"PropertyValueSpecification","valueRequired":true,"valueName":"search_term_string"}}],"inLanguage":"en-US"},{"@type":"Organization","@id":"https:\/\/hihc.de\/en\/#organization","name":"HIHC Horvat Real Estate GmbH","alternateName":"HIHC","url":"https:\/\/hihc.de\/en\/","logo":{"@type":"ImageObject","inLanguage":"en-US","@id":"https:\/\/hihc.de\/en\/#\/schema\/logo\/image\/","url":"https:\/\/hihc.de\/wp-content\/uploads\/2023\/05\/Logo-HIHC.jpg","contentUrl":"https:\/\/hihc.de\/wp-content\/uploads\/2023\/05\/Logo-HIHC.jpg","width":640,"height":400,"caption":"HIHC Horvat Real Estate GmbH"},"image":{"@id":"https:\/\/hihc.de\/en\/#\/schema\/logo\/image\/"},"sameAs":["https:\/\/www.facebook.com\/derimmobilienmaklerberlin","https:\/\/x.com\/immobilieninfos","https:\/\/mastodon.social\/@hihc","https:\/\/www.youtube.com\/user\/HIHCBERLIN","https:\/\/www.tiktok.com\/@immobilienmaklerberlin?lang=en","https:\/\/open.spotify.com\/show\/4XsnJYMYOHLg2SCshmV4Uj?si=oBla_h3VT5yLPBFIRJQofQ","https:\/\/www.instagram.com\/immobilienmaklerberlin24\/"],"description":"Ihr erfahrener Immobilienmakler f\u00fcr Wohn- und Gewerbeimmobilien in Berlin, Deutschland und Europa mit \u00fcber 30 Jahren Expertise! Wir vermitteln On-Market & Off-Market: Einfamilienh\u00e4user, Mehrfamilienh\u00e4user, Eigentumswohnungen, Reihenh\u00e4user, Doppelh\u00e4user, Stadth\u00e4user, Villen, Penthouses, Lofts, m\u00f6blierte & unm\u00f6blierte Apartments, Studentenwohnheime, Seniorenwohnheime, Ferienh\u00e4user, Grundst\u00fccke, Wochenendh\u00e4user, Bauernh\u00e4user, Bungalows, Tiny Houses, Schwimmende H\u00e4user (Hausboote), Schl\u00f6sser, Burgen, Kl\u00f6ster, B\u00fcrogeb\u00e4ude, Einzelhandelsfl\u00e4chen, Einkaufszentren, Gewerbehallen, Lagerhallen, Industrieparks, Gewerbeparks, Hotels, Pensionen, Motels, Restaurants, Caf\u00e9s, Bars\/Nachtclubs, Fitnessstudios, Arztpraxen, Kliniken, Pflegeheime, Zahnarztpraxen, Apotheken, Banken, Superm\u00e4rkte, Baum\u00e4rkte, Tankstellen, Kinos, Theater, Sporthallen\/Stadien, Parkh\u00e4user, Lagerfl\u00e4chen, Logistikzentren, Produktionsst\u00e4tten, Landwirtschaftliche Betriebe (z. B. Bauernh\u00f6fe, Weing\u00fcter). Auch bekannt aus: TikTok, YouTube, Facebook, Spotify","email":"info@hihc.de","telephone":"+493033099930","legalName":"HIHC Horvat Real Estate GmbH","vatID":"DE 272236709"}]}},"_links":{"self":[{"href":"https:\/\/hihc.de\/en\/wp-json\/wp\/v2\/pages\/1139","targetHints":{"allow":["GET"]}}],"collection":[{"href":"https:\/\/hihc.de\/en\/wp-json\/wp\/v2\/pages"}],"about":[{"href":"https:\/\/hihc.de\/en\/wp-json\/wp\/v2\/types\/page"}],"author":[{"embeddable":true,"href":"https:\/\/hihc.de\/en\/wp-json\/wp\/v2\/users\/1"}],"replies":[{"embeddable":true,"href":"https:\/\/hihc.de\/en\/wp-json\/wp\/v2\/comments?post=1139"}],"version-history":[{"count":3,"href":"https:\/\/hihc.de\/en\/wp-json\/wp\/v2\/pages\/1139\/revisions"}],"predecessor-version":[{"id":1181,"href":"https:\/\/hihc.de\/en\/wp-json\/wp\/v2\/pages\/1139\/revisions\/1181"}],"wp:attachment":[{"href":"https:\/\/hihc.de\/en\/wp-json\/wp\/v2\/media?parent=1139"}],"curies":[{"name":"wp","href":"https:\/\/api.w.org\/{rel}","templated":true}]}}