{"id":1133,"date":"2015-09-07T14:55:31","date_gmt":"2015-09-07T14:55:31","guid":{"rendered":"http:\/\/new.hihc.de\/en\/?page_id=1133"},"modified":"2015-09-08T12:02:26","modified_gmt":"2015-09-08T12:02:26","slug":"real-estate-croatia","status":"publish","type":"page","link":"https:\/\/hihc.de\/en\/real-estate-croatia\/","title":{"rendered":"Real Estate Croatia"},"content":{"rendered":"<h1>Invest in a widely undiscovered paradise in Europe!<\/h1>\n<p>Croatia is a country with almost 1000 islands. It is a country filled with surprises and a very special favorite of many water sports enthusiasts. <\/p>\n<p>Through its entry into the European Union a lot of new investment opportunities are gradually opening up. It is really important to consider here that not everything is as organized here as in other locations, as Croatia is still developing. It still applies that you can only invest in Croatia with a strong partner by your side to avoid surprises. <\/p>\n<p>Our management is highly valued in Croatia and has learned almost perfect Croatian to be able to support you with your investments in Croatia. <\/p>\n<p>Newspaper articles Hari Horvat in Croatia\u2019s largest daily newspaper Vecernji List<br \/>\nWe are specialists when it comes to your property purchase in the following locations in Croatia:<\/p>\n<p><strong>Main land:<\/strong><br \/>\nReal Estate Agents Zagreb<br \/>\nReal Estate Agents Split<br \/>\nReal Estate Agents Trogir<br \/>\nReal Estate Agents Dubrovnik<br \/>\nReal Estate Agents Sibenik<br \/>\nReal Estate Agents Vodice<br \/>\nReal Estate Agents Zadar<br \/>\nReal Estate Agents Pula<br \/>\nReal Estate Agents Opatija<br \/>\nReal Estate Agents Crikvenica<\/p>\n<p><strong>Islands:<\/strong><br \/>\nReal Estate Agents Krk<br \/>\nReal Estate Agents Rab<br \/>\nReal Estate Agents Hvar<br \/>\nReal Estate Agents Brac<br \/>\nReal Estate Agents Solta<br \/>\nReal Estate Agents Ciovo<br \/>\nReal Estate Agents Kornat<br \/>\nReal Estate Agents Murter<br \/>\nReal Estate Agents Zirje<br \/>\nReal Estate Agents Zlarin<br \/>\nReal Estate Agents Korcula<\/p>\n<h3>Just contact us as your Real Estate Agent Croatia at +49 (0) 30 330 999 30 HIHC Real Estate Croatia<\/h3>\n","protected":false},"excerpt":{"rendered":"<p>Invest in a widely undiscovered paradise in Europe! Croatia is a country with almost 1000 islands. It is a country filled with surprises and a very special favorite of many water sports enthusiasts. Through its entry into the European Union a lot of new investment opportunities are gradually opening up. It is really important to<\/p>\n","protected":false},"author":1,"featured_media":0,"parent":0,"menu_order":0,"comment_status":"closed","ping_status":"closed","template":"temp-immobilien.php","meta":{"_acf_changed":false,"ngg_post_thumbnail":0,"footnotes":""},"class_list":["post-1133","page","type-page","status-publish","hentry"],"acf":[],"yoast_head":"<!-- This site is optimized with the Yoast SEO Premium plugin v22.7 (Yoast SEO v27.3) - https:\/\/yoast.com\/product\/yoast-seo-premium-wordpress\/ -->\n<title>Real Estate Croatia | HIHC Real Estate Berlin<\/title>\n<meta name=\"description\" content=\"Real Estate Croatia, HIHC Real Estate GmbH Berlin. We are fast so call us +49 30 330 999 30\" \/>\n<meta name=\"robots\" content=\"index, follow, max-snippet:-1, max-image-preview:large, max-video-preview:-1\" \/>\n<link rel=\"canonical\" href=\"https:\/\/hihc.de\/en\/real-estate-croatia\/\" \/>\n<meta property=\"og:locale\" content=\"en_US\" \/>\n<meta property=\"og:type\" content=\"article\" \/>\n<meta property=\"og:title\" content=\"Real Estate Croatia\" \/>\n<meta property=\"og:description\" content=\"Real Estate Croatia, HIHC Real Estate GmbH Berlin. We are fast so call us +49 30 330 999 30\" \/>\n<meta property=\"og:url\" content=\"https:\/\/hihc.de\/en\/real-estate-croatia\/\" \/>\n<meta property=\"og:site_name\" content=\"HIHC Immobilienmakler Berlin, Deutschland und Europa\" \/>\n<meta property=\"article:publisher\" content=\"https:\/\/www.facebook.com\/derimmobilienmaklerberlin\" \/>\n<meta property=\"article:modified_time\" content=\"2015-09-08T12:02:26+00:00\" \/>\n<meta property=\"og:image\" content=\"https:\/\/hihc.de\/wp-content\/uploads\/2023\/05\/Logo-HIHC.jpg\" \/>\n\t<meta property=\"og:image:width\" content=\"640\" \/>\n\t<meta property=\"og:image:height\" content=\"400\" \/>\n\t<meta property=\"og:image:type\" content=\"image\/jpeg\" \/>\n<meta name=\"twitter:card\" content=\"summary_large_image\" \/>\n<meta name=\"twitter:site\" content=\"@immobilieninfos\" \/>\n<meta name=\"twitter:label1\" content=\"Est. reading time\" \/>\n\t<meta name=\"twitter:data1\" content=\"1 minute\" \/>\n<script type=\"application\/ld+json\" class=\"yoast-schema-graph\">{\"@context\":\"https:\\\/\\\/schema.org\",\"@graph\":[{\"@type\":\"WebPage\",\"@id\":\"https:\\\/\\\/hihc.de\\\/en\\\/real-estate-croatia\\\/\",\"url\":\"https:\\\/\\\/hihc.de\\\/en\\\/real-estate-croatia\\\/\",\"name\":\"Real Estate Croatia | HIHC Real Estate Berlin\",\"isPartOf\":{\"@id\":\"https:\\\/\\\/hihc.de\\\/en\\\/#website\"},\"datePublished\":\"2015-09-07T14:55:31+00:00\",\"dateModified\":\"2015-09-08T12:02:26+00:00\",\"description\":\"Real Estate Croatia, HIHC Real Estate GmbH Berlin. We are fast so call us +49 30 330 999 30\",\"breadcrumb\":{\"@id\":\"https:\\\/\\\/hihc.de\\\/en\\\/real-estate-croatia\\\/#breadcrumb\"},\"inLanguage\":\"en-US\",\"potentialAction\":[{\"@type\":\"ReadAction\",\"target\":[\"https:\\\/\\\/hihc.de\\\/en\\\/real-estate-croatia\\\/\"]}]},{\"@type\":\"BreadcrumbList\",\"@id\":\"https:\\\/\\\/hihc.de\\\/en\\\/real-estate-croatia\\\/#breadcrumb\",\"itemListElement\":[{\"@type\":\"ListItem\",\"position\":1,\"name\":\"Startseite\",\"item\":\"https:\\\/\\\/hihc.de\\\/en\\\/\"},{\"@type\":\"ListItem\",\"position\":2,\"name\":\"Real Estate Croatia\"}]},{\"@type\":\"WebSite\",\"@id\":\"https:\\\/\\\/hihc.de\\\/en\\\/#website\",\"url\":\"https:\\\/\\\/hihc.de\\\/en\\\/\",\"name\":\"HIHC Immobilienmakler Berlin, Deutschland und Europa\",\"description\":\"Just another WordPress site\",\"publisher\":{\"@id\":\"https:\\\/\\\/hihc.de\\\/en\\\/#organization\"},\"alternateName\":\"HIHC\",\"potentialAction\":[{\"@type\":\"SearchAction\",\"target\":{\"@type\":\"EntryPoint\",\"urlTemplate\":\"https:\\\/\\\/hihc.de\\\/en\\\/?s={search_term_string}\"},\"query-input\":{\"@type\":\"PropertyValueSpecification\",\"valueRequired\":true,\"valueName\":\"search_term_string\"}}],\"inLanguage\":\"en-US\"},{\"@type\":\"Organization\",\"@id\":\"https:\\\/\\\/hihc.de\\\/en\\\/#organization\",\"name\":\"HIHC Horvat Real Estate GmbH\",\"alternateName\":\"HIHC\",\"url\":\"https:\\\/\\\/hihc.de\\\/en\\\/\",\"logo\":{\"@type\":\"ImageObject\",\"inLanguage\":\"en-US\",\"@id\":\"https:\\\/\\\/hihc.de\\\/en\\\/#\\\/schema\\\/logo\\\/image\\\/\",\"url\":\"https:\\\/\\\/hihc.de\\\/wp-content\\\/uploads\\\/2023\\\/05\\\/Logo-HIHC.jpg\",\"contentUrl\":\"https:\\\/\\\/hihc.de\\\/wp-content\\\/uploads\\\/2023\\\/05\\\/Logo-HIHC.jpg\",\"width\":640,\"height\":400,\"caption\":\"HIHC Horvat Real Estate GmbH\"},\"image\":{\"@id\":\"https:\\\/\\\/hihc.de\\\/en\\\/#\\\/schema\\\/logo\\\/image\\\/\"},\"sameAs\":[\"https:\\\/\\\/www.facebook.com\\\/derimmobilienmaklerberlin\",\"https:\\\/\\\/x.com\\\/immobilieninfos\",\"https:\\\/\\\/mastodon.social\\\/@hihc\",\"https:\\\/\\\/www.youtube.com\\\/user\\\/HIHCBERLIN\",\"https:\\\/\\\/www.tiktok.com\\\/@immobilienmaklerberlin?lang=en\",\"https:\\\/\\\/open.spotify.com\\\/show\\\/4XsnJYMYOHLg2SCshmV4Uj?si=oBla_h3VT5yLPBFIRJQofQ\",\"https:\\\/\\\/www.instagram.com\\\/immobilienmaklerberlin24\\\/\"],\"description\":\"Ihr erfahrener Immobilienmakler f\u00fcr Wohn- und Gewerbeimmobilien in Berlin, Deutschland und Europa mit \u00fcber 30 Jahren Expertise! Wir vermitteln On-Market & Off-Market: Einfamilienh\u00e4user, Mehrfamilienh\u00e4user, Eigentumswohnungen, Reihenh\u00e4user, Doppelh\u00e4user, Stadth\u00e4user, Villen, Penthouses, Lofts, m\u00f6blierte & unm\u00f6blierte Apartments, Studentenwohnheime, Seniorenwohnheime, Ferienh\u00e4user, Grundst\u00fccke, Wochenendh\u00e4user, Bauernh\u00e4user, Bungalows, Tiny Houses, Schwimmende H\u00e4user (Hausboote), Schl\u00f6sser, Burgen, Kl\u00f6ster, B\u00fcrogeb\u00e4ude, Einzelhandelsfl\u00e4chen, Einkaufszentren, Gewerbehallen, Lagerhallen, Industrieparks, Gewerbeparks, Hotels, Pensionen, Motels, Restaurants, Caf\u00e9s, Bars\\\/Nachtclubs, Fitnessstudios, Arztpraxen, Kliniken, Pflegeheime, Zahnarztpraxen, Apotheken, Banken, Superm\u00e4rkte, Baum\u00e4rkte, Tankstellen, Kinos, Theater, Sporthallen\\\/Stadien, Parkh\u00e4user, Lagerfl\u00e4chen, Logistikzentren, Produktionsst\u00e4tten, Landwirtschaftliche Betriebe (z. B. Bauernh\u00f6fe, Weing\u00fcter). Auch bekannt aus: TikTok, YouTube, Facebook, Spotify\",\"email\":\"info@hihc.de\",\"telephone\":\"+493033099930\",\"legalName\":\"HIHC Horvat Real Estate GmbH\",\"vatID\":\"DE 272236709\"}]}<\/script>\n<!-- \/ Yoast SEO Premium plugin. -->","yoast_head_json":{"title":"Real Estate Croatia | HIHC Real Estate Berlin","description":"Real Estate Croatia, HIHC Real Estate GmbH Berlin. We are fast so call us +49 30 330 999 30","robots":{"index":"index","follow":"follow","max-snippet":"max-snippet:-1","max-image-preview":"max-image-preview:large","max-video-preview":"max-video-preview:-1"},"canonical":"https:\/\/hihc.de\/en\/real-estate-croatia\/","og_locale":"en_US","og_type":"article","og_title":"Real Estate Croatia","og_description":"Real Estate Croatia, HIHC Real Estate GmbH Berlin. We are fast so call us +49 30 330 999 30","og_url":"https:\/\/hihc.de\/en\/real-estate-croatia\/","og_site_name":"HIHC Immobilienmakler Berlin, Deutschland und Europa","article_publisher":"https:\/\/www.facebook.com\/derimmobilienmaklerberlin","article_modified_time":"2015-09-08T12:02:26+00:00","og_image":[{"width":640,"height":400,"url":"https:\/\/hihc.de\/wp-content\/uploads\/2023\/05\/Logo-HIHC.jpg","type":"image\/jpeg"}],"twitter_card":"summary_large_image","twitter_site":"@immobilieninfos","twitter_misc":{"Est. reading time":"1 minute"},"schema":{"@context":"https:\/\/schema.org","@graph":[{"@type":"WebPage","@id":"https:\/\/hihc.de\/en\/real-estate-croatia\/","url":"https:\/\/hihc.de\/en\/real-estate-croatia\/","name":"Real Estate Croatia | HIHC Real Estate Berlin","isPartOf":{"@id":"https:\/\/hihc.de\/en\/#website"},"datePublished":"2015-09-07T14:55:31+00:00","dateModified":"2015-09-08T12:02:26+00:00","description":"Real Estate Croatia, HIHC Real Estate GmbH Berlin. We are fast so call us +49 30 330 999 30","breadcrumb":{"@id":"https:\/\/hihc.de\/en\/real-estate-croatia\/#breadcrumb"},"inLanguage":"en-US","potentialAction":[{"@type":"ReadAction","target":["https:\/\/hihc.de\/en\/real-estate-croatia\/"]}]},{"@type":"BreadcrumbList","@id":"https:\/\/hihc.de\/en\/real-estate-croatia\/#breadcrumb","itemListElement":[{"@type":"ListItem","position":1,"name":"Startseite","item":"https:\/\/hihc.de\/en\/"},{"@type":"ListItem","position":2,"name":"Real Estate Croatia"}]},{"@type":"WebSite","@id":"https:\/\/hihc.de\/en\/#website","url":"https:\/\/hihc.de\/en\/","name":"HIHC Immobilienmakler Berlin, Deutschland und Europa","description":"Just another WordPress site","publisher":{"@id":"https:\/\/hihc.de\/en\/#organization"},"alternateName":"HIHC","potentialAction":[{"@type":"SearchAction","target":{"@type":"EntryPoint","urlTemplate":"https:\/\/hihc.de\/en\/?s={search_term_string}"},"query-input":{"@type":"PropertyValueSpecification","valueRequired":true,"valueName":"search_term_string"}}],"inLanguage":"en-US"},{"@type":"Organization","@id":"https:\/\/hihc.de\/en\/#organization","name":"HIHC Horvat Real Estate GmbH","alternateName":"HIHC","url":"https:\/\/hihc.de\/en\/","logo":{"@type":"ImageObject","inLanguage":"en-US","@id":"https:\/\/hihc.de\/en\/#\/schema\/logo\/image\/","url":"https:\/\/hihc.de\/wp-content\/uploads\/2023\/05\/Logo-HIHC.jpg","contentUrl":"https:\/\/hihc.de\/wp-content\/uploads\/2023\/05\/Logo-HIHC.jpg","width":640,"height":400,"caption":"HIHC Horvat Real Estate GmbH"},"image":{"@id":"https:\/\/hihc.de\/en\/#\/schema\/logo\/image\/"},"sameAs":["https:\/\/www.facebook.com\/derimmobilienmaklerberlin","https:\/\/x.com\/immobilieninfos","https:\/\/mastodon.social\/@hihc","https:\/\/www.youtube.com\/user\/HIHCBERLIN","https:\/\/www.tiktok.com\/@immobilienmaklerberlin?lang=en","https:\/\/open.spotify.com\/show\/4XsnJYMYOHLg2SCshmV4Uj?si=oBla_h3VT5yLPBFIRJQofQ","https:\/\/www.instagram.com\/immobilienmaklerberlin24\/"],"description":"Ihr erfahrener Immobilienmakler f\u00fcr Wohn- und Gewerbeimmobilien in Berlin, Deutschland und Europa mit \u00fcber 30 Jahren Expertise! Wir vermitteln On-Market & Off-Market: Einfamilienh\u00e4user, Mehrfamilienh\u00e4user, Eigentumswohnungen, Reihenh\u00e4user, Doppelh\u00e4user, Stadth\u00e4user, Villen, Penthouses, Lofts, m\u00f6blierte & unm\u00f6blierte Apartments, Studentenwohnheime, Seniorenwohnheime, Ferienh\u00e4user, Grundst\u00fccke, Wochenendh\u00e4user, Bauernh\u00e4user, Bungalows, Tiny Houses, Schwimmende H\u00e4user (Hausboote), Schl\u00f6sser, Burgen, Kl\u00f6ster, B\u00fcrogeb\u00e4ude, Einzelhandelsfl\u00e4chen, Einkaufszentren, Gewerbehallen, Lagerhallen, Industrieparks, Gewerbeparks, Hotels, Pensionen, Motels, Restaurants, Caf\u00e9s, Bars\/Nachtclubs, Fitnessstudios, Arztpraxen, Kliniken, Pflegeheime, Zahnarztpraxen, Apotheken, Banken, Superm\u00e4rkte, Baum\u00e4rkte, Tankstellen, Kinos, Theater, Sporthallen\/Stadien, Parkh\u00e4user, Lagerfl\u00e4chen, Logistikzentren, Produktionsst\u00e4tten, Landwirtschaftliche Betriebe (z. B. Bauernh\u00f6fe, Weing\u00fcter). Auch bekannt aus: TikTok, YouTube, Facebook, Spotify","email":"info@hihc.de","telephone":"+493033099930","legalName":"HIHC Horvat Real Estate GmbH","vatID":"DE 272236709"}]}},"_links":{"self":[{"href":"https:\/\/hihc.de\/en\/wp-json\/wp\/v2\/pages\/1133","targetHints":{"allow":["GET"]}}],"collection":[{"href":"https:\/\/hihc.de\/en\/wp-json\/wp\/v2\/pages"}],"about":[{"href":"https:\/\/hihc.de\/en\/wp-json\/wp\/v2\/types\/page"}],"author":[{"embeddable":true,"href":"https:\/\/hihc.de\/en\/wp-json\/wp\/v2\/users\/1"}],"replies":[{"embeddable":true,"href":"https:\/\/hihc.de\/en\/wp-json\/wp\/v2\/comments?post=1133"}],"version-history":[{"count":3,"href":"https:\/\/hihc.de\/en\/wp-json\/wp\/v2\/pages\/1133\/revisions"}],"predecessor-version":[{"id":1174,"href":"https:\/\/hihc.de\/en\/wp-json\/wp\/v2\/pages\/1133\/revisions\/1174"}],"wp:attachment":[{"href":"https:\/\/hihc.de\/en\/wp-json\/wp\/v2\/media?parent=1133"}],"curies":[{"name":"wp","href":"https:\/\/api.w.org\/{rel}","templated":true}]}}