{"id":1129,"date":"2015-09-07T14:52:50","date_gmt":"2015-09-07T14:52:50","guid":{"rendered":"http:\/\/new.hihc.de\/en\/?page_id=1129"},"modified":"2015-09-08T12:08:42","modified_gmt":"2015-09-08T12:08:42","slug":"real-estate-mallorca","status":"publish","type":"page","link":"https:\/\/hihc.de\/en\/real-estate-mallorca\/","title":{"rendered":"Real Estate Mallorca"},"content":{"rendered":"<h1>Real Estate Mallorca \u2013 A little more sun never hurt nobody!<\/h1>\n<p>Mallorca is an island that has a lot to offer. It has also become a very lucrative real estate investment location. The prices for real estate on this island slumped downright years ago. Former real estate investors let themselves be fooled into making larger investments and realized only too late that their investment wasn\u2019t anywhere close to the real value of properties. That is a huge risk in the investment business. <\/p>\n<p>But not it is worth noting that after a price collapse, market entry can be very tempting. This is where we are moving around right now, as cheap prices make investments easier. The European investment model also seems to be bearing fruits. Investors from other countries have also started to cautiously invest in real estate and spend more money. <\/p>\n<h2>We will support you in this process and look out for you so you don\u2019t get sunburnt!<\/h2>\n<h3>Real Estate Mallorca \u2013 Talk to us, HIHC Real Estate Agents Mallorca +49 (0) 30 330 999 30<\/h3>\n<p>No other island is as popular as Mallorca, which is visited by millions of tourists from all over the world every year \u2013 real estate Mallorca. This is not without a reason. Geographically, Mallorca is a tolerable flight time away from all European countries. <\/p>\n<p>This has the advantage that a lot of real estate buyers use this chance to buy their own property on this island which they can visit regularly in a relative short traveling distance. <\/p>\n<h2>Real Estate Mallorca \u2013 there are countless real estate agents\u2026<\/h2>\n<p>We strongly advise you to find one of the best real estate agents for this beautiful island. Only a successful real estate agent in Mallorca can offer you the benefits that others couldn\u2019t. This is extremely valuable for you.<\/p>\n<p>Visit the new German property portal with exceptional real estate offers and good prices. Visit Objektsuche24<\/p>\n","protected":false},"excerpt":{"rendered":"<p>Real Estate Mallorca \u2013 A little more sun never hurt nobody! Mallorca is an island that has a lot to offer. It has also become a very lucrative real estate investment location. The prices for real estate on this island slumped downright years ago. Former real estate investors let themselves be fooled into making larger<\/p>\n","protected":false},"author":1,"featured_media":0,"parent":0,"menu_order":0,"comment_status":"closed","ping_status":"closed","template":"temp-immobilien.php","meta":{"_acf_changed":false,"ngg_post_thumbnail":0,"footnotes":""},"class_list":["post-1129","page","type-page","status-publish","hentry"],"acf":[],"yoast_head":"<!-- This site is optimized with the Yoast SEO Premium plugin v22.7 (Yoast SEO v27.3) - https:\/\/yoast.com\/product\/yoast-seo-premium-wordpress\/ -->\n<title>Real Estate Mallorca | HIHC Real Estate Berlin<\/title>\n<meta name=\"description\" content=\"Real Estate Mallorca, HIHC Real Estate GmbH Berlin. We are fast so call us +49 30 330 999 30\" \/>\n<meta name=\"robots\" content=\"index, follow, max-snippet:-1, max-image-preview:large, max-video-preview:-1\" \/>\n<link rel=\"canonical\" href=\"https:\/\/hihc.de\/en\/real-estate-mallorca\/\" \/>\n<meta property=\"og:locale\" content=\"en_US\" \/>\n<meta property=\"og:type\" content=\"article\" \/>\n<meta property=\"og:title\" content=\"Real Estate Mallorca\" \/>\n<meta property=\"og:description\" content=\"Real Estate Mallorca, HIHC Real Estate GmbH Berlin. We are fast so call us +49 30 330 999 30\" \/>\n<meta property=\"og:url\" content=\"https:\/\/hihc.de\/en\/real-estate-mallorca\/\" \/>\n<meta property=\"og:site_name\" content=\"HIHC Immobilienmakler Berlin, Deutschland und Europa\" \/>\n<meta property=\"article:publisher\" content=\"https:\/\/www.facebook.com\/derimmobilienmaklerberlin\" \/>\n<meta property=\"article:modified_time\" content=\"2015-09-08T12:08:42+00:00\" \/>\n<meta property=\"og:image\" content=\"https:\/\/hihc.de\/wp-content\/uploads\/2023\/05\/Logo-HIHC.jpg\" \/>\n\t<meta property=\"og:image:width\" content=\"640\" \/>\n\t<meta property=\"og:image:height\" content=\"400\" \/>\n\t<meta property=\"og:image:type\" content=\"image\/jpeg\" \/>\n<meta name=\"twitter:card\" content=\"summary_large_image\" \/>\n<meta name=\"twitter:site\" content=\"@immobilieninfos\" \/>\n<meta name=\"twitter:label1\" content=\"Est. reading time\" \/>\n\t<meta name=\"twitter:data1\" content=\"2 minutes\" \/>\n<script type=\"application\/ld+json\" class=\"yoast-schema-graph\">{\"@context\":\"https:\\\/\\\/schema.org\",\"@graph\":[{\"@type\":\"WebPage\",\"@id\":\"https:\\\/\\\/hihc.de\\\/en\\\/real-estate-mallorca\\\/\",\"url\":\"https:\\\/\\\/hihc.de\\\/en\\\/real-estate-mallorca\\\/\",\"name\":\"Real Estate Mallorca | HIHC Real Estate Berlin\",\"isPartOf\":{\"@id\":\"https:\\\/\\\/hihc.de\\\/en\\\/#website\"},\"datePublished\":\"2015-09-07T14:52:50+00:00\",\"dateModified\":\"2015-09-08T12:08:42+00:00\",\"description\":\"Real Estate Mallorca, HIHC Real Estate GmbH Berlin. We are fast so call us +49 30 330 999 30\",\"breadcrumb\":{\"@id\":\"https:\\\/\\\/hihc.de\\\/en\\\/real-estate-mallorca\\\/#breadcrumb\"},\"inLanguage\":\"en-US\",\"potentialAction\":[{\"@type\":\"ReadAction\",\"target\":[\"https:\\\/\\\/hihc.de\\\/en\\\/real-estate-mallorca\\\/\"]}]},{\"@type\":\"BreadcrumbList\",\"@id\":\"https:\\\/\\\/hihc.de\\\/en\\\/real-estate-mallorca\\\/#breadcrumb\",\"itemListElement\":[{\"@type\":\"ListItem\",\"position\":1,\"name\":\"Startseite\",\"item\":\"https:\\\/\\\/hihc.de\\\/en\\\/\"},{\"@type\":\"ListItem\",\"position\":2,\"name\":\"Real Estate Mallorca\"}]},{\"@type\":\"WebSite\",\"@id\":\"https:\\\/\\\/hihc.de\\\/en\\\/#website\",\"url\":\"https:\\\/\\\/hihc.de\\\/en\\\/\",\"name\":\"HIHC Immobilienmakler Berlin, Deutschland und Europa\",\"description\":\"Just another WordPress site\",\"publisher\":{\"@id\":\"https:\\\/\\\/hihc.de\\\/en\\\/#organization\"},\"alternateName\":\"HIHC\",\"potentialAction\":[{\"@type\":\"SearchAction\",\"target\":{\"@type\":\"EntryPoint\",\"urlTemplate\":\"https:\\\/\\\/hihc.de\\\/en\\\/?s={search_term_string}\"},\"query-input\":{\"@type\":\"PropertyValueSpecification\",\"valueRequired\":true,\"valueName\":\"search_term_string\"}}],\"inLanguage\":\"en-US\"},{\"@type\":\"Organization\",\"@id\":\"https:\\\/\\\/hihc.de\\\/en\\\/#organization\",\"name\":\"HIHC Horvat Real Estate GmbH\",\"alternateName\":\"HIHC\",\"url\":\"https:\\\/\\\/hihc.de\\\/en\\\/\",\"logo\":{\"@type\":\"ImageObject\",\"inLanguage\":\"en-US\",\"@id\":\"https:\\\/\\\/hihc.de\\\/en\\\/#\\\/schema\\\/logo\\\/image\\\/\",\"url\":\"https:\\\/\\\/hihc.de\\\/wp-content\\\/uploads\\\/2023\\\/05\\\/Logo-HIHC.jpg\",\"contentUrl\":\"https:\\\/\\\/hihc.de\\\/wp-content\\\/uploads\\\/2023\\\/05\\\/Logo-HIHC.jpg\",\"width\":640,\"height\":400,\"caption\":\"HIHC Horvat Real Estate GmbH\"},\"image\":{\"@id\":\"https:\\\/\\\/hihc.de\\\/en\\\/#\\\/schema\\\/logo\\\/image\\\/\"},\"sameAs\":[\"https:\\\/\\\/www.facebook.com\\\/derimmobilienmaklerberlin\",\"https:\\\/\\\/x.com\\\/immobilieninfos\",\"https:\\\/\\\/mastodon.social\\\/@hihc\",\"https:\\\/\\\/www.youtube.com\\\/user\\\/HIHCBERLIN\",\"https:\\\/\\\/www.tiktok.com\\\/@immobilienmaklerberlin?lang=en\",\"https:\\\/\\\/open.spotify.com\\\/show\\\/4XsnJYMYOHLg2SCshmV4Uj?si=oBla_h3VT5yLPBFIRJQofQ\",\"https:\\\/\\\/www.instagram.com\\\/immobilienmaklerberlin24\\\/\"],\"description\":\"Ihr erfahrener Immobilienmakler f\u00fcr Wohn- und Gewerbeimmobilien in Berlin, Deutschland und Europa mit \u00fcber 30 Jahren Expertise! Wir vermitteln On-Market & Off-Market: Einfamilienh\u00e4user, Mehrfamilienh\u00e4user, Eigentumswohnungen, Reihenh\u00e4user, Doppelh\u00e4user, Stadth\u00e4user, Villen, Penthouses, Lofts, m\u00f6blierte & unm\u00f6blierte Apartments, Studentenwohnheime, Seniorenwohnheime, Ferienh\u00e4user, Grundst\u00fccke, Wochenendh\u00e4user, Bauernh\u00e4user, Bungalows, Tiny Houses, Schwimmende H\u00e4user (Hausboote), Schl\u00f6sser, Burgen, Kl\u00f6ster, B\u00fcrogeb\u00e4ude, Einzelhandelsfl\u00e4chen, Einkaufszentren, Gewerbehallen, Lagerhallen, Industrieparks, Gewerbeparks, Hotels, Pensionen, Motels, Restaurants, Caf\u00e9s, Bars\\\/Nachtclubs, Fitnessstudios, Arztpraxen, Kliniken, Pflegeheime, Zahnarztpraxen, Apotheken, Banken, Superm\u00e4rkte, Baum\u00e4rkte, Tankstellen, Kinos, Theater, Sporthallen\\\/Stadien, Parkh\u00e4user, Lagerfl\u00e4chen, Logistikzentren, Produktionsst\u00e4tten, Landwirtschaftliche Betriebe (z. B. Bauernh\u00f6fe, Weing\u00fcter). Auch bekannt aus: TikTok, YouTube, Facebook, Spotify\",\"email\":\"info@hihc.de\",\"telephone\":\"+493033099930\",\"legalName\":\"HIHC Horvat Real Estate GmbH\",\"vatID\":\"DE 272236709\"}]}<\/script>\n<!-- \/ Yoast SEO Premium plugin. -->","yoast_head_json":{"title":"Real Estate Mallorca | HIHC Real Estate Berlin","description":"Real Estate Mallorca, HIHC Real Estate GmbH Berlin. We are fast so call us +49 30 330 999 30","robots":{"index":"index","follow":"follow","max-snippet":"max-snippet:-1","max-image-preview":"max-image-preview:large","max-video-preview":"max-video-preview:-1"},"canonical":"https:\/\/hihc.de\/en\/real-estate-mallorca\/","og_locale":"en_US","og_type":"article","og_title":"Real Estate Mallorca","og_description":"Real Estate Mallorca, HIHC Real Estate GmbH Berlin. We are fast so call us +49 30 330 999 30","og_url":"https:\/\/hihc.de\/en\/real-estate-mallorca\/","og_site_name":"HIHC Immobilienmakler Berlin, Deutschland und Europa","article_publisher":"https:\/\/www.facebook.com\/derimmobilienmaklerberlin","article_modified_time":"2015-09-08T12:08:42+00:00","og_image":[{"width":640,"height":400,"url":"https:\/\/hihc.de\/wp-content\/uploads\/2023\/05\/Logo-HIHC.jpg","type":"image\/jpeg"}],"twitter_card":"summary_large_image","twitter_site":"@immobilieninfos","twitter_misc":{"Est. reading time":"2 minutes"},"schema":{"@context":"https:\/\/schema.org","@graph":[{"@type":"WebPage","@id":"https:\/\/hihc.de\/en\/real-estate-mallorca\/","url":"https:\/\/hihc.de\/en\/real-estate-mallorca\/","name":"Real Estate Mallorca | HIHC Real Estate Berlin","isPartOf":{"@id":"https:\/\/hihc.de\/en\/#website"},"datePublished":"2015-09-07T14:52:50+00:00","dateModified":"2015-09-08T12:08:42+00:00","description":"Real Estate Mallorca, HIHC Real Estate GmbH Berlin. We are fast so call us +49 30 330 999 30","breadcrumb":{"@id":"https:\/\/hihc.de\/en\/real-estate-mallorca\/#breadcrumb"},"inLanguage":"en-US","potentialAction":[{"@type":"ReadAction","target":["https:\/\/hihc.de\/en\/real-estate-mallorca\/"]}]},{"@type":"BreadcrumbList","@id":"https:\/\/hihc.de\/en\/real-estate-mallorca\/#breadcrumb","itemListElement":[{"@type":"ListItem","position":1,"name":"Startseite","item":"https:\/\/hihc.de\/en\/"},{"@type":"ListItem","position":2,"name":"Real Estate Mallorca"}]},{"@type":"WebSite","@id":"https:\/\/hihc.de\/en\/#website","url":"https:\/\/hihc.de\/en\/","name":"HIHC Immobilienmakler Berlin, Deutschland und Europa","description":"Just another WordPress site","publisher":{"@id":"https:\/\/hihc.de\/en\/#organization"},"alternateName":"HIHC","potentialAction":[{"@type":"SearchAction","target":{"@type":"EntryPoint","urlTemplate":"https:\/\/hihc.de\/en\/?s={search_term_string}"},"query-input":{"@type":"PropertyValueSpecification","valueRequired":true,"valueName":"search_term_string"}}],"inLanguage":"en-US"},{"@type":"Organization","@id":"https:\/\/hihc.de\/en\/#organization","name":"HIHC Horvat Real Estate GmbH","alternateName":"HIHC","url":"https:\/\/hihc.de\/en\/","logo":{"@type":"ImageObject","inLanguage":"en-US","@id":"https:\/\/hihc.de\/en\/#\/schema\/logo\/image\/","url":"https:\/\/hihc.de\/wp-content\/uploads\/2023\/05\/Logo-HIHC.jpg","contentUrl":"https:\/\/hihc.de\/wp-content\/uploads\/2023\/05\/Logo-HIHC.jpg","width":640,"height":400,"caption":"HIHC Horvat Real Estate GmbH"},"image":{"@id":"https:\/\/hihc.de\/en\/#\/schema\/logo\/image\/"},"sameAs":["https:\/\/www.facebook.com\/derimmobilienmaklerberlin","https:\/\/x.com\/immobilieninfos","https:\/\/mastodon.social\/@hihc","https:\/\/www.youtube.com\/user\/HIHCBERLIN","https:\/\/www.tiktok.com\/@immobilienmaklerberlin?lang=en","https:\/\/open.spotify.com\/show\/4XsnJYMYOHLg2SCshmV4Uj?si=oBla_h3VT5yLPBFIRJQofQ","https:\/\/www.instagram.com\/immobilienmaklerberlin24\/"],"description":"Ihr erfahrener Immobilienmakler f\u00fcr Wohn- und Gewerbeimmobilien in Berlin, Deutschland und Europa mit \u00fcber 30 Jahren Expertise! Wir vermitteln On-Market & Off-Market: Einfamilienh\u00e4user, Mehrfamilienh\u00e4user, Eigentumswohnungen, Reihenh\u00e4user, Doppelh\u00e4user, Stadth\u00e4user, Villen, Penthouses, Lofts, m\u00f6blierte & unm\u00f6blierte Apartments, Studentenwohnheime, Seniorenwohnheime, Ferienh\u00e4user, Grundst\u00fccke, Wochenendh\u00e4user, Bauernh\u00e4user, Bungalows, Tiny Houses, Schwimmende H\u00e4user (Hausboote), Schl\u00f6sser, Burgen, Kl\u00f6ster, B\u00fcrogeb\u00e4ude, Einzelhandelsfl\u00e4chen, Einkaufszentren, Gewerbehallen, Lagerhallen, Industrieparks, Gewerbeparks, Hotels, Pensionen, Motels, Restaurants, Caf\u00e9s, Bars\/Nachtclubs, Fitnessstudios, Arztpraxen, Kliniken, Pflegeheime, Zahnarztpraxen, Apotheken, Banken, Superm\u00e4rkte, Baum\u00e4rkte, Tankstellen, Kinos, Theater, Sporthallen\/Stadien, Parkh\u00e4user, Lagerfl\u00e4chen, Logistikzentren, Produktionsst\u00e4tten, Landwirtschaftliche Betriebe (z. B. Bauernh\u00f6fe, Weing\u00fcter). Auch bekannt aus: TikTok, YouTube, Facebook, Spotify","email":"info@hihc.de","telephone":"+493033099930","legalName":"HIHC Horvat Real Estate GmbH","vatID":"DE 272236709"}]}},"_links":{"self":[{"href":"https:\/\/hihc.de\/en\/wp-json\/wp\/v2\/pages\/1129","targetHints":{"allow":["GET"]}}],"collection":[{"href":"https:\/\/hihc.de\/en\/wp-json\/wp\/v2\/pages"}],"about":[{"href":"https:\/\/hihc.de\/en\/wp-json\/wp\/v2\/types\/page"}],"author":[{"embeddable":true,"href":"https:\/\/hihc.de\/en\/wp-json\/wp\/v2\/users\/1"}],"replies":[{"embeddable":true,"href":"https:\/\/hihc.de\/en\/wp-json\/wp\/v2\/comments?post=1129"}],"version-history":[{"count":2,"href":"https:\/\/hihc.de\/en\/wp-json\/wp\/v2\/pages\/1129\/revisions"}],"predecessor-version":[{"id":1177,"href":"https:\/\/hihc.de\/en\/wp-json\/wp\/v2\/pages\/1129\/revisions\/1177"}],"wp:attachment":[{"href":"https:\/\/hihc.de\/en\/wp-json\/wp\/v2\/media?parent=1129"}],"curies":[{"name":"wp","href":"https:\/\/api.w.org\/{rel}","templated":true}]}}